{"id":10470,"date":"2022-04-28T19:23:35","date_gmt":"2022-04-28T18:23:35","guid":{"rendered":"https:\/\/6s.rs\/bis\/about-us\/"},"modified":"2023-07-10T09:41:47","modified_gmt":"2023-07-10T08:41:47","slug":"o-nama","status":"publish","type":"page","link":"https:\/\/www.british-int-school.org.uk\/sr\/o-nama\/","title":{"rendered":"O nama"},"content":{"rendered":"<h2 class=\"unutrasnja_naslov levo\">AKREDITACIJA<\/h2>\n<p>British International School u Beogradu priznata je od strane <strong>Odseka za obrazovanje Velike Britanije<\/strong>, kao i <strong>Ministarstva prosvete, nauke i tehnolo\u0161kog razvoja Republike Srbije<\/strong>. Pored toga, BIS je redovni \u010dlan <strong>Evropskog saveta internacionalnih \u0161kola<\/strong> (<em>European Council of International Schools<\/em> &#8211; ECIS), kao i <strong>Saveta internacionalnih \u0161kola<\/strong> (<em>Council of International Schools<\/em> &#8211; CIS).<\/p>\n<p>British International School je operater Fonda za me\u0111unarodne nagrade vojvode od Edinburga.<\/p>\n<h2 class=\"unutrasnja_naslov levo\">ISTORIJAT<\/h2>\n<p>BIS je zapo\u010dela sa radom kao internacionalna gimnazija u Beogradu (<em>International High School Belgrade<\/em> &#8211; IHSB), koju su 1997. godine zajedno osnovali mr Aleksandra Keserovic\u0301, lokalni nastavnik i profesionalni vokalista, magistar muzikologije na Univerzitetu u Beogradu i pokojni dr D\u017eonatan Rajder iz Kalifornije. Kao prva internacionalna srednja \u0161kola u Srbiji na engleskom jeziku, BIS je omogu\u0107ila deci diplomatskih predstavnika, porodicama stranaca poslovnih ljudi, kao i srpskoj deci \u0161kolovanje na engleskom jeziku i time dala mogu\u0107nost da planiraju upis na univerzitete \u0161irom sveta.<\/p>\n<p>Tokom te\u0161kog politi\u010dkog perioda Srbije krajem devedesetih godina, IHSB je uspe\u0161no nastavila sa radom \u0161to je dovelo do ubrzanog razvoja kako su se ekonomska i politi\u010dka klima stabilizovale. Kao rezultat toga, \u0161kola je 2003. godine preseljena na novu lokaciju na kojoj je otvorena osnovna \u0161kolu, a naziv je promenjen je u <em>British International School<\/em> kako bi se istakao cilj i kvalitet obrazovanja koje pru\u017eamo.<\/p>\n<p>Do sada, BIS je promenila nekoliko kampusa. Danas je \u0161kola organizovana u \u010detiri kampusa \u2013 dva za osnovno i dva za srednje obrazovanje.<\/p>\n<h2 class=\"unutrasnja_naslov levo\">EMOCIONALNA I DRU\u0160TVENA PODR\u0160KA<\/h2>\n<p>Jedan od najva\u017enijih motiva koji svaki roditelj treba da zna kada bira obrazovnu ustanovu za svoje dete jeste kako institucija pru\u017ea emocionalnu i dru\u0161tvenu podr\u0161ku deci.\u00a0 Emocionalna i dru\u0161tvena podr\u0161ka odnosi se na stru\u010dnost svakog zaposlenog \u0161to sveobuhvatno ima za cilj da zadovolji potrebe svakog deteta. U British International School, ne samo da se potrebe u\u010denika ispunjavaju svakodnevno, ve\u0107\u0301 jesu i uvek \u0107e biti u centru pa\u017enje na\u0161e \u0161kole. To se posti\u017ee individualnim pristupom svakom u\u010deniku, svakog dana. Posve\u0107enost dobrobiti u\u010denika ostvaruje se kroz dobro planiranu organizaciju, tradiciju, iskustvo i predanost. Stvaranje prijateljske atmosfere i razvijanje ose\u0107aja prihva\u0107enosti me\u0111u vr\u0161njacima omogu\u0107ava na\u0161im u\u010denicima da izgrade samopo\u0161tovanje, te da komuniciraju slobodno i bez straha i re\u0161e svaku svoju eventualnu nesigurnost.<\/p>\n<h2 class=\"unutrasnja_naslov levo\">ZA\u0160TITA I BEZBEDNOST<\/h2>\n<p>Posve\u0107eni smo o\u010duvanju i unapre\u0111enju dobrobiti, zdravlja (uklju\u010duju\u0107i mentalno zdravlje) i bezbednosti na\u0161ih u\u010denika stvaranjem i odr\u017eavanjem atmosfere otvorenosti, bezbednosti, brige i podr\u0161ke.<\/p>\n<p>Na\u0161a tri osnovna cilja odnose se na spre\u010davanje \u0161tete, na za\u0161titu u\u010denika od \u0161tete; i na podr\u0161ku u\u010denika i zaposlenih kada do\u0111e do nezgode u oblasti za\u0161tite i bezbednosti u\u010denika.<\/p>\n<p>\u0160kola ostvaruje te ciljeve pru\u017eanjem odli\u010dne emocionalne i dru\u0161tvene podr\u0161ke, te negovanjem optimizma i pozitivne \u0161kolske atmosfere gde se u\u010denici ose\u0107aju bezbedno i ohrabruju se da govore. U\u010denici se podsti\u010du da sa odre\u0111enom osobom kojoj veruju (bilo da je to neko od zaposlenih ili njihov vr\u0161njak) razgovaraju o svim pitanjima koja ih eventualno brinu. U\u010denici se tako\u0111e\u00a0 upu\u0107uju na konkretne osobe kojima mogu da saop\u0161te svoje probleme. Pored toga, mi u BIS-u negujemo kulturu budnosti, otvorenosti, poverenja i transparentnosti gde se svaka sumnja u vezi sa pona\u0161anjem zaposlenih, posetilaca i ostalih odraslih u \u0161koli mo\u017ee saop\u0161titi i re\u0161iti na odgovaraju\u0107i i delikatan na\u010din.<\/p>\n<h2 class=\"unutrasnja_naslov levo\">KOMUNIKACIJA<\/h2>\n<p>Smatramo da je va\u017enost jasne komunikacije jedan od najve\u0107ih prioriteta BIS-a. Radimo na razvijanju bliske saradnje sa roditeljima\/starateljima na\u0161ih u\u010denika, pru\u017eaju\u0107i sve va\u017ene informacije u svakom trenutku. Na sajtu BIS \u0161kole mo\u017eete se informisati o na\u0161im prostorijama, dostignu\u0107ima, doga\u0111ajima i proslavama. Tako\u0111e, omogu\u0107eno je da direktno kontaktirate \u0160kolsku kancelariju BIS-a gde \u0107e se na\u0161i zaposleni postarati \u00a0da dobijete sve potrebne informacije o tome kako je va\u0161e dete provelo dan u \u0161koli, o doma\u0107im zadacima, ru\u010dku, ekskurzijama, pla\u0107anjima itd. \u0160kolska kancelarija je otvorena svakog dana od ponedeljka do petka, uklju\u010duju\u0107i praznike.<\/p>\n<p>Podsti\u010demo roditelje\/staratelje na\u0161ih u\u010denika da aktivno u\u010destvuju u Udru\u017eenju roditelja, nastavnika i prijatelja (<em>Parent, Teacher, Friends Association &#8211; <\/em>PTF). Jedna od uloga PTF-a je da organizuje doga\u0111aje radi prikupljanja sredstava u dobrotvorne svrhe. Zajedno sa nastavnicima i direktorom, PTF , tako\u0111e, razmatra ideje za unapre\u0111enje \u0161kole i mo\u017ee se uklju\u010diti u re\u0161avanje akademskih i disciplinskih pitanja koja se ti\u010du u\u010denika, ukoliko je potrebno. Pored toga, kod nas postoji i Savet u\u010denika osnovnih i srednjih \u0161kola, \u010diji su predsednici i \u010dlanovi najistaknutiji u\u010denici \u0161kole. Time se obezbe\u0111uje da se glas u\u010denika \u010duje i prepozna u svakom momentu. Svako odeljenje bira svog odeljenskog predstavnika koji \u0107e ih zastupati na sednicama Saveta u\u010denika. Savet u\u010denika poma\u017ee da se organizuju doga\u0111aji u dobrotvorne svrhe, uklju\u010duju\u0107i godi\u0161nji humanitarni bazar BIS-a. Oni tako\u0111e poma\u017eu u organizaciji godi\u0161njeg studijskog putovanja i dru\u0161tvenih doga\u0111aja kao \u0161to su studentske zabave. Savete u\u010denika postoji u osnovnoj i srednjoj \u0161koli.<\/p>\n<p>BIS ima \u0161kolske blogove koje ure\u0111uju razredne stare\u0161ine. Blogovi omogu\u0107avaju roditeljima\/starateljima da prate aktivnosti tokom procesa u\u010denja deteta, kao i vannastavne aktivnosti.<\/p>\n","protected":false},"excerpt":{"rendered":"<p>AKREDITACIJA British International School u Beogradu priznata je od strane Odseka za obrazovanje Velike Britanije, kao i Ministarstva prosvete, nauke [&hellip;]<\/p>\n","protected":false},"author":11,"featured_media":10430,"parent":0,"menu_order":0,"comment_status":"closed","ping_status":"closed","template":"","meta":{"footnotes":""},"class_list":["post-10470","page","type-page","status-publish","has-post-thumbnail","hentry"],"yoast_head":"<!-- This site is optimized with the Yoast SEO plugin v27.4 - https:\/\/yoast.com\/product\/yoast-seo-wordpress\/ -->\n<title>O nama | British International School<\/title>\n<meta name=\"robots\" content=\"index, follow, max-snippet:-1, max-image-preview:large, max-video-preview:-1\" \/>\n<link rel=\"canonical\" href=\"https:\/\/www.british-int-school.org.uk\/sr\/o-nama\/\" \/>\n<meta property=\"og:locale\" content=\"sr_RS\" \/>\n<meta property=\"og:type\" content=\"article\" \/>\n<meta property=\"og:title\" content=\"O nama | British International School\" \/>\n<meta property=\"og:description\" content=\"AKREDITACIJA British International School u Beogradu priznata je od strane Odseka za obrazovanje Velike Britanije, kao i Ministarstva prosvete, nauke [&hellip;]\" \/>\n<meta property=\"og:url\" content=\"https:\/\/www.british-int-school.org.uk\/sr\/o-nama\/\" \/>\n<meta property=\"og:site_name\" content=\"British International School\" \/>\n<meta property=\"article:modified_time\" content=\"2023-07-10T08:41:47+00:00\" \/>\n<meta property=\"og:image\" content=\"https:\/\/www.british-int-school.org.uk\/wp-content\/uploads\/2022\/04\/about-us.jpg\" \/>\n\t<meta property=\"og:image:width\" content=\"1920\" \/>\n\t<meta property=\"og:image:height\" content=\"700\" \/>\n\t<meta property=\"og:image:type\" content=\"image\/jpeg\" \/>\n<meta name=\"twitter:card\" content=\"summary_large_image\" \/>\n<meta name=\"twitter:label1\" content=\"Procenjeno vreme \u010ditanja\" \/>\n\t<meta name=\"twitter:data1\" content=\"4 minuta\" \/>\n<script type=\"application\/ld+json\" class=\"yoast-schema-graph\">{\"@context\":\"https:\\\/\\\/schema.org\",\"@graph\":[{\"@type\":\"WebPage\",\"@id\":\"https:\\\/\\\/www.british-int-school.org.uk\\\/sr\\\/o-nama\\\/\",\"url\":\"https:\\\/\\\/www.british-int-school.org.uk\\\/sr\\\/o-nama\\\/\",\"name\":\"O nama | British International School\",\"isPartOf\":{\"@id\":\"https:\\\/\\\/www.british-int-school.org.uk\\\/#website\"},\"primaryImageOfPage\":{\"@id\":\"https:\\\/\\\/www.british-int-school.org.uk\\\/sr\\\/o-nama\\\/#primaryimage\"},\"image\":{\"@id\":\"https:\\\/\\\/www.british-int-school.org.uk\\\/sr\\\/o-nama\\\/#primaryimage\"},\"thumbnailUrl\":\"https:\\\/\\\/www.british-int-school.org.uk\\\/wp-content\\\/uploads\\\/2022\\\/04\\\/about-us.jpg\",\"datePublished\":\"2022-04-28T18:23:35+00:00\",\"dateModified\":\"2023-07-10T08:41:47+00:00\",\"breadcrumb\":{\"@id\":\"https:\\\/\\\/www.british-int-school.org.uk\\\/sr\\\/o-nama\\\/#breadcrumb\"},\"inLanguage\":\"sr-RS\",\"potentialAction\":[{\"@type\":\"ReadAction\",\"target\":[\"https:\\\/\\\/www.british-int-school.org.uk\\\/sr\\\/o-nama\\\/\"]}]},{\"@type\":\"ImageObject\",\"inLanguage\":\"sr-RS\",\"@id\":\"https:\\\/\\\/www.british-int-school.org.uk\\\/sr\\\/o-nama\\\/#primaryimage\",\"url\":\"https:\\\/\\\/www.british-int-school.org.uk\\\/wp-content\\\/uploads\\\/2022\\\/04\\\/about-us.jpg\",\"contentUrl\":\"https:\\\/\\\/www.british-int-school.org.uk\\\/wp-content\\\/uploads\\\/2022\\\/04\\\/about-us.jpg\",\"width\":1920,\"height\":700,\"caption\":\"BIS - about-us\"},{\"@type\":\"BreadcrumbList\",\"@id\":\"https:\\\/\\\/www.british-int-school.org.uk\\\/sr\\\/o-nama\\\/#breadcrumb\",\"itemListElement\":[{\"@type\":\"ListItem\",\"position\":1,\"name\":\"Home\",\"item\":\"https:\\\/\\\/www.british-int-school.org.uk\\\/sr\\\/\"},{\"@type\":\"ListItem\",\"position\":2,\"name\":\"O nama\"}]},{\"@type\":\"WebSite\",\"@id\":\"https:\\\/\\\/www.british-int-school.org.uk\\\/#website\",\"url\":\"https:\\\/\\\/www.british-int-school.org.uk\\\/\",\"name\":\"British International School\",\"description\":\"\",\"publisher\":{\"@id\":\"https:\\\/\\\/www.british-int-school.org.uk\\\/#organization\"},\"potentialAction\":[{\"@type\":\"SearchAction\",\"target\":{\"@type\":\"EntryPoint\",\"urlTemplate\":\"https:\\\/\\\/www.british-int-school.org.uk\\\/?s={search_term_string}\"},\"query-input\":{\"@type\":\"PropertyValueSpecification\",\"valueRequired\":true,\"valueName\":\"search_term_string\"}}],\"inLanguage\":\"sr-RS\"},{\"@type\":\"Organization\",\"@id\":\"https:\\\/\\\/www.british-int-school.org.uk\\\/#organization\",\"name\":\"British International School\",\"url\":\"https:\\\/\\\/www.british-int-school.org.uk\\\/\",\"logo\":{\"@type\":\"ImageObject\",\"inLanguage\":\"sr-RS\",\"@id\":\"https:\\\/\\\/www.british-int-school.org.uk\\\/#\\\/schema\\\/logo\\\/image\\\/\",\"url\":\"https:\\\/\\\/www.british-int-school.org.uk\\\/wp-content\\\/uploads\\\/2017\\\/09\\\/Logo-BIS-150.jpg\",\"contentUrl\":\"https:\\\/\\\/www.british-int-school.org.uk\\\/wp-content\\\/uploads\\\/2017\\\/09\\\/Logo-BIS-150.jpg\",\"width\":150,\"height\":150,\"caption\":\"British International School\"},\"image\":{\"@id\":\"https:\\\/\\\/www.british-int-school.org.uk\\\/#\\\/schema\\\/logo\\\/image\\\/\"}}]}<\/script>\n<!-- \/ Yoast SEO plugin. -->","yoast_head_json":{"title":"O nama | British International School","robots":{"index":"index","follow":"follow","max-snippet":"max-snippet:-1","max-image-preview":"max-image-preview:large","max-video-preview":"max-video-preview:-1"},"canonical":"https:\/\/www.british-int-school.org.uk\/sr\/o-nama\/","og_locale":"sr_RS","og_type":"article","og_title":"O nama | British International School","og_description":"AKREDITACIJA British International School u Beogradu priznata je od strane Odseka za obrazovanje Velike Britanije, kao i Ministarstva prosvete, nauke [&hellip;]","og_url":"https:\/\/www.british-int-school.org.uk\/sr\/o-nama\/","og_site_name":"British International School","article_modified_time":"2023-07-10T08:41:47+00:00","og_image":[{"width":1920,"height":700,"url":"https:\/\/www.british-int-school.org.uk\/wp-content\/uploads\/2022\/04\/about-us.jpg","type":"image\/jpeg"}],"twitter_card":"summary_large_image","twitter_misc":{"Procenjeno vreme \u010ditanja":"4 minuta"},"schema":{"@context":"https:\/\/schema.org","@graph":[{"@type":"WebPage","@id":"https:\/\/www.british-int-school.org.uk\/sr\/o-nama\/","url":"https:\/\/www.british-int-school.org.uk\/sr\/o-nama\/","name":"O nama | British International School","isPartOf":{"@id":"https:\/\/www.british-int-school.org.uk\/#website"},"primaryImageOfPage":{"@id":"https:\/\/www.british-int-school.org.uk\/sr\/o-nama\/#primaryimage"},"image":{"@id":"https:\/\/www.british-int-school.org.uk\/sr\/o-nama\/#primaryimage"},"thumbnailUrl":"https:\/\/www.british-int-school.org.uk\/wp-content\/uploads\/2022\/04\/about-us.jpg","datePublished":"2022-04-28T18:23:35+00:00","dateModified":"2023-07-10T08:41:47+00:00","breadcrumb":{"@id":"https:\/\/www.british-int-school.org.uk\/sr\/o-nama\/#breadcrumb"},"inLanguage":"sr-RS","potentialAction":[{"@type":"ReadAction","target":["https:\/\/www.british-int-school.org.uk\/sr\/o-nama\/"]}]},{"@type":"ImageObject","inLanguage":"sr-RS","@id":"https:\/\/www.british-int-school.org.uk\/sr\/o-nama\/#primaryimage","url":"https:\/\/www.british-int-school.org.uk\/wp-content\/uploads\/2022\/04\/about-us.jpg","contentUrl":"https:\/\/www.british-int-school.org.uk\/wp-content\/uploads\/2022\/04\/about-us.jpg","width":1920,"height":700,"caption":"BIS - about-us"},{"@type":"BreadcrumbList","@id":"https:\/\/www.british-int-school.org.uk\/sr\/o-nama\/#breadcrumb","itemListElement":[{"@type":"ListItem","position":1,"name":"Home","item":"https:\/\/www.british-int-school.org.uk\/sr\/"},{"@type":"ListItem","position":2,"name":"O nama"}]},{"@type":"WebSite","@id":"https:\/\/www.british-int-school.org.uk\/#website","url":"https:\/\/www.british-int-school.org.uk\/","name":"British International School","description":"","publisher":{"@id":"https:\/\/www.british-int-school.org.uk\/#organization"},"potentialAction":[{"@type":"SearchAction","target":{"@type":"EntryPoint","urlTemplate":"https:\/\/www.british-int-school.org.uk\/?s={search_term_string}"},"query-input":{"@type":"PropertyValueSpecification","valueRequired":true,"valueName":"search_term_string"}}],"inLanguage":"sr-RS"},{"@type":"Organization","@id":"https:\/\/www.british-int-school.org.uk\/#organization","name":"British International School","url":"https:\/\/www.british-int-school.org.uk\/","logo":{"@type":"ImageObject","inLanguage":"sr-RS","@id":"https:\/\/www.british-int-school.org.uk\/#\/schema\/logo\/image\/","url":"https:\/\/www.british-int-school.org.uk\/wp-content\/uploads\/2017\/09\/Logo-BIS-150.jpg","contentUrl":"https:\/\/www.british-int-school.org.uk\/wp-content\/uploads\/2017\/09\/Logo-BIS-150.jpg","width":150,"height":150,"caption":"British International School"},"image":{"@id":"https:\/\/www.british-int-school.org.uk\/#\/schema\/logo\/image\/"}}]}},"_links":{"self":[{"href":"https:\/\/www.british-int-school.org.uk\/sr\/wp-json\/wp\/v2\/pages\/10470","targetHints":{"allow":["GET"]}}],"collection":[{"href":"https:\/\/www.british-int-school.org.uk\/sr\/wp-json\/wp\/v2\/pages"}],"about":[{"href":"https:\/\/www.british-int-school.org.uk\/sr\/wp-json\/wp\/v2\/types\/page"}],"author":[{"embeddable":true,"href":"https:\/\/www.british-int-school.org.uk\/sr\/wp-json\/wp\/v2\/users\/11"}],"replies":[{"embeddable":true,"href":"https:\/\/www.british-int-school.org.uk\/sr\/wp-json\/wp\/v2\/comments?post=10470"}],"version-history":[{"count":0,"href":"https:\/\/www.british-int-school.org.uk\/sr\/wp-json\/wp\/v2\/pages\/10470\/revisions"}],"wp:featuredmedia":[{"embeddable":true,"href":"https:\/\/www.british-int-school.org.uk\/sr\/wp-json\/wp\/v2\/media\/10430"}],"wp:attachment":[{"href":"https:\/\/www.british-int-school.org.uk\/sr\/wp-json\/wp\/v2\/media?parent=10470"}],"curies":[{"name":"wp","href":"https:\/\/api.w.org\/{rel}","templated":true}]}}