{"id":10474,"date":"2022-04-28T19:28:55","date_gmt":"2022-04-28T18:28:55","guid":{"rendered":"https:\/\/6s.rs\/bis\/?page_id=10474"},"modified":"2022-06-01T01:00:40","modified_gmt":"2022-06-01T00:00:40","slug":"rec-dobrodoslice","status":"publish","type":"page","link":"https:\/\/www.british-int-school.org.uk\/sr\/o-nama\/rec-dobrodoslice\/","title":{"rendered":"Re\u010d dobrodo\u0161lice"},"content":{"rendered":"<p>\u017delim Vam dobrodo\u0161licu u British International School u Beogradu. Osnovana 1997. godine, British International School u Beogradu uspe\u0161no je odr\u017eala svoju viziju da pru\u017ei visoko kvalitetno obrazovanje u\u010denicima svih nacionalnosti, uz uva\u017eavanje etni\u010dkih i kulturolo\u0161kih razlika ve\u0107 vi\u0161e od dve decenije.<\/p>\n<p><img decoding=\"async\" class=\"principal-photo\" src=\"https:\/\/www.british-int-school.org.uk\/wp-content\/uploads\/2022\/04\/bis-aleksandra-keserovic.jpg\" alt=\"Aleksandra Keserovi\u0107 | British International School\" \/><\/p>\n<p>Okru\u017eenje koje pru\u017ea podr\u0161ku i stimuli\u0161e prilago\u0111eno potrebama porodice, podsti\u010du\u0107i svakog u\u010denika da da sve od sebe predstavlja neophodnost i najbolje je ulaganje u budu\u0107nost va\u0161eg deteta. Da bi postigla li\u010dni i profesionalan uspeh u \u017eivotu, mlada osoba najpre mora da izgradi jak i sna\u017ean temelj u vidu znanja, samouverenosti, socijalnih ve\u0161tina i emocionalne inteligencije. Britanska internacionalna \u0161kola u Beogradu nastoji da razvije te kvalitete kod svojih u\u010denika.<\/p>\n<p>U akademskom smislu, nudimo veliki broj mogu\u0107nosti za razvoj na\u0161ih u\u010denika. Nastavni plan i program koji primenjujemo zasniva se na britanskom sistemu tokom svih \u010detrnaest godina primarnog i sekundarnog obrazovanja, sa Kembrid\u017e ispitima za proveru znanja (engl. <em>Cambridge Checkpoint examinations<\/em>) u \u0161estoj i devetoj godini, <em>IGCSE<\/em> ispitima u jedanaestoj godini i ispitima AS\/A nivoa u 12. i 13. razredu. U\u010denicima nudimo i mogu\u0107nost poha\u0111anja programa za dobijanje diplome ameri\u010dke gimnazije (engl. <em>American High School Diploma<\/em>) u poslednje dve godine njihovog srednjo\u0161kolskog obrazovanja.<\/p>\n<p>Verujemo u sna\u017eno partnerstvo izme\u0111u \u0161kole i roditelja\/staratelja na\u0161ih u\u010denika. Povratne informacije koje dobijemo od zajednice na\u0161ih roditelja su neprocenjive za nas i uvek podsti\u010demo kontinuiranu komunikaciju kroz roditeljska pitanja, razmenu ideja ili briga. Tako\u0111e ohrabrujemo na\u0161e roditelje\/staratelje da aktivno u\u010destvuju u dobrotvornim doga\u0111ajima koje organizuje \u0161kola.<\/p>\n<p>Veoma sam uzbu\u0111ena \u0161to sam direktorka ove izvanredne \u0161kole sa vizijom da uvek slu\u017ei\u00a0 potrebama svojih u\u010denika na najbolji mogu\u0107i na\u010din, te da pru\u017ei akademsku, moralnu, emocionalnu i socijalnu podr\u0161ku i tako oblikuje na\u0161e u\u010denike u zrele i dobro prilago\u0111ene mlade ljude koji \u0107e biti samouvereni i pripremljeni da daju pozitivan doprinos dru\u0161tvu u budu\u0107nosti.<\/p>\n<p>Pridru\u017eite nam se i postanite deo uzbudljivog i vrednog putovanja kroz obrazovanje va\u0161eg deteta. Ako \u017eelite dodatne informacije o BIS-u, molim vas da me slobodno kontaktirate.<\/p>\n<p><strong>Aleksandra Keserovic MA<\/strong><br \/>\nDirector of Education<\/p>\n","protected":false},"excerpt":{"rendered":"<p>\u017delim Vam dobrodo\u0161licu u British International School u Beogradu. Osnovana 1997. godine, British International School u Beogradu uspe\u0161no je odr\u017eala [&hellip;]<\/p>\n","protected":false},"author":11,"featured_media":10431,"parent":10470,"menu_order":2,"comment_status":"closed","ping_status":"closed","template":"","meta":{"footnotes":""},"class_list":["post-10474","page","type-page","status-publish","has-post-thumbnail","hentry"],"yoast_head":"<!-- This site is optimized with the Yoast SEO plugin v27.4 - https:\/\/yoast.com\/product\/yoast-seo-wordpress\/ -->\n<title>Re\u010d dobrodo\u0161lice | British International School<\/title>\n<meta name=\"robots\" content=\"index, follow, max-snippet:-1, max-image-preview:large, max-video-preview:-1\" \/>\n<link rel=\"canonical\" href=\"https:\/\/www.british-int-school.org.uk\/sr\/o-nama\/rec-dobrodoslice\/\" \/>\n<meta property=\"og:locale\" content=\"sr_RS\" \/>\n<meta property=\"og:type\" content=\"article\" \/>\n<meta property=\"og:title\" content=\"Re\u010d dobrodo\u0161lice | British International School\" \/>\n<meta property=\"og:description\" content=\"\u017delim Vam dobrodo\u0161licu u British International School u Beogradu. Osnovana 1997. godine, British International School u Beogradu uspe\u0161no je odr\u017eala [&hellip;]\" \/>\n<meta property=\"og:url\" content=\"https:\/\/www.british-int-school.org.uk\/sr\/o-nama\/rec-dobrodoslice\/\" \/>\n<meta property=\"og:site_name\" content=\"British International School\" \/>\n<meta property=\"article:modified_time\" content=\"2022-06-01T00:00:40+00:00\" \/>\n<meta property=\"og:image\" content=\"https:\/\/www.british-int-school.org.uk\/wp-content\/uploads\/2022\/04\/Director-of-educations-welcome.jpg\" \/>\n\t<meta property=\"og:image:width\" content=\"1920\" \/>\n\t<meta property=\"og:image:height\" content=\"700\" \/>\n\t<meta property=\"og:image:type\" content=\"image\/jpeg\" \/>\n<meta name=\"twitter:card\" content=\"summary_large_image\" \/>\n<meta name=\"twitter:label1\" content=\"Procenjeno vreme \u010ditanja\" \/>\n\t<meta name=\"twitter:data1\" content=\"2 minuta\" \/>\n<script type=\"application\/ld+json\" class=\"yoast-schema-graph\">{\"@context\":\"https:\\\/\\\/schema.org\",\"@graph\":[{\"@type\":\"WebPage\",\"@id\":\"https:\\\/\\\/www.british-int-school.org.uk\\\/sr\\\/o-nama\\\/rec-dobrodoslice\\\/\",\"url\":\"https:\\\/\\\/www.british-int-school.org.uk\\\/sr\\\/o-nama\\\/rec-dobrodoslice\\\/\",\"name\":\"Re\u010d dobrodo\u0161lice | British International School\",\"isPartOf\":{\"@id\":\"https:\\\/\\\/www.british-int-school.org.uk\\\/#website\"},\"primaryImageOfPage\":{\"@id\":\"https:\\\/\\\/www.british-int-school.org.uk\\\/sr\\\/o-nama\\\/rec-dobrodoslice\\\/#primaryimage\"},\"image\":{\"@id\":\"https:\\\/\\\/www.british-int-school.org.uk\\\/sr\\\/o-nama\\\/rec-dobrodoslice\\\/#primaryimage\"},\"thumbnailUrl\":\"https:\\\/\\\/www.british-int-school.org.uk\\\/wp-content\\\/uploads\\\/2022\\\/04\\\/Director-of-educations-welcome.jpg\",\"datePublished\":\"2022-04-28T18:28:55+00:00\",\"dateModified\":\"2022-06-01T00:00:40+00:00\",\"breadcrumb\":{\"@id\":\"https:\\\/\\\/www.british-int-school.org.uk\\\/sr\\\/o-nama\\\/rec-dobrodoslice\\\/#breadcrumb\"},\"inLanguage\":\"sr-RS\",\"potentialAction\":[{\"@type\":\"ReadAction\",\"target\":[\"https:\\\/\\\/www.british-int-school.org.uk\\\/sr\\\/o-nama\\\/rec-dobrodoslice\\\/\"]}]},{\"@type\":\"ImageObject\",\"inLanguage\":\"sr-RS\",\"@id\":\"https:\\\/\\\/www.british-int-school.org.uk\\\/sr\\\/o-nama\\\/rec-dobrodoslice\\\/#primaryimage\",\"url\":\"https:\\\/\\\/www.british-int-school.org.uk\\\/wp-content\\\/uploads\\\/2022\\\/04\\\/Director-of-educations-welcome.jpg\",\"contentUrl\":\"https:\\\/\\\/www.british-int-school.org.uk\\\/wp-content\\\/uploads\\\/2022\\\/04\\\/Director-of-educations-welcome.jpg\",\"width\":1920,\"height\":700,\"caption\":\"Director of education\u2019s welcome\"},{\"@type\":\"BreadcrumbList\",\"@id\":\"https:\\\/\\\/www.british-int-school.org.uk\\\/sr\\\/o-nama\\\/rec-dobrodoslice\\\/#breadcrumb\",\"itemListElement\":[{\"@type\":\"ListItem\",\"position\":1,\"name\":\"Home\",\"item\":\"https:\\\/\\\/www.british-int-school.org.uk\\\/sr\\\/\"},{\"@type\":\"ListItem\",\"position\":2,\"name\":\"O nama\",\"item\":\"https:\\\/\\\/www.british-int-school.org.uk\\\/sr\\\/o-nama\\\/\"},{\"@type\":\"ListItem\",\"position\":3,\"name\":\"Re\u010d dobrodo\u0161lice\"}]},{\"@type\":\"WebSite\",\"@id\":\"https:\\\/\\\/www.british-int-school.org.uk\\\/#website\",\"url\":\"https:\\\/\\\/www.british-int-school.org.uk\\\/\",\"name\":\"British International School\",\"description\":\"\",\"publisher\":{\"@id\":\"https:\\\/\\\/www.british-int-school.org.uk\\\/#organization\"},\"potentialAction\":[{\"@type\":\"SearchAction\",\"target\":{\"@type\":\"EntryPoint\",\"urlTemplate\":\"https:\\\/\\\/www.british-int-school.org.uk\\\/?s={search_term_string}\"},\"query-input\":{\"@type\":\"PropertyValueSpecification\",\"valueRequired\":true,\"valueName\":\"search_term_string\"}}],\"inLanguage\":\"sr-RS\"},{\"@type\":\"Organization\",\"@id\":\"https:\\\/\\\/www.british-int-school.org.uk\\\/#organization\",\"name\":\"British International School\",\"url\":\"https:\\\/\\\/www.british-int-school.org.uk\\\/\",\"logo\":{\"@type\":\"ImageObject\",\"inLanguage\":\"sr-RS\",\"@id\":\"https:\\\/\\\/www.british-int-school.org.uk\\\/#\\\/schema\\\/logo\\\/image\\\/\",\"url\":\"https:\\\/\\\/www.british-int-school.org.uk\\\/wp-content\\\/uploads\\\/2017\\\/09\\\/Logo-BIS-150.jpg\",\"contentUrl\":\"https:\\\/\\\/www.british-int-school.org.uk\\\/wp-content\\\/uploads\\\/2017\\\/09\\\/Logo-BIS-150.jpg\",\"width\":150,\"height\":150,\"caption\":\"British International School\"},\"image\":{\"@id\":\"https:\\\/\\\/www.british-int-school.org.uk\\\/#\\\/schema\\\/logo\\\/image\\\/\"}}]}<\/script>\n<!-- \/ Yoast SEO plugin. -->","yoast_head_json":{"title":"Re\u010d dobrodo\u0161lice | British International School","robots":{"index":"index","follow":"follow","max-snippet":"max-snippet:-1","max-image-preview":"max-image-preview:large","max-video-preview":"max-video-preview:-1"},"canonical":"https:\/\/www.british-int-school.org.uk\/sr\/o-nama\/rec-dobrodoslice\/","og_locale":"sr_RS","og_type":"article","og_title":"Re\u010d dobrodo\u0161lice | British International School","og_description":"\u017delim Vam dobrodo\u0161licu u British International School u Beogradu. Osnovana 1997. godine, British International School u Beogradu uspe\u0161no je odr\u017eala [&hellip;]","og_url":"https:\/\/www.british-int-school.org.uk\/sr\/o-nama\/rec-dobrodoslice\/","og_site_name":"British International School","article_modified_time":"2022-06-01T00:00:40+00:00","og_image":[{"width":1920,"height":700,"url":"https:\/\/www.british-int-school.org.uk\/wp-content\/uploads\/2022\/04\/Director-of-educations-welcome.jpg","type":"image\/jpeg"}],"twitter_card":"summary_large_image","twitter_misc":{"Procenjeno vreme \u010ditanja":"2 minuta"},"schema":{"@context":"https:\/\/schema.org","@graph":[{"@type":"WebPage","@id":"https:\/\/www.british-int-school.org.uk\/sr\/o-nama\/rec-dobrodoslice\/","url":"https:\/\/www.british-int-school.org.uk\/sr\/o-nama\/rec-dobrodoslice\/","name":"Re\u010d dobrodo\u0161lice | British International School","isPartOf":{"@id":"https:\/\/www.british-int-school.org.uk\/#website"},"primaryImageOfPage":{"@id":"https:\/\/www.british-int-school.org.uk\/sr\/o-nama\/rec-dobrodoslice\/#primaryimage"},"image":{"@id":"https:\/\/www.british-int-school.org.uk\/sr\/o-nama\/rec-dobrodoslice\/#primaryimage"},"thumbnailUrl":"https:\/\/www.british-int-school.org.uk\/wp-content\/uploads\/2022\/04\/Director-of-educations-welcome.jpg","datePublished":"2022-04-28T18:28:55+00:00","dateModified":"2022-06-01T00:00:40+00:00","breadcrumb":{"@id":"https:\/\/www.british-int-school.org.uk\/sr\/o-nama\/rec-dobrodoslice\/#breadcrumb"},"inLanguage":"sr-RS","potentialAction":[{"@type":"ReadAction","target":["https:\/\/www.british-int-school.org.uk\/sr\/o-nama\/rec-dobrodoslice\/"]}]},{"@type":"ImageObject","inLanguage":"sr-RS","@id":"https:\/\/www.british-int-school.org.uk\/sr\/o-nama\/rec-dobrodoslice\/#primaryimage","url":"https:\/\/www.british-int-school.org.uk\/wp-content\/uploads\/2022\/04\/Director-of-educations-welcome.jpg","contentUrl":"https:\/\/www.british-int-school.org.uk\/wp-content\/uploads\/2022\/04\/Director-of-educations-welcome.jpg","width":1920,"height":700,"caption":"Director of education\u2019s welcome"},{"@type":"BreadcrumbList","@id":"https:\/\/www.british-int-school.org.uk\/sr\/o-nama\/rec-dobrodoslice\/#breadcrumb","itemListElement":[{"@type":"ListItem","position":1,"name":"Home","item":"https:\/\/www.british-int-school.org.uk\/sr\/"},{"@type":"ListItem","position":2,"name":"O nama","item":"https:\/\/www.british-int-school.org.uk\/sr\/o-nama\/"},{"@type":"ListItem","position":3,"name":"Re\u010d dobrodo\u0161lice"}]},{"@type":"WebSite","@id":"https:\/\/www.british-int-school.org.uk\/#website","url":"https:\/\/www.british-int-school.org.uk\/","name":"British International School","description":"","publisher":{"@id":"https:\/\/www.british-int-school.org.uk\/#organization"},"potentialAction":[{"@type":"SearchAction","target":{"@type":"EntryPoint","urlTemplate":"https:\/\/www.british-int-school.org.uk\/?s={search_term_string}"},"query-input":{"@type":"PropertyValueSpecification","valueRequired":true,"valueName":"search_term_string"}}],"inLanguage":"sr-RS"},{"@type":"Organization","@id":"https:\/\/www.british-int-school.org.uk\/#organization","name":"British International School","url":"https:\/\/www.british-int-school.org.uk\/","logo":{"@type":"ImageObject","inLanguage":"sr-RS","@id":"https:\/\/www.british-int-school.org.uk\/#\/schema\/logo\/image\/","url":"https:\/\/www.british-int-school.org.uk\/wp-content\/uploads\/2017\/09\/Logo-BIS-150.jpg","contentUrl":"https:\/\/www.british-int-school.org.uk\/wp-content\/uploads\/2017\/09\/Logo-BIS-150.jpg","width":150,"height":150,"caption":"British International School"},"image":{"@id":"https:\/\/www.british-int-school.org.uk\/#\/schema\/logo\/image\/"}}]}},"_links":{"self":[{"href":"https:\/\/www.british-int-school.org.uk\/sr\/wp-json\/wp\/v2\/pages\/10474","targetHints":{"allow":["GET"]}}],"collection":[{"href":"https:\/\/www.british-int-school.org.uk\/sr\/wp-json\/wp\/v2\/pages"}],"about":[{"href":"https:\/\/www.british-int-school.org.uk\/sr\/wp-json\/wp\/v2\/types\/page"}],"author":[{"embeddable":true,"href":"https:\/\/www.british-int-school.org.uk\/sr\/wp-json\/wp\/v2\/users\/11"}],"replies":[{"embeddable":true,"href":"https:\/\/www.british-int-school.org.uk\/sr\/wp-json\/wp\/v2\/comments?post=10474"}],"version-history":[{"count":0,"href":"https:\/\/www.british-int-school.org.uk\/sr\/wp-json\/wp\/v2\/pages\/10474\/revisions"}],"up":[{"embeddable":true,"href":"https:\/\/www.british-int-school.org.uk\/sr\/wp-json\/wp\/v2\/pages\/10470"}],"wp:featuredmedia":[{"embeddable":true,"href":"https:\/\/www.british-int-school.org.uk\/sr\/wp-json\/wp\/v2\/media\/10431"}],"wp:attachment":[{"href":"https:\/\/www.british-int-school.org.uk\/sr\/wp-json\/wp\/v2\/media?parent=10474"}],"curies":[{"name":"wp","href":"https:\/\/api.w.org\/{rel}","templated":true}]}}