{"id":10479,"date":"2022-04-28T20:04:29","date_gmt":"2022-04-28T19:04:29","guid":{"rendered":"https:\/\/6s.rs\/bis\/o-nama\/cambridge-programme\/"},"modified":"2022-06-01T01:00:53","modified_gmt":"2022-06-01T00:00:53","slug":"kembridz-program","status":"publish","type":"page","link":"https:\/\/www.british-int-school.org.uk\/sr\/o-nama\/kembridz-program\/","title":{"rendered":"Kembrid\u017e program"},"content":{"rendered":"<h2 class=\"unutrasnja_naslov levo\">DESET RAZLOGA DA IZABERETE KEMBRID\u017d PROGRAM<\/h2>\n<p>Pripremamo u\u010denike za \u017eivot, poma\u017euc\u0301i im da razviju radoznalost i neprekidnu strast za u\u010denjem. Mi smo sastavni deo Univerziteta u Kembrid\u017eu.<\/p>\n<ol>\n<li>Kembrid\u017e program pru\u017ea u\u010denicima jasan put za uspeh u obrazovanju od pete do devetnaeste godine.<\/li>\n<li>\u0160kole mogu osmisliti nastavni plan i program ve\u0107 prema na\u010dinu na koji \u017eele da u\u010denici usvajaju gradivo \u2013 sa \u0161irokim spektrom predmeta i fleksibilnom ponudom.<\/li>\n<li>Poma\u017eemo u\u010denicima da spoznaju nove mogu\u0107nosti i \u0161iri svet, te ve\u0161tine koje su im potrebne za \u017eivot, kako bi mogli da postignu uspeh u \u0161koli, na fakultetu i na poslu.<\/li>\n<li>Svaka faza zasniva se na razvoju u\u010denika iz prethodne ili iz drugih obrazovnih sistema.<\/li>\n<li>Na\u0161a ponuda predmeta je izuzetna: preko 70 na IGCSE i preko 50 na A nivou. \u0160kole mogu dozvoliti u\u010denicima da biraju predmete u svakoj kombinaciji.<\/li>\n<li>Na\u0161e kvalifikacije su op\u0161te priznate od strane najboljih svetskih univerziteta i poslodavaca.<\/li>\n<li>98% ispitanika koji obavljaju poslove upisa reklo je da su Kembrid\u017e programi odli\u010dna priprema u\u010denika za fakultet.<\/li>\n<li>Pru\u017eamo prvoklasnu podr\u0161ku nastavnicima kroz publikacije, resurse sa Interneta, obuke i stru\u010dno usavr\u0161avanje.<\/li>\n<li>Svake godine, skoro jedan milion Kembrid\u017e u\u010denika iz 10.000 \u0161kola u preko 160 zemalja priprema se za svoju budu\u0107nost uz internacionalno obrazovanje sa Kembrid\u017ea.<\/li>\n<li>Imamo sto pedeset godina iskustva u organizovanju internacionalnih ispita. Mi smo neprofitna organizacija i jedina ispitna komisija koja je u potpunosti u vlasni\u0161tvu jednog od svetskih vodec\u0301ih univerziteta.<\/li>\n<\/ol>\n","protected":false},"excerpt":{"rendered":"<p>DESET RAZLOGA DA IZABERETE KEMBRID\u017d PROGRAM Pripremamo u\u010denike za \u017eivot, poma\u017euc\u0301i im da razviju radoznalost i neprekidnu strast za u\u010denjem. [&hellip;]<\/p>\n","protected":false},"author":11,"featured_media":10432,"parent":10470,"menu_order":3,"comment_status":"closed","ping_status":"closed","template":"","meta":{"footnotes":""},"class_list":["post-10479","page","type-page","status-publish","has-post-thumbnail","hentry"],"yoast_head":"<!-- This site is optimized with the Yoast SEO plugin v27.4 - https:\/\/yoast.com\/product\/yoast-seo-wordpress\/ -->\n<title>Kembrid\u017e program | British International School<\/title>\n<meta name=\"robots\" content=\"index, follow, max-snippet:-1, max-image-preview:large, max-video-preview:-1\" \/>\n<link rel=\"canonical\" href=\"https:\/\/www.british-int-school.org.uk\/sr\/o-nama\/kembridz-program\/\" \/>\n<meta property=\"og:locale\" content=\"sr_RS\" \/>\n<meta property=\"og:type\" content=\"article\" \/>\n<meta property=\"og:title\" content=\"Kembrid\u017e program | British International School\" \/>\n<meta property=\"og:description\" content=\"DESET RAZLOGA DA IZABERETE KEMBRID\u017d PROGRAM Pripremamo u\u010denike za \u017eivot, poma\u017euc\u0301i im da razviju radoznalost i neprekidnu strast za u\u010denjem. [&hellip;]\" \/>\n<meta property=\"og:url\" content=\"https:\/\/www.british-int-school.org.uk\/sr\/o-nama\/kembridz-program\/\" \/>\n<meta property=\"og:site_name\" content=\"British International School\" \/>\n<meta property=\"article:modified_time\" content=\"2022-06-01T00:00:53+00:00\" \/>\n<meta property=\"og:image\" content=\"https:\/\/www.british-int-school.org.uk\/wp-content\/uploads\/2022\/04\/Cambridge-programme-1.jpg\" \/>\n\t<meta property=\"og:image:width\" content=\"1920\" \/>\n\t<meta property=\"og:image:height\" content=\"700\" \/>\n\t<meta property=\"og:image:type\" content=\"image\/jpeg\" \/>\n<meta name=\"twitter:card\" content=\"summary_large_image\" \/>\n<meta name=\"twitter:label1\" content=\"Procenjeno vreme \u010ditanja\" \/>\n\t<meta name=\"twitter:data1\" content=\"1 minut\" \/>\n<script type=\"application\/ld+json\" class=\"yoast-schema-graph\">{\"@context\":\"https:\\\/\\\/schema.org\",\"@graph\":[{\"@type\":\"WebPage\",\"@id\":\"https:\\\/\\\/www.british-int-school.org.uk\\\/sr\\\/o-nama\\\/kembridz-program\\\/\",\"url\":\"https:\\\/\\\/www.british-int-school.org.uk\\\/sr\\\/o-nama\\\/kembridz-program\\\/\",\"name\":\"Kembrid\u017e program | British International School\",\"isPartOf\":{\"@id\":\"https:\\\/\\\/www.british-int-school.org.uk\\\/#website\"},\"primaryImageOfPage\":{\"@id\":\"https:\\\/\\\/www.british-int-school.org.uk\\\/sr\\\/o-nama\\\/kembridz-program\\\/#primaryimage\"},\"image\":{\"@id\":\"https:\\\/\\\/www.british-int-school.org.uk\\\/sr\\\/o-nama\\\/kembridz-program\\\/#primaryimage\"},\"thumbnailUrl\":\"https:\\\/\\\/www.british-int-school.org.uk\\\/wp-content\\\/uploads\\\/2022\\\/04\\\/Cambridge-programme-1.jpg\",\"datePublished\":\"2022-04-28T19:04:29+00:00\",\"dateModified\":\"2022-06-01T00:00:53+00:00\",\"breadcrumb\":{\"@id\":\"https:\\\/\\\/www.british-int-school.org.uk\\\/sr\\\/o-nama\\\/kembridz-program\\\/#breadcrumb\"},\"inLanguage\":\"sr-RS\",\"potentialAction\":[{\"@type\":\"ReadAction\",\"target\":[\"https:\\\/\\\/www.british-int-school.org.uk\\\/sr\\\/o-nama\\\/kembridz-program\\\/\"]}]},{\"@type\":\"ImageObject\",\"inLanguage\":\"sr-RS\",\"@id\":\"https:\\\/\\\/www.british-int-school.org.uk\\\/sr\\\/o-nama\\\/kembridz-program\\\/#primaryimage\",\"url\":\"https:\\\/\\\/www.british-int-school.org.uk\\\/wp-content\\\/uploads\\\/2022\\\/04\\\/Cambridge-programme-1.jpg\",\"contentUrl\":\"https:\\\/\\\/www.british-int-school.org.uk\\\/wp-content\\\/uploads\\\/2022\\\/04\\\/Cambridge-programme-1.jpg\",\"width\":1920,\"height\":700,\"caption\":\"BIS - amme\"},{\"@type\":\"BreadcrumbList\",\"@id\":\"https:\\\/\\\/www.british-int-school.org.uk\\\/sr\\\/o-nama\\\/kembridz-program\\\/#breadcrumb\",\"itemListElement\":[{\"@type\":\"ListItem\",\"position\":1,\"name\":\"Home\",\"item\":\"https:\\\/\\\/www.british-int-school.org.uk\\\/sr\\\/\"},{\"@type\":\"ListItem\",\"position\":2,\"name\":\"O nama\",\"item\":\"https:\\\/\\\/www.british-int-school.org.uk\\\/sr\\\/o-nama\\\/\"},{\"@type\":\"ListItem\",\"position\":3,\"name\":\"Kembrid\u017e program\"}]},{\"@type\":\"WebSite\",\"@id\":\"https:\\\/\\\/www.british-int-school.org.uk\\\/#website\",\"url\":\"https:\\\/\\\/www.british-int-school.org.uk\\\/\",\"name\":\"British International School\",\"description\":\"\",\"publisher\":{\"@id\":\"https:\\\/\\\/www.british-int-school.org.uk\\\/#organization\"},\"potentialAction\":[{\"@type\":\"SearchAction\",\"target\":{\"@type\":\"EntryPoint\",\"urlTemplate\":\"https:\\\/\\\/www.british-int-school.org.uk\\\/?s={search_term_string}\"},\"query-input\":{\"@type\":\"PropertyValueSpecification\",\"valueRequired\":true,\"valueName\":\"search_term_string\"}}],\"inLanguage\":\"sr-RS\"},{\"@type\":\"Organization\",\"@id\":\"https:\\\/\\\/www.british-int-school.org.uk\\\/#organization\",\"name\":\"British International School\",\"url\":\"https:\\\/\\\/www.british-int-school.org.uk\\\/\",\"logo\":{\"@type\":\"ImageObject\",\"inLanguage\":\"sr-RS\",\"@id\":\"https:\\\/\\\/www.british-int-school.org.uk\\\/#\\\/schema\\\/logo\\\/image\\\/\",\"url\":\"https:\\\/\\\/www.british-int-school.org.uk\\\/wp-content\\\/uploads\\\/2017\\\/09\\\/Logo-BIS-150.jpg\",\"contentUrl\":\"https:\\\/\\\/www.british-int-school.org.uk\\\/wp-content\\\/uploads\\\/2017\\\/09\\\/Logo-BIS-150.jpg\",\"width\":150,\"height\":150,\"caption\":\"British International School\"},\"image\":{\"@id\":\"https:\\\/\\\/www.british-int-school.org.uk\\\/#\\\/schema\\\/logo\\\/image\\\/\"}}]}<\/script>\n<!-- \/ Yoast SEO plugin. -->","yoast_head_json":{"title":"Kembrid\u017e program | British International School","robots":{"index":"index","follow":"follow","max-snippet":"max-snippet:-1","max-image-preview":"max-image-preview:large","max-video-preview":"max-video-preview:-1"},"canonical":"https:\/\/www.british-int-school.org.uk\/sr\/o-nama\/kembridz-program\/","og_locale":"sr_RS","og_type":"article","og_title":"Kembrid\u017e program | British International School","og_description":"DESET RAZLOGA DA IZABERETE KEMBRID\u017d PROGRAM Pripremamo u\u010denike za \u017eivot, poma\u017euc\u0301i im da razviju radoznalost i neprekidnu strast za u\u010denjem. [&hellip;]","og_url":"https:\/\/www.british-int-school.org.uk\/sr\/o-nama\/kembridz-program\/","og_site_name":"British International School","article_modified_time":"2022-06-01T00:00:53+00:00","og_image":[{"width":1920,"height":700,"url":"https:\/\/www.british-int-school.org.uk\/wp-content\/uploads\/2022\/04\/Cambridge-programme-1.jpg","type":"image\/jpeg"}],"twitter_card":"summary_large_image","twitter_misc":{"Procenjeno vreme \u010ditanja":"1 minut"},"schema":{"@context":"https:\/\/schema.org","@graph":[{"@type":"WebPage","@id":"https:\/\/www.british-int-school.org.uk\/sr\/o-nama\/kembridz-program\/","url":"https:\/\/www.british-int-school.org.uk\/sr\/o-nama\/kembridz-program\/","name":"Kembrid\u017e program | British International School","isPartOf":{"@id":"https:\/\/www.british-int-school.org.uk\/#website"},"primaryImageOfPage":{"@id":"https:\/\/www.british-int-school.org.uk\/sr\/o-nama\/kembridz-program\/#primaryimage"},"image":{"@id":"https:\/\/www.british-int-school.org.uk\/sr\/o-nama\/kembridz-program\/#primaryimage"},"thumbnailUrl":"https:\/\/www.british-int-school.org.uk\/wp-content\/uploads\/2022\/04\/Cambridge-programme-1.jpg","datePublished":"2022-04-28T19:04:29+00:00","dateModified":"2022-06-01T00:00:53+00:00","breadcrumb":{"@id":"https:\/\/www.british-int-school.org.uk\/sr\/o-nama\/kembridz-program\/#breadcrumb"},"inLanguage":"sr-RS","potentialAction":[{"@type":"ReadAction","target":["https:\/\/www.british-int-school.org.uk\/sr\/o-nama\/kembridz-program\/"]}]},{"@type":"ImageObject","inLanguage":"sr-RS","@id":"https:\/\/www.british-int-school.org.uk\/sr\/o-nama\/kembridz-program\/#primaryimage","url":"https:\/\/www.british-int-school.org.uk\/wp-content\/uploads\/2022\/04\/Cambridge-programme-1.jpg","contentUrl":"https:\/\/www.british-int-school.org.uk\/wp-content\/uploads\/2022\/04\/Cambridge-programme-1.jpg","width":1920,"height":700,"caption":"BIS - amme"},{"@type":"BreadcrumbList","@id":"https:\/\/www.british-int-school.org.uk\/sr\/o-nama\/kembridz-program\/#breadcrumb","itemListElement":[{"@type":"ListItem","position":1,"name":"Home","item":"https:\/\/www.british-int-school.org.uk\/sr\/"},{"@type":"ListItem","position":2,"name":"O nama","item":"https:\/\/www.british-int-school.org.uk\/sr\/o-nama\/"},{"@type":"ListItem","position":3,"name":"Kembrid\u017e program"}]},{"@type":"WebSite","@id":"https:\/\/www.british-int-school.org.uk\/#website","url":"https:\/\/www.british-int-school.org.uk\/","name":"British International School","description":"","publisher":{"@id":"https:\/\/www.british-int-school.org.uk\/#organization"},"potentialAction":[{"@type":"SearchAction","target":{"@type":"EntryPoint","urlTemplate":"https:\/\/www.british-int-school.org.uk\/?s={search_term_string}"},"query-input":{"@type":"PropertyValueSpecification","valueRequired":true,"valueName":"search_term_string"}}],"inLanguage":"sr-RS"},{"@type":"Organization","@id":"https:\/\/www.british-int-school.org.uk\/#organization","name":"British International School","url":"https:\/\/www.british-int-school.org.uk\/","logo":{"@type":"ImageObject","inLanguage":"sr-RS","@id":"https:\/\/www.british-int-school.org.uk\/#\/schema\/logo\/image\/","url":"https:\/\/www.british-int-school.org.uk\/wp-content\/uploads\/2017\/09\/Logo-BIS-150.jpg","contentUrl":"https:\/\/www.british-int-school.org.uk\/wp-content\/uploads\/2017\/09\/Logo-BIS-150.jpg","width":150,"height":150,"caption":"British International School"},"image":{"@id":"https:\/\/www.british-int-school.org.uk\/#\/schema\/logo\/image\/"}}]}},"_links":{"self":[{"href":"https:\/\/www.british-int-school.org.uk\/sr\/wp-json\/wp\/v2\/pages\/10479","targetHints":{"allow":["GET"]}}],"collection":[{"href":"https:\/\/www.british-int-school.org.uk\/sr\/wp-json\/wp\/v2\/pages"}],"about":[{"href":"https:\/\/www.british-int-school.org.uk\/sr\/wp-json\/wp\/v2\/types\/page"}],"author":[{"embeddable":true,"href":"https:\/\/www.british-int-school.org.uk\/sr\/wp-json\/wp\/v2\/users\/11"}],"replies":[{"embeddable":true,"href":"https:\/\/www.british-int-school.org.uk\/sr\/wp-json\/wp\/v2\/comments?post=10479"}],"version-history":[{"count":0,"href":"https:\/\/www.british-int-school.org.uk\/sr\/wp-json\/wp\/v2\/pages\/10479\/revisions"}],"up":[{"embeddable":true,"href":"https:\/\/www.british-int-school.org.uk\/sr\/wp-json\/wp\/v2\/pages\/10470"}],"wp:featuredmedia":[{"embeddable":true,"href":"https:\/\/www.british-int-school.org.uk\/sr\/wp-json\/wp\/v2\/media\/10432"}],"wp:attachment":[{"href":"https:\/\/www.british-int-school.org.uk\/sr\/wp-json\/wp\/v2\/media?parent=10479"}],"curies":[{"name":"wp","href":"https:\/\/api.w.org\/{rel}","templated":true}]}}