{"id":10482,"date":"2022-04-28T20:10:24","date_gmt":"2022-04-28T19:10:24","guid":{"rendered":"https:\/\/6s.rs\/bis\/?page_id=10482"},"modified":"2022-08-08T10:57:49","modified_gmt":"2022-08-08T09:57:49","slug":"visiting-information","status":"publish","type":"page","link":"https:\/\/www.british-int-school.org.uk\/sr\/o-nama\/visiting-information\/","title":{"rendered":"Informacije za posetioce"},"content":{"rendered":"<div class=\"jas-row content-top-m\">\n<div class=\"jas-col-md-3 jas-col-sm-6 jas-col-xs-12\">\n<div class=\"location-map\">\n<p><img decoding=\"async\" src=\"https:\/\/www.british-int-school.org.uk\/files\/elements\/pin1.svg\" alt=\"BIS | Visiting information\" \/><\/p>\n<h2 class=\"unutrasnja_naslov levo\">NI\u017dI RAZREDI OSNOVNE \u0160KOLE<\/h2>\n<p>Vlastimira \u017dupana br. 8<\/p>\n<\/div>\n<\/div>\n<div class=\"jas-col-md-3 jas-col-sm-6 jas-col-xs-12\">\n<div class=\"location-map\">\n<p><img decoding=\"async\" src=\"https:\/\/www.british-int-school.org.uk\/files\/elements\/pin2.svg\" alt=\"BIS | Visiting information\" \/><\/p>\n<h2 class=\"unutrasnja_naslov levo\">VI\u0160I RAZREDI OSNOVNE \u0160KOLE<\/h2>\n<p>Vlastimira \u017dupana br. 8<\/p>\n<\/div>\n<\/div>\n<div class=\"jas-col-md-3 jas-col-sm-6 jas-col-xs-12\">\n<div class=\"location-map\">\n<p><img decoding=\"async\" src=\"https:\/\/www.british-int-school.org.uk\/files\/elements\/pin3.svg\" alt=\"BIS | Visiting information\" \/><\/p>\n<h2 class=\"unutrasnja_naslov levo\">NI\u017dA SREDNJA \u0160KOLA<\/h2>\n<p>Palackova br. 11<\/p>\n<\/div>\n<\/div>\n<div class=\"jas-col-md-3 jas-col-sm-6 jas-col-xs-12\">\n<div class=\"location-map\">\n<p><img decoding=\"async\" src=\"https:\/\/www.british-int-school.org.uk\/files\/elements\/pin4.svg\" alt=\"BIS | Visiting information\" \/><\/p>\n<h2 class=\"unutrasnja_naslov levo\">VI\u0160A SREDNJA \u0160KOLA<\/h2>\n<p>Neznanog junaka br. 36<\/p>\n<\/div>\n<\/div>\n<\/div>\n","protected":false},"excerpt":{"rendered":"<p>NI\u017dI RAZREDI OSNOVNE \u0160KOLE Vlastimira \u017dupana br. 8 VI\u0160I RAZREDI OSNOVNE \u0160KOLE Vlastimira \u017dupana br. 8 NI\u017dA SREDNJA \u0160KOLA Palackova [&hellip;]<\/p>\n","protected":false},"author":11,"featured_media":10436,"parent":10470,"menu_order":6,"comment_status":"closed","ping_status":"closed","template":"","meta":{"footnotes":""},"class_list":["post-10482","page","type-page","status-publish","has-post-thumbnail","hentry"],"yoast_head":"<!-- This site is optimized with the Yoast SEO plugin v27.4 - https:\/\/yoast.com\/product\/yoast-seo-wordpress\/ -->\n<title>Informacije za posetioce | British International School<\/title>\n<meta name=\"robots\" content=\"index, follow, max-snippet:-1, max-image-preview:large, max-video-preview:-1\" \/>\n<link rel=\"canonical\" href=\"https:\/\/www.british-int-school.org.uk\/sr\/o-nama\/visiting-information\/\" \/>\n<meta property=\"og:locale\" content=\"sr_RS\" \/>\n<meta property=\"og:type\" content=\"article\" \/>\n<meta property=\"og:title\" content=\"Informacije za posetioce | British International School\" \/>\n<meta property=\"og:description\" content=\"NI\u017dI RAZREDI OSNOVNE \u0160KOLE Vlastimira \u017dupana br. 8 VI\u0160I RAZREDI OSNOVNE \u0160KOLE Vlastimira \u017dupana br. 8 NI\u017dA SREDNJA \u0160KOLA Palackova [&hellip;]\" \/>\n<meta property=\"og:url\" content=\"https:\/\/www.british-int-school.org.uk\/sr\/o-nama\/visiting-information\/\" \/>\n<meta property=\"og:site_name\" content=\"British International School\" \/>\n<meta property=\"article:modified_time\" content=\"2022-08-08T09:57:49+00:00\" \/>\n<meta property=\"og:image\" content=\"https:\/\/www.british-int-school.org.uk\/wp-content\/uploads\/2022\/04\/bis-belgrade-1.jpg\" \/>\n\t<meta property=\"og:image:width\" content=\"1920\" \/>\n\t<meta property=\"og:image:height\" content=\"700\" \/>\n\t<meta property=\"og:image:type\" content=\"image\/jpeg\" \/>\n<meta name=\"twitter:card\" content=\"summary_large_image\" \/>\n<meta name=\"twitter:label1\" content=\"Procenjeno vreme \u010ditanja\" \/>\n\t<meta name=\"twitter:data1\" content=\"1 minut\" \/>\n<script type=\"application\/ld+json\" class=\"yoast-schema-graph\">{\"@context\":\"https:\\\/\\\/schema.org\",\"@graph\":[{\"@type\":\"WebPage\",\"@id\":\"https:\\\/\\\/www.british-int-school.org.uk\\\/sr\\\/o-nama\\\/visiting-information\\\/\",\"url\":\"https:\\\/\\\/www.british-int-school.org.uk\\\/sr\\\/o-nama\\\/visiting-information\\\/\",\"name\":\"Informacije za posetioce | British International School\",\"isPartOf\":{\"@id\":\"https:\\\/\\\/www.british-int-school.org.uk\\\/#website\"},\"primaryImageOfPage\":{\"@id\":\"https:\\\/\\\/www.british-int-school.org.uk\\\/sr\\\/o-nama\\\/visiting-information\\\/#primaryimage\"},\"image\":{\"@id\":\"https:\\\/\\\/www.british-int-school.org.uk\\\/sr\\\/o-nama\\\/visiting-information\\\/#primaryimage\"},\"thumbnailUrl\":\"https:\\\/\\\/www.british-int-school.org.uk\\\/wp-content\\\/uploads\\\/2022\\\/04\\\/bis-belgrade-1.jpg\",\"datePublished\":\"2022-04-28T19:10:24+00:00\",\"dateModified\":\"2022-08-08T09:57:49+00:00\",\"breadcrumb\":{\"@id\":\"https:\\\/\\\/www.british-int-school.org.uk\\\/sr\\\/o-nama\\\/visiting-information\\\/#breadcrumb\"},\"inLanguage\":\"sr-RS\",\"potentialAction\":[{\"@type\":\"ReadAction\",\"target\":[\"https:\\\/\\\/www.british-int-school.org.uk\\\/sr\\\/o-nama\\\/visiting-information\\\/\"]}]},{\"@type\":\"ImageObject\",\"inLanguage\":\"sr-RS\",\"@id\":\"https:\\\/\\\/www.british-int-school.org.uk\\\/sr\\\/o-nama\\\/visiting-information\\\/#primaryimage\",\"url\":\"https:\\\/\\\/www.british-int-school.org.uk\\\/wp-content\\\/uploads\\\/2022\\\/04\\\/bis-belgrade-1.jpg\",\"contentUrl\":\"https:\\\/\\\/www.british-int-school.org.uk\\\/wp-content\\\/uploads\\\/2022\\\/04\\\/bis-belgrade-1.jpg\",\"width\":1920,\"height\":700,\"caption\":\"BIS - bis-belgrade\"},{\"@type\":\"BreadcrumbList\",\"@id\":\"https:\\\/\\\/www.british-int-school.org.uk\\\/sr\\\/o-nama\\\/visiting-information\\\/#breadcrumb\",\"itemListElement\":[{\"@type\":\"ListItem\",\"position\":1,\"name\":\"Home\",\"item\":\"https:\\\/\\\/www.british-int-school.org.uk\\\/sr\\\/\"},{\"@type\":\"ListItem\",\"position\":2,\"name\":\"O nama\",\"item\":\"https:\\\/\\\/www.british-int-school.org.uk\\\/sr\\\/o-nama\\\/\"},{\"@type\":\"ListItem\",\"position\":3,\"name\":\"Informacije za posetioce\"}]},{\"@type\":\"WebSite\",\"@id\":\"https:\\\/\\\/www.british-int-school.org.uk\\\/#website\",\"url\":\"https:\\\/\\\/www.british-int-school.org.uk\\\/\",\"name\":\"British International School\",\"description\":\"\",\"publisher\":{\"@id\":\"https:\\\/\\\/www.british-int-school.org.uk\\\/#organization\"},\"potentialAction\":[{\"@type\":\"SearchAction\",\"target\":{\"@type\":\"EntryPoint\",\"urlTemplate\":\"https:\\\/\\\/www.british-int-school.org.uk\\\/?s={search_term_string}\"},\"query-input\":{\"@type\":\"PropertyValueSpecification\",\"valueRequired\":true,\"valueName\":\"search_term_string\"}}],\"inLanguage\":\"sr-RS\"},{\"@type\":\"Organization\",\"@id\":\"https:\\\/\\\/www.british-int-school.org.uk\\\/#organization\",\"name\":\"British International School\",\"url\":\"https:\\\/\\\/www.british-int-school.org.uk\\\/\",\"logo\":{\"@type\":\"ImageObject\",\"inLanguage\":\"sr-RS\",\"@id\":\"https:\\\/\\\/www.british-int-school.org.uk\\\/#\\\/schema\\\/logo\\\/image\\\/\",\"url\":\"https:\\\/\\\/www.british-int-school.org.uk\\\/wp-content\\\/uploads\\\/2017\\\/09\\\/Logo-BIS-150.jpg\",\"contentUrl\":\"https:\\\/\\\/www.british-int-school.org.uk\\\/wp-content\\\/uploads\\\/2017\\\/09\\\/Logo-BIS-150.jpg\",\"width\":150,\"height\":150,\"caption\":\"British International School\"},\"image\":{\"@id\":\"https:\\\/\\\/www.british-int-school.org.uk\\\/#\\\/schema\\\/logo\\\/image\\\/\"}}]}<\/script>\n<!-- \/ Yoast SEO plugin. -->","yoast_head_json":{"title":"Informacije za posetioce | British International School","robots":{"index":"index","follow":"follow","max-snippet":"max-snippet:-1","max-image-preview":"max-image-preview:large","max-video-preview":"max-video-preview:-1"},"canonical":"https:\/\/www.british-int-school.org.uk\/sr\/o-nama\/visiting-information\/","og_locale":"sr_RS","og_type":"article","og_title":"Informacije za posetioce | British International School","og_description":"NI\u017dI RAZREDI OSNOVNE \u0160KOLE Vlastimira \u017dupana br. 8 VI\u0160I RAZREDI OSNOVNE \u0160KOLE Vlastimira \u017dupana br. 8 NI\u017dA SREDNJA \u0160KOLA Palackova [&hellip;]","og_url":"https:\/\/www.british-int-school.org.uk\/sr\/o-nama\/visiting-information\/","og_site_name":"British International School","article_modified_time":"2022-08-08T09:57:49+00:00","og_image":[{"width":1920,"height":700,"url":"https:\/\/www.british-int-school.org.uk\/wp-content\/uploads\/2022\/04\/bis-belgrade-1.jpg","type":"image\/jpeg"}],"twitter_card":"summary_large_image","twitter_misc":{"Procenjeno vreme \u010ditanja":"1 minut"},"schema":{"@context":"https:\/\/schema.org","@graph":[{"@type":"WebPage","@id":"https:\/\/www.british-int-school.org.uk\/sr\/o-nama\/visiting-information\/","url":"https:\/\/www.british-int-school.org.uk\/sr\/o-nama\/visiting-information\/","name":"Informacije za posetioce | British International School","isPartOf":{"@id":"https:\/\/www.british-int-school.org.uk\/#website"},"primaryImageOfPage":{"@id":"https:\/\/www.british-int-school.org.uk\/sr\/o-nama\/visiting-information\/#primaryimage"},"image":{"@id":"https:\/\/www.british-int-school.org.uk\/sr\/o-nama\/visiting-information\/#primaryimage"},"thumbnailUrl":"https:\/\/www.british-int-school.org.uk\/wp-content\/uploads\/2022\/04\/bis-belgrade-1.jpg","datePublished":"2022-04-28T19:10:24+00:00","dateModified":"2022-08-08T09:57:49+00:00","breadcrumb":{"@id":"https:\/\/www.british-int-school.org.uk\/sr\/o-nama\/visiting-information\/#breadcrumb"},"inLanguage":"sr-RS","potentialAction":[{"@type":"ReadAction","target":["https:\/\/www.british-int-school.org.uk\/sr\/o-nama\/visiting-information\/"]}]},{"@type":"ImageObject","inLanguage":"sr-RS","@id":"https:\/\/www.british-int-school.org.uk\/sr\/o-nama\/visiting-information\/#primaryimage","url":"https:\/\/www.british-int-school.org.uk\/wp-content\/uploads\/2022\/04\/bis-belgrade-1.jpg","contentUrl":"https:\/\/www.british-int-school.org.uk\/wp-content\/uploads\/2022\/04\/bis-belgrade-1.jpg","width":1920,"height":700,"caption":"BIS - bis-belgrade"},{"@type":"BreadcrumbList","@id":"https:\/\/www.british-int-school.org.uk\/sr\/o-nama\/visiting-information\/#breadcrumb","itemListElement":[{"@type":"ListItem","position":1,"name":"Home","item":"https:\/\/www.british-int-school.org.uk\/sr\/"},{"@type":"ListItem","position":2,"name":"O nama","item":"https:\/\/www.british-int-school.org.uk\/sr\/o-nama\/"},{"@type":"ListItem","position":3,"name":"Informacije za posetioce"}]},{"@type":"WebSite","@id":"https:\/\/www.british-int-school.org.uk\/#website","url":"https:\/\/www.british-int-school.org.uk\/","name":"British International School","description":"","publisher":{"@id":"https:\/\/www.british-int-school.org.uk\/#organization"},"potentialAction":[{"@type":"SearchAction","target":{"@type":"EntryPoint","urlTemplate":"https:\/\/www.british-int-school.org.uk\/?s={search_term_string}"},"query-input":{"@type":"PropertyValueSpecification","valueRequired":true,"valueName":"search_term_string"}}],"inLanguage":"sr-RS"},{"@type":"Organization","@id":"https:\/\/www.british-int-school.org.uk\/#organization","name":"British International School","url":"https:\/\/www.british-int-school.org.uk\/","logo":{"@type":"ImageObject","inLanguage":"sr-RS","@id":"https:\/\/www.british-int-school.org.uk\/#\/schema\/logo\/image\/","url":"https:\/\/www.british-int-school.org.uk\/wp-content\/uploads\/2017\/09\/Logo-BIS-150.jpg","contentUrl":"https:\/\/www.british-int-school.org.uk\/wp-content\/uploads\/2017\/09\/Logo-BIS-150.jpg","width":150,"height":150,"caption":"British International School"},"image":{"@id":"https:\/\/www.british-int-school.org.uk\/#\/schema\/logo\/image\/"}}]}},"_links":{"self":[{"href":"https:\/\/www.british-int-school.org.uk\/sr\/wp-json\/wp\/v2\/pages\/10482","targetHints":{"allow":["GET"]}}],"collection":[{"href":"https:\/\/www.british-int-school.org.uk\/sr\/wp-json\/wp\/v2\/pages"}],"about":[{"href":"https:\/\/www.british-int-school.org.uk\/sr\/wp-json\/wp\/v2\/types\/page"}],"author":[{"embeddable":true,"href":"https:\/\/www.british-int-school.org.uk\/sr\/wp-json\/wp\/v2\/users\/11"}],"replies":[{"embeddable":true,"href":"https:\/\/www.british-int-school.org.uk\/sr\/wp-json\/wp\/v2\/comments?post=10482"}],"version-history":[{"count":0,"href":"https:\/\/www.british-int-school.org.uk\/sr\/wp-json\/wp\/v2\/pages\/10482\/revisions"}],"up":[{"embeddable":true,"href":"https:\/\/www.british-int-school.org.uk\/sr\/wp-json\/wp\/v2\/pages\/10470"}],"wp:featuredmedia":[{"embeddable":true,"href":"https:\/\/www.british-int-school.org.uk\/sr\/wp-json\/wp\/v2\/media\/10436"}],"wp:attachment":[{"href":"https:\/\/www.british-int-school.org.uk\/sr\/wp-json\/wp\/v2\/media?parent=10482"}],"curies":[{"name":"wp","href":"https:\/\/api.w.org\/{rel}","templated":true}]}}