{"id":10517,"date":"2022-05-31T21:44:03","date_gmt":"2022-05-31T20:44:03","guid":{"rendered":"https:\/\/6s.rs\/bis\/?page_id=10517"},"modified":"2022-06-01T01:01:08","modified_gmt":"2022-06-01T00:01:08","slug":"misija-skole","status":"publish","type":"page","link":"https:\/\/www.british-int-school.org.uk\/sr\/o-nama\/misija-skole\/","title":{"rendered":"Misija \u0161kole"},"content":{"rendered":"<p class=\"highlighted\">Ponosni smo na prethodnih dvadeset pet generacija u\u010denika koji su zavr\u0161ili <a href=\"https:\/\/www.british-int-school.org.uk\/alumni\/\">British International School (BIS)<\/a> i upisali univerzitete \u0161irom sveta.<\/p>\n<p>Obrazovanje u British International School za u\u010denike od tri do osamnaest godina zasniva se na britanskom nastavnom planu i programu, na razvoju svih aspekata intelektualnog, dru\u0161tvenog, emocionalnog, fizi\u010dkog i duhovnog identiteta u\u010denika.<\/p>\n<p>Svrha BIS jeste da razvije me\u0111unarodno orijentisane, nezavisne, samopouzdane i kreativne u\u010denike, koji c\u0301e biti u stanju da daju pozitivan doprinos buduc\u0301em dru\u0161tvu.<\/p>\n","protected":false},"excerpt":{"rendered":"<p>Ponosni smo na prethodnih dvadeset pet generacija u\u010denika koji su zavr\u0161ili British International School (BIS) i upisali univerzitete \u0161irom sveta. [&hellip;]<\/p>\n","protected":false},"author":11,"featured_media":10434,"parent":10470,"menu_order":4,"comment_status":"closed","ping_status":"closed","template":"","meta":{"footnotes":""},"class_list":["post-10517","page","type-page","status-publish","has-post-thumbnail","hentry"],"yoast_head":"<!-- This site is optimized with the Yoast SEO plugin v27.4 - https:\/\/yoast.com\/product\/yoast-seo-wordpress\/ -->\n<title>Misija \u0161kole | British International School<\/title>\n<meta name=\"robots\" content=\"index, follow, max-snippet:-1, max-image-preview:large, max-video-preview:-1\" \/>\n<link rel=\"canonical\" href=\"https:\/\/www.british-int-school.org.uk\/sr\/o-nama\/misija-skole\/\" \/>\n<meta property=\"og:locale\" content=\"sr_RS\" \/>\n<meta property=\"og:type\" content=\"article\" \/>\n<meta property=\"og:title\" content=\"Misija \u0161kole | British International School\" \/>\n<meta property=\"og:description\" content=\"Ponosni smo na prethodnih dvadeset pet generacija u\u010denika koji su zavr\u0161ili British International School (BIS) i upisali univerzitete \u0161irom sveta. [&hellip;]\" \/>\n<meta property=\"og:url\" content=\"https:\/\/www.british-int-school.org.uk\/sr\/o-nama\/misija-skole\/\" \/>\n<meta property=\"og:site_name\" content=\"British International School\" \/>\n<meta property=\"article:modified_time\" content=\"2022-06-01T00:01:08+00:00\" \/>\n<meta property=\"og:image\" content=\"https:\/\/www.british-int-school.org.uk\/wp-content\/uploads\/2022\/04\/school-mission.jpg\" \/>\n\t<meta property=\"og:image:width\" content=\"1920\" \/>\n\t<meta property=\"og:image:height\" content=\"700\" \/>\n\t<meta property=\"og:image:type\" content=\"image\/jpeg\" \/>\n<meta name=\"twitter:card\" content=\"summary_large_image\" \/>\n<script type=\"application\/ld+json\" class=\"yoast-schema-graph\">{\"@context\":\"https:\\\/\\\/schema.org\",\"@graph\":[{\"@type\":\"WebPage\",\"@id\":\"https:\\\/\\\/www.british-int-school.org.uk\\\/sr\\\/o-nama\\\/misija-skole\\\/\",\"url\":\"https:\\\/\\\/www.british-int-school.org.uk\\\/sr\\\/o-nama\\\/misija-skole\\\/\",\"name\":\"Misija \u0161kole | British International School\",\"isPartOf\":{\"@id\":\"https:\\\/\\\/www.british-int-school.org.uk\\\/#website\"},\"primaryImageOfPage\":{\"@id\":\"https:\\\/\\\/www.british-int-school.org.uk\\\/sr\\\/o-nama\\\/misija-skole\\\/#primaryimage\"},\"image\":{\"@id\":\"https:\\\/\\\/www.british-int-school.org.uk\\\/sr\\\/o-nama\\\/misija-skole\\\/#primaryimage\"},\"thumbnailUrl\":\"https:\\\/\\\/www.british-int-school.org.uk\\\/wp-content\\\/uploads\\\/2022\\\/04\\\/school-mission.jpg\",\"datePublished\":\"2022-05-31T20:44:03+00:00\",\"dateModified\":\"2022-06-01T00:01:08+00:00\",\"breadcrumb\":{\"@id\":\"https:\\\/\\\/www.british-int-school.org.uk\\\/sr\\\/o-nama\\\/misija-skole\\\/#breadcrumb\"},\"inLanguage\":\"sr-RS\",\"potentialAction\":[{\"@type\":\"ReadAction\",\"target\":[\"https:\\\/\\\/www.british-int-school.org.uk\\\/sr\\\/o-nama\\\/misija-skole\\\/\"]}]},{\"@type\":\"ImageObject\",\"inLanguage\":\"sr-RS\",\"@id\":\"https:\\\/\\\/www.british-int-school.org.uk\\\/sr\\\/o-nama\\\/misija-skole\\\/#primaryimage\",\"url\":\"https:\\\/\\\/www.british-int-school.org.uk\\\/wp-content\\\/uploads\\\/2022\\\/04\\\/school-mission.jpg\",\"contentUrl\":\"https:\\\/\\\/www.british-int-school.org.uk\\\/wp-content\\\/uploads\\\/2022\\\/04\\\/school-mission.jpg\",\"width\":1920,\"height\":700,\"caption\":\"BIS - school-mission\"},{\"@type\":\"BreadcrumbList\",\"@id\":\"https:\\\/\\\/www.british-int-school.org.uk\\\/sr\\\/o-nama\\\/misija-skole\\\/#breadcrumb\",\"itemListElement\":[{\"@type\":\"ListItem\",\"position\":1,\"name\":\"Home\",\"item\":\"https:\\\/\\\/www.british-int-school.org.uk\\\/sr\\\/\"},{\"@type\":\"ListItem\",\"position\":2,\"name\":\"O nama\",\"item\":\"https:\\\/\\\/www.british-int-school.org.uk\\\/sr\\\/o-nama\\\/\"},{\"@type\":\"ListItem\",\"position\":3,\"name\":\"Misija \u0161kole\"}]},{\"@type\":\"WebSite\",\"@id\":\"https:\\\/\\\/www.british-int-school.org.uk\\\/#website\",\"url\":\"https:\\\/\\\/www.british-int-school.org.uk\\\/\",\"name\":\"British International School\",\"description\":\"\",\"publisher\":{\"@id\":\"https:\\\/\\\/www.british-int-school.org.uk\\\/#organization\"},\"potentialAction\":[{\"@type\":\"SearchAction\",\"target\":{\"@type\":\"EntryPoint\",\"urlTemplate\":\"https:\\\/\\\/www.british-int-school.org.uk\\\/?s={search_term_string}\"},\"query-input\":{\"@type\":\"PropertyValueSpecification\",\"valueRequired\":true,\"valueName\":\"search_term_string\"}}],\"inLanguage\":\"sr-RS\"},{\"@type\":\"Organization\",\"@id\":\"https:\\\/\\\/www.british-int-school.org.uk\\\/#organization\",\"name\":\"British International School\",\"url\":\"https:\\\/\\\/www.british-int-school.org.uk\\\/\",\"logo\":{\"@type\":\"ImageObject\",\"inLanguage\":\"sr-RS\",\"@id\":\"https:\\\/\\\/www.british-int-school.org.uk\\\/#\\\/schema\\\/logo\\\/image\\\/\",\"url\":\"https:\\\/\\\/www.british-int-school.org.uk\\\/wp-content\\\/uploads\\\/2017\\\/09\\\/Logo-BIS-150.jpg\",\"contentUrl\":\"https:\\\/\\\/www.british-int-school.org.uk\\\/wp-content\\\/uploads\\\/2017\\\/09\\\/Logo-BIS-150.jpg\",\"width\":150,\"height\":150,\"caption\":\"British International School\"},\"image\":{\"@id\":\"https:\\\/\\\/www.british-int-school.org.uk\\\/#\\\/schema\\\/logo\\\/image\\\/\"}}]}<\/script>\n<!-- \/ Yoast SEO plugin. -->","yoast_head_json":{"title":"Misija \u0161kole | British International School","robots":{"index":"index","follow":"follow","max-snippet":"max-snippet:-1","max-image-preview":"max-image-preview:large","max-video-preview":"max-video-preview:-1"},"canonical":"https:\/\/www.british-int-school.org.uk\/sr\/o-nama\/misija-skole\/","og_locale":"sr_RS","og_type":"article","og_title":"Misija \u0161kole | British International School","og_description":"Ponosni smo na prethodnih dvadeset pet generacija u\u010denika koji su zavr\u0161ili British International School (BIS) i upisali univerzitete \u0161irom sveta. [&hellip;]","og_url":"https:\/\/www.british-int-school.org.uk\/sr\/o-nama\/misija-skole\/","og_site_name":"British International School","article_modified_time":"2022-06-01T00:01:08+00:00","og_image":[{"width":1920,"height":700,"url":"https:\/\/www.british-int-school.org.uk\/wp-content\/uploads\/2022\/04\/school-mission.jpg","type":"image\/jpeg"}],"twitter_card":"summary_large_image","schema":{"@context":"https:\/\/schema.org","@graph":[{"@type":"WebPage","@id":"https:\/\/www.british-int-school.org.uk\/sr\/o-nama\/misija-skole\/","url":"https:\/\/www.british-int-school.org.uk\/sr\/o-nama\/misija-skole\/","name":"Misija \u0161kole | British International School","isPartOf":{"@id":"https:\/\/www.british-int-school.org.uk\/#website"},"primaryImageOfPage":{"@id":"https:\/\/www.british-int-school.org.uk\/sr\/o-nama\/misija-skole\/#primaryimage"},"image":{"@id":"https:\/\/www.british-int-school.org.uk\/sr\/o-nama\/misija-skole\/#primaryimage"},"thumbnailUrl":"https:\/\/www.british-int-school.org.uk\/wp-content\/uploads\/2022\/04\/school-mission.jpg","datePublished":"2022-05-31T20:44:03+00:00","dateModified":"2022-06-01T00:01:08+00:00","breadcrumb":{"@id":"https:\/\/www.british-int-school.org.uk\/sr\/o-nama\/misija-skole\/#breadcrumb"},"inLanguage":"sr-RS","potentialAction":[{"@type":"ReadAction","target":["https:\/\/www.british-int-school.org.uk\/sr\/o-nama\/misija-skole\/"]}]},{"@type":"ImageObject","inLanguage":"sr-RS","@id":"https:\/\/www.british-int-school.org.uk\/sr\/o-nama\/misija-skole\/#primaryimage","url":"https:\/\/www.british-int-school.org.uk\/wp-content\/uploads\/2022\/04\/school-mission.jpg","contentUrl":"https:\/\/www.british-int-school.org.uk\/wp-content\/uploads\/2022\/04\/school-mission.jpg","width":1920,"height":700,"caption":"BIS - school-mission"},{"@type":"BreadcrumbList","@id":"https:\/\/www.british-int-school.org.uk\/sr\/o-nama\/misija-skole\/#breadcrumb","itemListElement":[{"@type":"ListItem","position":1,"name":"Home","item":"https:\/\/www.british-int-school.org.uk\/sr\/"},{"@type":"ListItem","position":2,"name":"O nama","item":"https:\/\/www.british-int-school.org.uk\/sr\/o-nama\/"},{"@type":"ListItem","position":3,"name":"Misija \u0161kole"}]},{"@type":"WebSite","@id":"https:\/\/www.british-int-school.org.uk\/#website","url":"https:\/\/www.british-int-school.org.uk\/","name":"British International School","description":"","publisher":{"@id":"https:\/\/www.british-int-school.org.uk\/#organization"},"potentialAction":[{"@type":"SearchAction","target":{"@type":"EntryPoint","urlTemplate":"https:\/\/www.british-int-school.org.uk\/?s={search_term_string}"},"query-input":{"@type":"PropertyValueSpecification","valueRequired":true,"valueName":"search_term_string"}}],"inLanguage":"sr-RS"},{"@type":"Organization","@id":"https:\/\/www.british-int-school.org.uk\/#organization","name":"British International School","url":"https:\/\/www.british-int-school.org.uk\/","logo":{"@type":"ImageObject","inLanguage":"sr-RS","@id":"https:\/\/www.british-int-school.org.uk\/#\/schema\/logo\/image\/","url":"https:\/\/www.british-int-school.org.uk\/wp-content\/uploads\/2017\/09\/Logo-BIS-150.jpg","contentUrl":"https:\/\/www.british-int-school.org.uk\/wp-content\/uploads\/2017\/09\/Logo-BIS-150.jpg","width":150,"height":150,"caption":"British International School"},"image":{"@id":"https:\/\/www.british-int-school.org.uk\/#\/schema\/logo\/image\/"}}]}},"_links":{"self":[{"href":"https:\/\/www.british-int-school.org.uk\/sr\/wp-json\/wp\/v2\/pages\/10517","targetHints":{"allow":["GET"]}}],"collection":[{"href":"https:\/\/www.british-int-school.org.uk\/sr\/wp-json\/wp\/v2\/pages"}],"about":[{"href":"https:\/\/www.british-int-school.org.uk\/sr\/wp-json\/wp\/v2\/types\/page"}],"author":[{"embeddable":true,"href":"https:\/\/www.british-int-school.org.uk\/sr\/wp-json\/wp\/v2\/users\/11"}],"replies":[{"embeddable":true,"href":"https:\/\/www.british-int-school.org.uk\/sr\/wp-json\/wp\/v2\/comments?post=10517"}],"version-history":[{"count":0,"href":"https:\/\/www.british-int-school.org.uk\/sr\/wp-json\/wp\/v2\/pages\/10517\/revisions"}],"up":[{"embeddable":true,"href":"https:\/\/www.british-int-school.org.uk\/sr\/wp-json\/wp\/v2\/pages\/10470"}],"wp:featuredmedia":[{"embeddable":true,"href":"https:\/\/www.british-int-school.org.uk\/sr\/wp-json\/wp\/v2\/media\/10434"}],"wp:attachment":[{"href":"https:\/\/www.british-int-school.org.uk\/sr\/wp-json\/wp\/v2\/media?parent=10517"}],"curies":[{"name":"wp","href":"https:\/\/api.w.org\/{rel}","templated":true}]}}