{"id":10520,"date":"2022-05-31T21:45:23","date_gmt":"2022-05-31T20:45:23","guid":{"rendered":"https:\/\/6s.rs\/bis\/?page_id=10520"},"modified":"2022-08-08T10:31:34","modified_gmt":"2022-08-08T09:31:34","slug":"pravilnici","status":"publish","type":"page","link":"https:\/\/www.british-int-school.org.uk\/sr\/o-nama\/pravilnici\/","title":{"rendered":"Pravilnici"},"content":{"rendered":"<div class=\"ico-links pdf-links\">\n<p><a href=\"https:\/\/www.british-int-school.org.uk\/wp-content\/uploads\/2022\/05\/Pravilnik-koriscenja-interneta-za-ucenike-srednje-skole.pdf\" target=\"_blank\" rel=\"noopener noreferrer\">Pravilnik kori\u0161\u0107enja interneta za u\u010denike srednje \u0161kole PDF<\/a><\/p>\n<p><a href=\"https:\/\/www.british-int-school.org.uk\/wp-content\/uploads\/2022\/05\/Pravilnik-o-dolasku-i-odlasku-ucenika.pdf\" target=\"_blank\" rel=\"noopener noreferrer\">Pravilnik o dolasku i odlasku u\u010denika &#8211; PDF<\/a><\/p>\n<p><a href=\"https:\/\/www.british-int-school.org.uk\/wp-content\/uploads\/2022\/05\/Pravilnik-o-odrzavanju-higijene-i-zastiti-od-zaraznih-bolesti.pdf\" target=\"_blank\" rel=\"noopener noreferrer\">Pravilnik o odr\u017eavanju higijene i za\u0161titi od zaraznih bolesti PDF<\/a><\/p>\n<p><a href=\"https:\/\/www.british-int-school.org.uk\/wp-content\/uploads\/2022\/05\/Pravilnik-o-razmeni-podataka.pdf\" target=\"_blank\" rel=\"noopener noreferrer\">Pravilnik o razmeni podataka PDF<\/a><\/p>\n<p><a href=\"https:\/\/www.british-int-school.org.uk\/wp-content\/uploads\/2022\/05\/Pravilnik-o-redovnom-pohadjanju-nastave.pdf\" target=\"_blank\" rel=\"noopener noreferrer\">Pravilnik o redovnom poha\u0111anju nastave PDF<\/a><\/p>\n<p><a href=\"https:\/\/www.british-int-school.org.uk\/wp-content\/uploads\/2022\/05\/Pravilnik-o-resavanju-zalbi.pdf\" target=\"_blank\" rel=\"noopener noreferrer\">Pravilnik o re\u0161avanju \u017ealbi PDF<\/a><\/p>\n<p><a href=\"https:\/\/www.british-int-school.org.uk\/wp-content\/uploads\/2022\/05\/Pravilnik-o-sprecavanju-nasilja-u-skoli.pdf\" target=\"_blank\" rel=\"noopener noreferrer\">Pravilnik o spre\u010davanju nasilja u \u0161koli PDF<\/a><\/p>\n<p><a href=\"https:\/\/www.british-int-school.org.uk\/wp-content\/uploads\/2022\/05\/Pravilnik-o-zastiti-zdravlja-i-bezbednosti.pdf\" target=\"_blank\" rel=\"noopener noreferrer\">Pravilnik o za\u0161titi zdravlja i bezbednosti PDF<\/a><\/p>\n<p><a href=\"https:\/\/www.british-int-school.org.uk\/wp-content\/uploads\/2022\/05\/Pravilnik-o-zdravlju-i-bezbednosti.pdf\" target=\"_blank\" rel=\"noopener noreferrer\">Plan reagovanja \u0161kole u slu\u010daju virusa KOVID-19 PDF<\/a><\/p>\n<\/div>\n","protected":false},"excerpt":{"rendered":"<p>Pravilnik kori\u0161\u0107enja interneta za u\u010denike srednje \u0161kole PDF Pravilnik o dolasku i odlasku u\u010denika &#8211; PDF Pravilnik o odr\u017eavanju higijene [&hellip;]<\/p>\n","protected":false},"author":11,"featured_media":10449,"parent":10470,"menu_order":5,"comment_status":"closed","ping_status":"closed","template":"","meta":{"footnotes":""},"class_list":["post-10520","page","type-page","status-publish","has-post-thumbnail","hentry"],"yoast_head":"<!-- This site is optimized with the Yoast SEO plugin v27.4 - https:\/\/yoast.com\/product\/yoast-seo-wordpress\/ -->\n<title>Pravilnici | British International School<\/title>\n<meta name=\"robots\" content=\"index, follow, max-snippet:-1, max-image-preview:large, max-video-preview:-1\" \/>\n<link rel=\"canonical\" href=\"https:\/\/www.british-int-school.org.uk\/sr\/o-nama\/pravilnici\/\" \/>\n<meta property=\"og:locale\" content=\"sr_RS\" \/>\n<meta property=\"og:type\" content=\"article\" \/>\n<meta property=\"og:title\" content=\"Pravilnici | British International School\" \/>\n<meta property=\"og:description\" content=\"Pravilnik kori\u0161\u0107enja interneta za u\u010denike srednje \u0161kole PDF Pravilnik o dolasku i odlasku u\u010denika &#8211; PDF Pravilnik o odr\u017eavanju higijene [&hellip;]\" \/>\n<meta property=\"og:url\" content=\"https:\/\/www.british-int-school.org.uk\/sr\/o-nama\/pravilnici\/\" \/>\n<meta property=\"og:site_name\" content=\"British International School\" \/>\n<meta property=\"article:modified_time\" content=\"2022-08-08T09:31:34+00:00\" \/>\n<meta property=\"og:image\" content=\"https:\/\/www.british-int-school.org.uk\/wp-content\/uploads\/2022\/04\/bis-policies.jpg\" \/>\n\t<meta property=\"og:image:width\" content=\"1920\" \/>\n\t<meta property=\"og:image:height\" content=\"700\" \/>\n\t<meta property=\"og:image:type\" content=\"image\/jpeg\" \/>\n<meta name=\"twitter:card\" content=\"summary_large_image\" \/>\n<meta name=\"twitter:label1\" content=\"Procenjeno vreme \u010ditanja\" \/>\n\t<meta name=\"twitter:data1\" content=\"1 minut\" \/>\n<script type=\"application\/ld+json\" class=\"yoast-schema-graph\">{\"@context\":\"https:\\\/\\\/schema.org\",\"@graph\":[{\"@type\":\"WebPage\",\"@id\":\"https:\\\/\\\/www.british-int-school.org.uk\\\/sr\\\/o-nama\\\/pravilnici\\\/\",\"url\":\"https:\\\/\\\/www.british-int-school.org.uk\\\/sr\\\/o-nama\\\/pravilnici\\\/\",\"name\":\"Pravilnici | British International School\",\"isPartOf\":{\"@id\":\"https:\\\/\\\/www.british-int-school.org.uk\\\/#website\"},\"primaryImageOfPage\":{\"@id\":\"https:\\\/\\\/www.british-int-school.org.uk\\\/sr\\\/o-nama\\\/pravilnici\\\/#primaryimage\"},\"image\":{\"@id\":\"https:\\\/\\\/www.british-int-school.org.uk\\\/sr\\\/o-nama\\\/pravilnici\\\/#primaryimage\"},\"thumbnailUrl\":\"https:\\\/\\\/www.british-int-school.org.uk\\\/wp-content\\\/uploads\\\/2022\\\/04\\\/bis-policies.jpg\",\"datePublished\":\"2022-05-31T20:45:23+00:00\",\"dateModified\":\"2022-08-08T09:31:34+00:00\",\"breadcrumb\":{\"@id\":\"https:\\\/\\\/www.british-int-school.org.uk\\\/sr\\\/o-nama\\\/pravilnici\\\/#breadcrumb\"},\"inLanguage\":\"sr-RS\",\"potentialAction\":[{\"@type\":\"ReadAction\",\"target\":[\"https:\\\/\\\/www.british-int-school.org.uk\\\/sr\\\/o-nama\\\/pravilnici\\\/\"]}]},{\"@type\":\"ImageObject\",\"inLanguage\":\"sr-RS\",\"@id\":\"https:\\\/\\\/www.british-int-school.org.uk\\\/sr\\\/o-nama\\\/pravilnici\\\/#primaryimage\",\"url\":\"https:\\\/\\\/www.british-int-school.org.uk\\\/wp-content\\\/uploads\\\/2022\\\/04\\\/bis-policies.jpg\",\"contentUrl\":\"https:\\\/\\\/www.british-int-school.org.uk\\\/wp-content\\\/uploads\\\/2022\\\/04\\\/bis-policies.jpg\",\"width\":1920,\"height\":700,\"caption\":\"BIS - bis-policies\"},{\"@type\":\"BreadcrumbList\",\"@id\":\"https:\\\/\\\/www.british-int-school.org.uk\\\/sr\\\/o-nama\\\/pravilnici\\\/#breadcrumb\",\"itemListElement\":[{\"@type\":\"ListItem\",\"position\":1,\"name\":\"Home\",\"item\":\"https:\\\/\\\/www.british-int-school.org.uk\\\/sr\\\/\"},{\"@type\":\"ListItem\",\"position\":2,\"name\":\"O nama\",\"item\":\"https:\\\/\\\/www.british-int-school.org.uk\\\/sr\\\/o-nama\\\/\"},{\"@type\":\"ListItem\",\"position\":3,\"name\":\"Pravilnici\"}]},{\"@type\":\"WebSite\",\"@id\":\"https:\\\/\\\/www.british-int-school.org.uk\\\/#website\",\"url\":\"https:\\\/\\\/www.british-int-school.org.uk\\\/\",\"name\":\"British International School\",\"description\":\"\",\"publisher\":{\"@id\":\"https:\\\/\\\/www.british-int-school.org.uk\\\/#organization\"},\"potentialAction\":[{\"@type\":\"SearchAction\",\"target\":{\"@type\":\"EntryPoint\",\"urlTemplate\":\"https:\\\/\\\/www.british-int-school.org.uk\\\/?s={search_term_string}\"},\"query-input\":{\"@type\":\"PropertyValueSpecification\",\"valueRequired\":true,\"valueName\":\"search_term_string\"}}],\"inLanguage\":\"sr-RS\"},{\"@type\":\"Organization\",\"@id\":\"https:\\\/\\\/www.british-int-school.org.uk\\\/#organization\",\"name\":\"British International School\",\"url\":\"https:\\\/\\\/www.british-int-school.org.uk\\\/\",\"logo\":{\"@type\":\"ImageObject\",\"inLanguage\":\"sr-RS\",\"@id\":\"https:\\\/\\\/www.british-int-school.org.uk\\\/#\\\/schema\\\/logo\\\/image\\\/\",\"url\":\"https:\\\/\\\/www.british-int-school.org.uk\\\/wp-content\\\/uploads\\\/2017\\\/09\\\/Logo-BIS-150.jpg\",\"contentUrl\":\"https:\\\/\\\/www.british-int-school.org.uk\\\/wp-content\\\/uploads\\\/2017\\\/09\\\/Logo-BIS-150.jpg\",\"width\":150,\"height\":150,\"caption\":\"British International School\"},\"image\":{\"@id\":\"https:\\\/\\\/www.british-int-school.org.uk\\\/#\\\/schema\\\/logo\\\/image\\\/\"}}]}<\/script>\n<!-- \/ Yoast SEO plugin. -->","yoast_head_json":{"title":"Pravilnici | British International School","robots":{"index":"index","follow":"follow","max-snippet":"max-snippet:-1","max-image-preview":"max-image-preview:large","max-video-preview":"max-video-preview:-1"},"canonical":"https:\/\/www.british-int-school.org.uk\/sr\/o-nama\/pravilnici\/","og_locale":"sr_RS","og_type":"article","og_title":"Pravilnici | British International School","og_description":"Pravilnik kori\u0161\u0107enja interneta za u\u010denike srednje \u0161kole PDF Pravilnik o dolasku i odlasku u\u010denika &#8211; PDF Pravilnik o odr\u017eavanju higijene [&hellip;]","og_url":"https:\/\/www.british-int-school.org.uk\/sr\/o-nama\/pravilnici\/","og_site_name":"British International School","article_modified_time":"2022-08-08T09:31:34+00:00","og_image":[{"width":1920,"height":700,"url":"https:\/\/www.british-int-school.org.uk\/wp-content\/uploads\/2022\/04\/bis-policies.jpg","type":"image\/jpeg"}],"twitter_card":"summary_large_image","twitter_misc":{"Procenjeno vreme \u010ditanja":"1 minut"},"schema":{"@context":"https:\/\/schema.org","@graph":[{"@type":"WebPage","@id":"https:\/\/www.british-int-school.org.uk\/sr\/o-nama\/pravilnici\/","url":"https:\/\/www.british-int-school.org.uk\/sr\/o-nama\/pravilnici\/","name":"Pravilnici | British International School","isPartOf":{"@id":"https:\/\/www.british-int-school.org.uk\/#website"},"primaryImageOfPage":{"@id":"https:\/\/www.british-int-school.org.uk\/sr\/o-nama\/pravilnici\/#primaryimage"},"image":{"@id":"https:\/\/www.british-int-school.org.uk\/sr\/o-nama\/pravilnici\/#primaryimage"},"thumbnailUrl":"https:\/\/www.british-int-school.org.uk\/wp-content\/uploads\/2022\/04\/bis-policies.jpg","datePublished":"2022-05-31T20:45:23+00:00","dateModified":"2022-08-08T09:31:34+00:00","breadcrumb":{"@id":"https:\/\/www.british-int-school.org.uk\/sr\/o-nama\/pravilnici\/#breadcrumb"},"inLanguage":"sr-RS","potentialAction":[{"@type":"ReadAction","target":["https:\/\/www.british-int-school.org.uk\/sr\/o-nama\/pravilnici\/"]}]},{"@type":"ImageObject","inLanguage":"sr-RS","@id":"https:\/\/www.british-int-school.org.uk\/sr\/o-nama\/pravilnici\/#primaryimage","url":"https:\/\/www.british-int-school.org.uk\/wp-content\/uploads\/2022\/04\/bis-policies.jpg","contentUrl":"https:\/\/www.british-int-school.org.uk\/wp-content\/uploads\/2022\/04\/bis-policies.jpg","width":1920,"height":700,"caption":"BIS - bis-policies"},{"@type":"BreadcrumbList","@id":"https:\/\/www.british-int-school.org.uk\/sr\/o-nama\/pravilnici\/#breadcrumb","itemListElement":[{"@type":"ListItem","position":1,"name":"Home","item":"https:\/\/www.british-int-school.org.uk\/sr\/"},{"@type":"ListItem","position":2,"name":"O nama","item":"https:\/\/www.british-int-school.org.uk\/sr\/o-nama\/"},{"@type":"ListItem","position":3,"name":"Pravilnici"}]},{"@type":"WebSite","@id":"https:\/\/www.british-int-school.org.uk\/#website","url":"https:\/\/www.british-int-school.org.uk\/","name":"British International School","description":"","publisher":{"@id":"https:\/\/www.british-int-school.org.uk\/#organization"},"potentialAction":[{"@type":"SearchAction","target":{"@type":"EntryPoint","urlTemplate":"https:\/\/www.british-int-school.org.uk\/?s={search_term_string}"},"query-input":{"@type":"PropertyValueSpecification","valueRequired":true,"valueName":"search_term_string"}}],"inLanguage":"sr-RS"},{"@type":"Organization","@id":"https:\/\/www.british-int-school.org.uk\/#organization","name":"British International School","url":"https:\/\/www.british-int-school.org.uk\/","logo":{"@type":"ImageObject","inLanguage":"sr-RS","@id":"https:\/\/www.british-int-school.org.uk\/#\/schema\/logo\/image\/","url":"https:\/\/www.british-int-school.org.uk\/wp-content\/uploads\/2017\/09\/Logo-BIS-150.jpg","contentUrl":"https:\/\/www.british-int-school.org.uk\/wp-content\/uploads\/2017\/09\/Logo-BIS-150.jpg","width":150,"height":150,"caption":"British International School"},"image":{"@id":"https:\/\/www.british-int-school.org.uk\/#\/schema\/logo\/image\/"}}]}},"_links":{"self":[{"href":"https:\/\/www.british-int-school.org.uk\/sr\/wp-json\/wp\/v2\/pages\/10520","targetHints":{"allow":["GET"]}}],"collection":[{"href":"https:\/\/www.british-int-school.org.uk\/sr\/wp-json\/wp\/v2\/pages"}],"about":[{"href":"https:\/\/www.british-int-school.org.uk\/sr\/wp-json\/wp\/v2\/types\/page"}],"author":[{"embeddable":true,"href":"https:\/\/www.british-int-school.org.uk\/sr\/wp-json\/wp\/v2\/users\/11"}],"replies":[{"embeddable":true,"href":"https:\/\/www.british-int-school.org.uk\/sr\/wp-json\/wp\/v2\/comments?post=10520"}],"version-history":[{"count":0,"href":"https:\/\/www.british-int-school.org.uk\/sr\/wp-json\/wp\/v2\/pages\/10520\/revisions"}],"up":[{"embeddable":true,"href":"https:\/\/www.british-int-school.org.uk\/sr\/wp-json\/wp\/v2\/pages\/10470"}],"wp:featuredmedia":[{"embeddable":true,"href":"https:\/\/www.british-int-school.org.uk\/sr\/wp-json\/wp\/v2\/media\/10449"}],"wp:attachment":[{"href":"https:\/\/www.british-int-school.org.uk\/sr\/wp-json\/wp\/v2\/media?parent=10520"}],"curies":[{"name":"wp","href":"https:\/\/api.w.org\/{rel}","templated":true}]}}