{"id":10523,"date":"2022-05-31T21:47:21","date_gmt":"2022-05-31T20:47:21","guid":{"rendered":"https:\/\/6s.rs\/bis\/?page_id=10523"},"modified":"2026-01-23T15:09:22","modified_gmt":"2026-01-23T14:09:22","slug":"zaposleni","status":"publish","type":"page","link":"https:\/\/www.british-int-school.org.uk\/sr\/o-nama\/zaposleni\/","title":{"rendered":"Zaposleni"},"content":{"rendered":"<p><strong>Direktor obrazovanja, Aleksandra Keserovi\u0107<\/strong>, stekla je obrazovanje i zvanje magistra muzikologije na Univerzitetu u Beogradu. G-\u0111a Keserovi\u0107 je licencirani nastavnik i profesionalni vokal, te suosniva\u010d IHSB-a, zajedno sa pokojnim dr Jonathanom Riderom.<\/p>\n<p><strong>Rukovodilac \u0161kole, Gareth Evans<\/strong>, predaje od 1996. godine, nakon studija obrazovanja na Univerzitetu u Daramu. Bio je na visokim rukovode\u0107im pozicijama u Gr\u010dkoj, Belgiji i Tunisu, kao i u Velikoj Britaniji. G-din Evans je tako\u0111e kvalifikovani inspektor Nezavisnog \u0161kolskog inspektorata i vode\u0107i partner za unapre\u0111enje COBIS-a. Nedavno je zavr\u0161io obuku za trenera izvr\u0161nog nivoa i stekao profesionalnu kvalifikaciju rukovodioca.<\/p>\n<p><strong>Rukovodilac osnovne \u0161kole, Michelle Moors<\/strong>, posve\u0107ena je podu\u010davanju u me\u0111unarodnim \u0161kolama od 2012. godine, sa bogatim iskustvom u Key Stage 2 (KS2) i Key Stage 3 (KS3). Ve\u0107i deo svoje karijere provela je u \u0160angaju, gde je igrala klju\u010dnu ulogu u razvoju nastavnog programa i upravljanju timom. Njeno vo\u0111stvo i stru\u010dnost bili su od presudnog zna\u010daja za oblikovanje i unapre\u0111enje obrazovnih programa \u0161kole.<\/p>\n<p><strong>Rukovodilac srednje \u0161kole, Robert Robinson<\/strong>, donosi bogato iskustvo i strast u svojoj ulozi Rukovodioca sekondarijarnog odeljenja. Diplomirao je istoriju na master studijama i predaje u nezavisnom obrazovanju od 1991. godine. Obu\u010davan je za nastavu u sekundarnom obrazovanju na Univerzitetu u Bristolu i obavljao je rukovode\u0107e pozicije i u Velikoj Britaniji i me\u0111unarodno, vode\u0107i \u0161kole ka izvrsnosti. Poznat po svojoj posve\u0107enosti inspirisanju u\u010denika i stvaranju podr\u017eavaju\u0107e i stimulativne sredine za u\u010denje, Robert spaja akademsku stru\u010dnost sa iskrenom \u017eeljom da svaki u\u010denik ostvari svoj puni potencijal.<\/p>\n<div class=\"jas-row\">\n<div class=\"jas-col-md-3 jas-col-sm-6 jas-col-xs-12 staff-profile\">\n<p><img decoding=\"async\" src=\"https:\/\/www.british-int-school.org.uk\/wp-content\/uploads\/2022\/05\/Aleksandra_Keserovic.jpg\" alt=\"BIS - Aleksandra Keserovic\"><\/p>\n<h3>Aleksandra Keserovi\u0107<br \/>\nDirektor<\/h3>\n<\/div>\n<div class=\"jas-col-md-3 jas-col-sm-6 jas-col-xs-12 staff-profile\">\n<p><img decoding=\"async\" src=\"https:\/\/www.british-int-school.org.uk\/wp-content\/uploads\/2022\/05\/Gareth_Evans.jpg\" alt=\"BIS - Gareth Evans\"><\/p>\n<h3>Gareth Evans<br \/>\n<b>Rukovodilac \u0161kole<\/b><\/h3>\n<\/div>\n<div class=\"jas-col-md-3 jas-col-sm-6 jas-col-xs-12 staff-profile\">\n<p><img decoding=\"async\" src=\"https:\/\/www.british-int-school.org.uk\/wp-content\/uploads\/2022\/05\/Michelle_Moors.jpg\" alt=\"BIS - Michelle Moors\"><\/p>\n<h3>Michelle Moors<br \/>\n<b>Rukovodilac osnovne \u0161kole<\/b><\/h3>\n<\/div>\n<div class=\"jas-col-md-3 jas-col-sm-6 jas-col-xs-12 staff-profile\">\n<p><img decoding=\"async\" src=\"https:\/\/www.british-int-school.org.uk\/wp-content\/uploads\/2022\/05\/Robert_Robinson.jpg\" alt=\"BIS - Robert Robinson\"><\/p>\n<h3>Robert Robinson<br \/>\n<b>Rukovodilac srednje \u0161kole<\/b><\/h3>\n<\/div>\n<div class=\"jas-col-md-3 jas-col-sm-6 jas-col-xs-12 staff-profile\">\n<h3><\/h3>\n<\/div>\n<\/div>\n","protected":false},"excerpt":{"rendered":"<p>Direktor obrazovanja, Aleksandra Keserovi\u0107, stekla je obrazovanje i zvanje magistra muzikologije na Univerzitetu u Beogradu. G-\u0111a Keserovi\u0107 je licencirani nastavnik [&hellip;]<\/p>\n","protected":false},"author":11,"featured_media":10441,"parent":10470,"menu_order":7,"comment_status":"closed","ping_status":"closed","template":"","meta":{"footnotes":""},"class_list":["post-10523","page","type-page","status-publish","has-post-thumbnail","hentry"],"yoast_head":"<!-- This site is optimized with the Yoast SEO plugin v27.4 - https:\/\/yoast.com\/product\/yoast-seo-wordpress\/ -->\n<title>Zaposleni | British International School<\/title>\n<meta name=\"robots\" content=\"index, follow, max-snippet:-1, max-image-preview:large, max-video-preview:-1\" \/>\n<link rel=\"canonical\" href=\"https:\/\/www.british-int-school.org.uk\/sr\/o-nama\/zaposleni\/\" \/>\n<meta property=\"og:locale\" content=\"sr_RS\" \/>\n<meta property=\"og:type\" content=\"article\" \/>\n<meta property=\"og:title\" content=\"Zaposleni | British International School\" \/>\n<meta property=\"og:description\" content=\"Direktor obrazovanja, Aleksandra Keserovi\u0107, stekla je obrazovanje i zvanje magistra muzikologije na Univerzitetu u Beogradu. G-\u0111a Keserovi\u0107 je licencirani nastavnik [&hellip;]\" \/>\n<meta property=\"og:url\" content=\"https:\/\/www.british-int-school.org.uk\/sr\/o-nama\/zaposleni\/\" \/>\n<meta property=\"og:site_name\" content=\"British International School\" \/>\n<meta property=\"article:modified_time\" content=\"2026-01-23T14:09:22+00:00\" \/>\n<meta property=\"og:image\" content=\"https:\/\/www.british-int-school.org.uk\/wp-content\/uploads\/2022\/04\/bis-staff.jpg\" \/>\n\t<meta property=\"og:image:width\" content=\"1920\" \/>\n\t<meta property=\"og:image:height\" content=\"700\" \/>\n\t<meta property=\"og:image:type\" content=\"image\/jpeg\" \/>\n<meta name=\"twitter:card\" content=\"summary_large_image\" \/>\n<meta name=\"twitter:label1\" content=\"Procenjeno vreme \u010ditanja\" \/>\n\t<meta name=\"twitter:data1\" content=\"3 minuta\" \/>\n<script type=\"application\/ld+json\" class=\"yoast-schema-graph\">{\"@context\":\"https:\\\/\\\/schema.org\",\"@graph\":[{\"@type\":\"WebPage\",\"@id\":\"https:\\\/\\\/www.british-int-school.org.uk\\\/sr\\\/o-nama\\\/zaposleni\\\/\",\"url\":\"https:\\\/\\\/www.british-int-school.org.uk\\\/sr\\\/o-nama\\\/zaposleni\\\/\",\"name\":\"Zaposleni | British International School\",\"isPartOf\":{\"@id\":\"https:\\\/\\\/www.british-int-school.org.uk\\\/#website\"},\"primaryImageOfPage\":{\"@id\":\"https:\\\/\\\/www.british-int-school.org.uk\\\/sr\\\/o-nama\\\/zaposleni\\\/#primaryimage\"},\"image\":{\"@id\":\"https:\\\/\\\/www.british-int-school.org.uk\\\/sr\\\/o-nama\\\/zaposleni\\\/#primaryimage\"},\"thumbnailUrl\":\"https:\\\/\\\/www.british-int-school.org.uk\\\/wp-content\\\/uploads\\\/2022\\\/04\\\/bis-staff.jpg\",\"datePublished\":\"2022-05-31T20:47:21+00:00\",\"dateModified\":\"2026-01-23T14:09:22+00:00\",\"breadcrumb\":{\"@id\":\"https:\\\/\\\/www.british-int-school.org.uk\\\/sr\\\/o-nama\\\/zaposleni\\\/#breadcrumb\"},\"inLanguage\":\"sr-RS\",\"potentialAction\":[{\"@type\":\"ReadAction\",\"target\":[\"https:\\\/\\\/www.british-int-school.org.uk\\\/sr\\\/o-nama\\\/zaposleni\\\/\"]}]},{\"@type\":\"ImageObject\",\"inLanguage\":\"sr-RS\",\"@id\":\"https:\\\/\\\/www.british-int-school.org.uk\\\/sr\\\/o-nama\\\/zaposleni\\\/#primaryimage\",\"url\":\"https:\\\/\\\/www.british-int-school.org.uk\\\/wp-content\\\/uploads\\\/2022\\\/04\\\/bis-staff.jpg\",\"contentUrl\":\"https:\\\/\\\/www.british-int-school.org.uk\\\/wp-content\\\/uploads\\\/2022\\\/04\\\/bis-staff.jpg\",\"width\":1920,\"height\":700,\"caption\":\"BIS - bis-staff\"},{\"@type\":\"BreadcrumbList\",\"@id\":\"https:\\\/\\\/www.british-int-school.org.uk\\\/sr\\\/o-nama\\\/zaposleni\\\/#breadcrumb\",\"itemListElement\":[{\"@type\":\"ListItem\",\"position\":1,\"name\":\"Home\",\"item\":\"https:\\\/\\\/www.british-int-school.org.uk\\\/sr\\\/\"},{\"@type\":\"ListItem\",\"position\":2,\"name\":\"O nama\",\"item\":\"https:\\\/\\\/www.british-int-school.org.uk\\\/sr\\\/o-nama\\\/\"},{\"@type\":\"ListItem\",\"position\":3,\"name\":\"Zaposleni\"}]},{\"@type\":\"WebSite\",\"@id\":\"https:\\\/\\\/www.british-int-school.org.uk\\\/#website\",\"url\":\"https:\\\/\\\/www.british-int-school.org.uk\\\/\",\"name\":\"British International School\",\"description\":\"\",\"publisher\":{\"@id\":\"https:\\\/\\\/www.british-int-school.org.uk\\\/#organization\"},\"potentialAction\":[{\"@type\":\"SearchAction\",\"target\":{\"@type\":\"EntryPoint\",\"urlTemplate\":\"https:\\\/\\\/www.british-int-school.org.uk\\\/?s={search_term_string}\"},\"query-input\":{\"@type\":\"PropertyValueSpecification\",\"valueRequired\":true,\"valueName\":\"search_term_string\"}}],\"inLanguage\":\"sr-RS\"},{\"@type\":\"Organization\",\"@id\":\"https:\\\/\\\/www.british-int-school.org.uk\\\/#organization\",\"name\":\"British International School\",\"url\":\"https:\\\/\\\/www.british-int-school.org.uk\\\/\",\"logo\":{\"@type\":\"ImageObject\",\"inLanguage\":\"sr-RS\",\"@id\":\"https:\\\/\\\/www.british-int-school.org.uk\\\/#\\\/schema\\\/logo\\\/image\\\/\",\"url\":\"https:\\\/\\\/www.british-int-school.org.uk\\\/wp-content\\\/uploads\\\/2017\\\/09\\\/Logo-BIS-150.jpg\",\"contentUrl\":\"https:\\\/\\\/www.british-int-school.org.uk\\\/wp-content\\\/uploads\\\/2017\\\/09\\\/Logo-BIS-150.jpg\",\"width\":150,\"height\":150,\"caption\":\"British International School\"},\"image\":{\"@id\":\"https:\\\/\\\/www.british-int-school.org.uk\\\/#\\\/schema\\\/logo\\\/image\\\/\"}}]}<\/script>\n<!-- \/ Yoast SEO plugin. -->","yoast_head_json":{"title":"Zaposleni | British International School","robots":{"index":"index","follow":"follow","max-snippet":"max-snippet:-1","max-image-preview":"max-image-preview:large","max-video-preview":"max-video-preview:-1"},"canonical":"https:\/\/www.british-int-school.org.uk\/sr\/o-nama\/zaposleni\/","og_locale":"sr_RS","og_type":"article","og_title":"Zaposleni | British International School","og_description":"Direktor obrazovanja, Aleksandra Keserovi\u0107, stekla je obrazovanje i zvanje magistra muzikologije na Univerzitetu u Beogradu. G-\u0111a Keserovi\u0107 je licencirani nastavnik [&hellip;]","og_url":"https:\/\/www.british-int-school.org.uk\/sr\/o-nama\/zaposleni\/","og_site_name":"British International School","article_modified_time":"2026-01-23T14:09:22+00:00","og_image":[{"width":1920,"height":700,"url":"https:\/\/www.british-int-school.org.uk\/wp-content\/uploads\/2022\/04\/bis-staff.jpg","type":"image\/jpeg"}],"twitter_card":"summary_large_image","twitter_misc":{"Procenjeno vreme \u010ditanja":"3 minuta"},"schema":{"@context":"https:\/\/schema.org","@graph":[{"@type":"WebPage","@id":"https:\/\/www.british-int-school.org.uk\/sr\/o-nama\/zaposleni\/","url":"https:\/\/www.british-int-school.org.uk\/sr\/o-nama\/zaposleni\/","name":"Zaposleni | British International School","isPartOf":{"@id":"https:\/\/www.british-int-school.org.uk\/#website"},"primaryImageOfPage":{"@id":"https:\/\/www.british-int-school.org.uk\/sr\/o-nama\/zaposleni\/#primaryimage"},"image":{"@id":"https:\/\/www.british-int-school.org.uk\/sr\/o-nama\/zaposleni\/#primaryimage"},"thumbnailUrl":"https:\/\/www.british-int-school.org.uk\/wp-content\/uploads\/2022\/04\/bis-staff.jpg","datePublished":"2022-05-31T20:47:21+00:00","dateModified":"2026-01-23T14:09:22+00:00","breadcrumb":{"@id":"https:\/\/www.british-int-school.org.uk\/sr\/o-nama\/zaposleni\/#breadcrumb"},"inLanguage":"sr-RS","potentialAction":[{"@type":"ReadAction","target":["https:\/\/www.british-int-school.org.uk\/sr\/o-nama\/zaposleni\/"]}]},{"@type":"ImageObject","inLanguage":"sr-RS","@id":"https:\/\/www.british-int-school.org.uk\/sr\/o-nama\/zaposleni\/#primaryimage","url":"https:\/\/www.british-int-school.org.uk\/wp-content\/uploads\/2022\/04\/bis-staff.jpg","contentUrl":"https:\/\/www.british-int-school.org.uk\/wp-content\/uploads\/2022\/04\/bis-staff.jpg","width":1920,"height":700,"caption":"BIS - bis-staff"},{"@type":"BreadcrumbList","@id":"https:\/\/www.british-int-school.org.uk\/sr\/o-nama\/zaposleni\/#breadcrumb","itemListElement":[{"@type":"ListItem","position":1,"name":"Home","item":"https:\/\/www.british-int-school.org.uk\/sr\/"},{"@type":"ListItem","position":2,"name":"O nama","item":"https:\/\/www.british-int-school.org.uk\/sr\/o-nama\/"},{"@type":"ListItem","position":3,"name":"Zaposleni"}]},{"@type":"WebSite","@id":"https:\/\/www.british-int-school.org.uk\/#website","url":"https:\/\/www.british-int-school.org.uk\/","name":"British International School","description":"","publisher":{"@id":"https:\/\/www.british-int-school.org.uk\/#organization"},"potentialAction":[{"@type":"SearchAction","target":{"@type":"EntryPoint","urlTemplate":"https:\/\/www.british-int-school.org.uk\/?s={search_term_string}"},"query-input":{"@type":"PropertyValueSpecification","valueRequired":true,"valueName":"search_term_string"}}],"inLanguage":"sr-RS"},{"@type":"Organization","@id":"https:\/\/www.british-int-school.org.uk\/#organization","name":"British International School","url":"https:\/\/www.british-int-school.org.uk\/","logo":{"@type":"ImageObject","inLanguage":"sr-RS","@id":"https:\/\/www.british-int-school.org.uk\/#\/schema\/logo\/image\/","url":"https:\/\/www.british-int-school.org.uk\/wp-content\/uploads\/2017\/09\/Logo-BIS-150.jpg","contentUrl":"https:\/\/www.british-int-school.org.uk\/wp-content\/uploads\/2017\/09\/Logo-BIS-150.jpg","width":150,"height":150,"caption":"British International School"},"image":{"@id":"https:\/\/www.british-int-school.org.uk\/#\/schema\/logo\/image\/"}}]}},"_links":{"self":[{"href":"https:\/\/www.british-int-school.org.uk\/sr\/wp-json\/wp\/v2\/pages\/10523","targetHints":{"allow":["GET"]}}],"collection":[{"href":"https:\/\/www.british-int-school.org.uk\/sr\/wp-json\/wp\/v2\/pages"}],"about":[{"href":"https:\/\/www.british-int-school.org.uk\/sr\/wp-json\/wp\/v2\/types\/page"}],"author":[{"embeddable":true,"href":"https:\/\/www.british-int-school.org.uk\/sr\/wp-json\/wp\/v2\/users\/11"}],"replies":[{"embeddable":true,"href":"https:\/\/www.british-int-school.org.uk\/sr\/wp-json\/wp\/v2\/comments?post=10523"}],"version-history":[{"count":0,"href":"https:\/\/www.british-int-school.org.uk\/sr\/wp-json\/wp\/v2\/pages\/10523\/revisions"}],"up":[{"embeddable":true,"href":"https:\/\/www.british-int-school.org.uk\/sr\/wp-json\/wp\/v2\/pages\/10470"}],"wp:featuredmedia":[{"embeddable":true,"href":"https:\/\/www.british-int-school.org.uk\/sr\/wp-json\/wp\/v2\/media\/10441"}],"wp:attachment":[{"href":"https:\/\/www.british-int-school.org.uk\/sr\/wp-json\/wp\/v2\/media?parent=10523"}],"curies":[{"name":"wp","href":"https:\/\/api.w.org\/{rel}","templated":true}]}}