{"id":10534,"date":"2022-05-31T22:12:16","date_gmt":"2022-05-31T21:12:16","guid":{"rendered":"https:\/\/6s.rs\/bis\/?page_id=10534"},"modified":"2022-08-10T09:31:23","modified_gmt":"2022-08-10T08:31:23","slug":"niza-srednja-skola","status":"publish","type":"page","link":"https:\/\/www.british-int-school.org.uk\/sr\/niza-srednja-skola\/","title":{"rendered":"Ni\u017ea srednja \u0161kola"},"content":{"rendered":"<p>Sa najvi\u0161e petnaest u\u010denika u razredu, u\u010denici se navikavaju na promenu od jednog nastavnika za ve\u0107inu predmeta u jednoj u\u010dionici, na po jednog nastavnika za svaki predmet i menjanje u\u010dionica.<\/p>\n<p>Sa najvi\u0161e petnaest u\u010denika u razredu, u\u010denici se navikavaju na promenu od jednog u\u010ditelja za ve\u0107inu predmeta u jednoj u\u010dionici, na po jednog nastavnika za svaki predmet i menjanje u\u010dionica.<\/p>\n<h2 class=\"unutrasnja_naslov levo\">\u0160kolski kampus<\/h2>\n<p>U skladu sa pove\u0107anjem broja u\u010denika, BIS je u septembru 2015. godine otvorio kampus u <strong>Palackovoj ulici br. 11<\/strong>, u neposrednoj blizini <strong>kampusa vi\u0161ih razreda srednje \u0161kole<\/strong>. Taj kampus koriste u\u010denici Key Stage 3, u sedmom, osmom i devetom razredu.<\/p>\n<h2 class=\"unutrasnja_naslov levo\">Nastavni plan i program<\/h2>\n<p>Nastavni plan i program, koji se zasniva na <strong>britanskom nacionalnom nastavnom planu i programu<\/strong>, realizuju nastavnici specijalizovani za odre\u0111ene predmete. Program uklju\u010duje \u0161iroki spektar predmeta. U devetom razredu, zavr\u0161nom razredu Key Stage 3, u\u010denici pola\u017eu <strong>Cambridge Checkpoint<\/strong> ispite iz engleskog jezika, matematike i nauke, koji se ocenjuju eksterno.<\/p>\n<p>U ova tri razreda poha\u0111aju se slede\u0107i predmeti:<br \/>\nEngleski jezik, matematika, nauka, istorija, geografija, MFL (francuski, nema\u010dki, \u0161panski), umetnost i dizajn, informacione i komunikacione tehnologije, muzika, fizi\u010dko vaspitanje, li\u010dno, socijalno i zdravstveno obrazovanje, nastava drame i srpske\/kulturne studije (u sedmom, odnosno osmom razredu).<br \/>\nU sedmom, osmom i devetom razredu, rad se zasniva na \u0161kolskim predmetima i sledi smernice nacionalnog nastavnog plana i programa UK u svim razredima. Nacionalni plan i program nastave, zajedno sa \u0161irim \u0161kolskim planom i programom, ima za cilj da osigura da u\u010denici od najranijeg doba razviju osnovne ve\u0161tine koje su im potrebne za u\u010denje, te da im pru\u017ei detaljno i kompletno obrazovanje, razvije kreativnost i omogu\u0107i nastavnicima da sami odlu\u010de kako da na najbolji na\u010din podstaknu u\u010denike da rado i uspe\u0161no u\u010de.<\/p>\n<p>U\u010denici u sedmom, osmom i devetom razredu prate op\u0161ti nastavni plan i program koji uklju\u010duje:<\/p>\n<ul>\n<li>Engleski jezik\/Engleski kao drugi jezik (EAL)<\/li>\n<li>Matematiku<\/li>\n<li>Integrisanu nauku<\/li>\n<li>Li\u010dno, socijalno i zdravstveno obrazovanje (PSHE)<\/li>\n<li>Istoriju<\/li>\n<li>Geografiju<\/li>\n<li>Ra\u010dunarstvo<\/li>\n<li>Savremene strane jezike (francuski, nema\u010dki i \u0161panski)<\/li>\n<li>Srpske studije\/Kulturne studije (sedmi\/osmi razred)<\/li>\n<li>Umetnost i dizajn<\/li>\n<li>Muziku<\/li>\n<li>Fizi\u010dko vaspitanje (PE)<\/li>\n<li>Globalne perspektive<\/li>\n<\/ul>\n<p>U\u010denici biraju svoj IGCSE program u devetom razredu, u prole\u0107e\/po\u010detkom leta.<\/p>\n<h2 class=\"unutrasnja_naslov levo\">Komunikacija izme\u0111u roditelja i nastavnika<\/h2>\n<p>Roditelji dobijaju informacije o napredovanju svog deteta u izve\u0161taju o napredovanju na kraju svakog semestra, kao i u op\u0161irnijim izve\u0161tajima u periodu Bo\u017eic\u0301u i u leto. Roditeljski sastanci odr\u017eavaju se dva puta godi\u0161nje, a mogu\u0107e je i tokom cele \u0161kolske godine zakazati sastanak sa nekim od SMT ili razrednim stare\u0161inom. Ve\u010de sa roditeljima i nastavnicima organizuju se tokom cele godine. One predstavljaju dragocenu mogu\u0107nost za zaposlene i roditelje da se sastanu i razgovaraju o napretku u\u010denika. Datumi odr\u017eavanja objavljuju se u \u0161kolskom kalendaru.<\/p>\n<h2 class=\"unutrasnja_naslov levo\">Socijalna i emocionalna podr\u0161ka<\/h2>\n<p>Pored svakodnevnog \u017eivota BIS \u0161kole, u\u010denici se tokom cele godine ohrabruju da se priklju\u010de velikom broju aktivnosti pru\u017eanja socijalne i emocionalne podr\u0161ke. Aktivno u\u010de\u0161\u0107e omogu\u0107ava u\u010denicima da \u0161kolske predmete pove\u017eu a ve\u0161tine koje su stekli u BIS-u svrsishodno upotrebe. Spisak godi\u0161njih doga\u0111aja uklju\u010duje: \u201dMeet the World\u201d projekat, aktivnosti saveta u\u010denika, svetski dan poezije, obilaske raznih muzeja, izlo\u017ebi i manastira, Bo\u017ei\u0107ne produkcije, umetni\u010dke izlo\u017ebe, proslavu dana UN, nedelju ekskurzija, pomo\u0107 lokalnoj zajednici.<\/p>\n<h2 class=\"unutrasnja_naslov levo\">Sekcije i vannastavne aktivnosti<\/h2>\n<p>U BIS-u postoji niz vannastavnih aktivnosti koje su veoma zabavne ali isto tako, na svoj na\u010din, povezane sa nastavnim planom i programom. Izbor dostupnih sekcija menja se u zavisnosti od polugodi\u0161ta, te se podaci o aktuelnim sekcijama mogu dobiti od \u0161kolske administracije. Neke od tih aktivnosti su drama, hor, stoni tenis, plivanje, ko\u0161arka, klub \u201cbrain drain\u201d, snimanje filmova, afri\u010dka umetnost, itd.<\/p>\n<h2 class=\"unutrasnja_naslov levo\">Engleski kao drugi jezik<\/h2>\n<p>BIS pru\u017ea dodatnu podr\u0161ku kako bi olak\u0161ala integraciju u\u010denika u \u0161kolski sistem i pripremila ih za ispite na engleskom kao drugom jeziku. S obzirom na me\u0111unarodni sastav u\u010denika \u0161kole, rad ovog departmana od su\u0161tinskog je zna\u010daja da omogu\u0107i u\u010denicima koji na\u0161u \u0161kolu upi\u0161u sa malo ili bez znanja engleskog jezika da se \u0161to pre uklju\u010de u celokupan nastavni plan i program. Od samog po\u010detka, u\u010denici koji prate op\u0161iran EAL program poha\u0111aju prakti\u010dne predmete i fizi\u010dko vaspitanje u redovnoj nastavi, \u010dime se olak\u0161ava njihova integracija. Nakon individualnog programa, u\u010denici dobijaju podr\u0161ku u u\u010denju engleskog jezika u malim grupama. U\u010denici brzo razviju entuzijazam i odlu\u010dnost da napreduju. U tome ih podr\u017eava pa\u017eljivo planirana i stru\u010dno odr\u017eana nastava.<\/p>\n<div id=\"jig1\" class=\"justified-image-grid jig-d65f6ffd5b7fcf959e23939530e80f57 jig-preset-global\"><div class=\"jig-clearfix\"><\/div><noscript id=\"jig1-html\" class=\"justified-image-grid-html\" data-lazy-src=\"skiplazyload\" data-src=\"skipunveillazyload\"><ul><li><a href=\"https:\/\/www.british-int-school.org.uk\/wp-content\/uploads\/2017\/03\/Palackova.jpg\" title=\"Palackova\"><img loading=\"lazy\" decoding=\"async\" src=\"https:\/\/www.british-int-school.org.uk\/wp-content\/plugins\/justified-image-grid\/timthumb.php?src=https%3A%2F%2Fwww.british-int-school.org.uk%2Fwp-content%2Fuploads%2F2017%2F03%2FPalackova.jpg&amp;h=300&amp;q=90&amp;f=.jpg\" alt=\"Palackova\" width=\"416\" height=\"300\" \/><\/a><p class=\"jig-HTMLdescription\">Palackova<\/p><\/li><li><a href=\"https:\/\/www.british-int-school.org.uk\/wp-content\/uploads\/2017\/03\/IMG_1970-1024x683.jpg\"><img loading=\"lazy\" decoding=\"async\" src=\"https:\/\/www.british-int-school.org.uk\/wp-content\/plugins\/justified-image-grid\/timthumb.php?src=https%3A%2F%2Fwww.british-int-school.org.uk%2Fwp-content%2Fuploads%2F2017%2F03%2FIMG_1970-1024x683.jpg&amp;h=300&amp;q=90&amp;f=.jpg\" alt=\"\" width=\"449\" height=\"300\" \/><\/a><\/li><li><a href=\"https:\/\/www.british-int-school.org.uk\/wp-content\/uploads\/2017\/03\/IMG_1963-1024x683.jpg\"><img loading=\"lazy\" decoding=\"async\" src=\"https:\/\/www.british-int-school.org.uk\/wp-content\/plugins\/justified-image-grid\/timthumb.php?src=https%3A%2F%2Fwww.british-int-school.org.uk%2Fwp-content%2Fuploads%2F2017%2F03%2FIMG_1963-1024x683.jpg&amp;h=300&amp;q=90&amp;f=.jpg\" alt=\"\" width=\"449\" height=\"300\" \/><\/a><\/li><li><a href=\"https:\/\/www.british-int-school.org.uk\/wp-content\/uploads\/2017\/03\/BIS-849-1024x683.jpg\"><img loading=\"lazy\" decoding=\"async\" src=\"https:\/\/www.british-int-school.org.uk\/wp-content\/plugins\/justified-image-grid\/timthumb.php?src=https%3A%2F%2Fwww.british-int-school.org.uk%2Fwp-content%2Fuploads%2F2017%2F03%2FBIS-849-1024x683.jpg&amp;h=300&amp;q=90&amp;f=.jpg\" alt=\"\" width=\"449\" height=\"300\" \/><\/a><\/li><\/ul><\/noscript><\/div>\n<p class=\"highlighted\">Sastanak mo\u017eete zakazati putem email-a <a href=\"mailto:info@bis.edu.rs\">info@bis.edu.rs<\/a>\u00a0ili telefonom na broj <a href=\"tel:+381653066097\">+381 65 3066 097<\/a><\/p>\n","protected":false},"excerpt":{"rendered":"<p>Sa najvi\u0161e petnaest u\u010denika u razredu, u\u010denici se navikavaju na promenu od jednog nastavnika za ve\u0107inu predmeta u jednoj u\u010dionici, [&hellip;]<\/p>\n","protected":false},"author":11,"featured_media":10439,"parent":0,"menu_order":0,"comment_status":"closed","ping_status":"closed","template":"","meta":{"footnotes":""},"class_list":["post-10534","page","type-page","status-publish","has-post-thumbnail","hentry"],"yoast_head":"<!-- This site is optimized with the Yoast SEO plugin v27.4 - https:\/\/yoast.com\/product\/yoast-seo-wordpress\/ -->\n<title>Ni\u017ea srednja \u0161kola | British International School<\/title>\n<meta name=\"robots\" content=\"index, follow, max-snippet:-1, max-image-preview:large, max-video-preview:-1\" \/>\n<link rel=\"canonical\" href=\"https:\/\/www.british-int-school.org.uk\/sr\/niza-srednja-skola\/\" \/>\n<meta property=\"og:locale\" content=\"sr_RS\" \/>\n<meta property=\"og:type\" content=\"article\" \/>\n<meta property=\"og:title\" content=\"Ni\u017ea srednja \u0161kola | British International School\" \/>\n<meta property=\"og:description\" content=\"Sa najvi\u0161e petnaest u\u010denika u razredu, u\u010denici se navikavaju na promenu od jednog nastavnika za ve\u0107inu predmeta u jednoj u\u010dionici, [&hellip;]\" \/>\n<meta property=\"og:url\" content=\"https:\/\/www.british-int-school.org.uk\/sr\/niza-srednja-skola\/\" \/>\n<meta property=\"og:site_name\" content=\"British International School\" \/>\n<meta property=\"article:modified_time\" content=\"2022-08-10T08:31:23+00:00\" \/>\n<meta property=\"og:image\" content=\"https:\/\/www.british-int-school.org.uk\/wp-content\/uploads\/2022\/04\/bis-lower-secondary.jpg\" \/>\n\t<meta property=\"og:image:width\" content=\"1920\" \/>\n\t<meta property=\"og:image:height\" content=\"700\" \/>\n\t<meta property=\"og:image:type\" content=\"image\/jpeg\" \/>\n<meta name=\"twitter:card\" content=\"summary_large_image\" \/>\n<meta name=\"twitter:label1\" content=\"Procenjeno vreme \u010ditanja\" \/>\n\t<meta name=\"twitter:data1\" content=\"4 minuta\" \/>\n<script type=\"application\/ld+json\" class=\"yoast-schema-graph\">{\"@context\":\"https:\\\/\\\/schema.org\",\"@graph\":[{\"@type\":\"WebPage\",\"@id\":\"https:\\\/\\\/www.british-int-school.org.uk\\\/sr\\\/niza-srednja-skola\\\/\",\"url\":\"https:\\\/\\\/www.british-int-school.org.uk\\\/sr\\\/niza-srednja-skola\\\/\",\"name\":\"Ni\u017ea srednja \u0161kola | British International School\",\"isPartOf\":{\"@id\":\"https:\\\/\\\/www.british-int-school.org.uk\\\/#website\"},\"primaryImageOfPage\":{\"@id\":\"https:\\\/\\\/www.british-int-school.org.uk\\\/sr\\\/niza-srednja-skola\\\/#primaryimage\"},\"image\":{\"@id\":\"https:\\\/\\\/www.british-int-school.org.uk\\\/sr\\\/niza-srednja-skola\\\/#primaryimage\"},\"thumbnailUrl\":\"https:\\\/\\\/www.british-int-school.org.uk\\\/wp-content\\\/uploads\\\/2022\\\/04\\\/bis-lower-secondary.jpg\",\"datePublished\":\"2022-05-31T21:12:16+00:00\",\"dateModified\":\"2022-08-10T08:31:23+00:00\",\"breadcrumb\":{\"@id\":\"https:\\\/\\\/www.british-int-school.org.uk\\\/sr\\\/niza-srednja-skola\\\/#breadcrumb\"},\"inLanguage\":\"sr-RS\",\"potentialAction\":[{\"@type\":\"ReadAction\",\"target\":[\"https:\\\/\\\/www.british-int-school.org.uk\\\/sr\\\/niza-srednja-skola\\\/\"]}]},{\"@type\":\"ImageObject\",\"inLanguage\":\"sr-RS\",\"@id\":\"https:\\\/\\\/www.british-int-school.org.uk\\\/sr\\\/niza-srednja-skola\\\/#primaryimage\",\"url\":\"https:\\\/\\\/www.british-int-school.org.uk\\\/wp-content\\\/uploads\\\/2022\\\/04\\\/bis-lower-secondary.jpg\",\"contentUrl\":\"https:\\\/\\\/www.british-int-school.org.uk\\\/wp-content\\\/uploads\\\/2022\\\/04\\\/bis-lower-secondary.jpg\",\"width\":1920,\"height\":700,\"caption\":\"BIS - bis-lower-secondary\"},{\"@type\":\"BreadcrumbList\",\"@id\":\"https:\\\/\\\/www.british-int-school.org.uk\\\/sr\\\/niza-srednja-skola\\\/#breadcrumb\",\"itemListElement\":[{\"@type\":\"ListItem\",\"position\":1,\"name\":\"Home\",\"item\":\"https:\\\/\\\/www.british-int-school.org.uk\\\/sr\\\/\"},{\"@type\":\"ListItem\",\"position\":2,\"name\":\"Ni\u017ea srednja \u0161kola\"}]},{\"@type\":\"WebSite\",\"@id\":\"https:\\\/\\\/www.british-int-school.org.uk\\\/#website\",\"url\":\"https:\\\/\\\/www.british-int-school.org.uk\\\/\",\"name\":\"British International School\",\"description\":\"\",\"publisher\":{\"@id\":\"https:\\\/\\\/www.british-int-school.org.uk\\\/#organization\"},\"potentialAction\":[{\"@type\":\"SearchAction\",\"target\":{\"@type\":\"EntryPoint\",\"urlTemplate\":\"https:\\\/\\\/www.british-int-school.org.uk\\\/?s={search_term_string}\"},\"query-input\":{\"@type\":\"PropertyValueSpecification\",\"valueRequired\":true,\"valueName\":\"search_term_string\"}}],\"inLanguage\":\"sr-RS\"},{\"@type\":\"Organization\",\"@id\":\"https:\\\/\\\/www.british-int-school.org.uk\\\/#organization\",\"name\":\"British International School\",\"url\":\"https:\\\/\\\/www.british-int-school.org.uk\\\/\",\"logo\":{\"@type\":\"ImageObject\",\"inLanguage\":\"sr-RS\",\"@id\":\"https:\\\/\\\/www.british-int-school.org.uk\\\/#\\\/schema\\\/logo\\\/image\\\/\",\"url\":\"https:\\\/\\\/www.british-int-school.org.uk\\\/wp-content\\\/uploads\\\/2017\\\/09\\\/Logo-BIS-150.jpg\",\"contentUrl\":\"https:\\\/\\\/www.british-int-school.org.uk\\\/wp-content\\\/uploads\\\/2017\\\/09\\\/Logo-BIS-150.jpg\",\"width\":150,\"height\":150,\"caption\":\"British International School\"},\"image\":{\"@id\":\"https:\\\/\\\/www.british-int-school.org.uk\\\/#\\\/schema\\\/logo\\\/image\\\/\"}}]}<\/script>\n<!-- \/ Yoast SEO plugin. -->","yoast_head_json":{"title":"Ni\u017ea srednja \u0161kola | British International School","robots":{"index":"index","follow":"follow","max-snippet":"max-snippet:-1","max-image-preview":"max-image-preview:large","max-video-preview":"max-video-preview:-1"},"canonical":"https:\/\/www.british-int-school.org.uk\/sr\/niza-srednja-skola\/","og_locale":"sr_RS","og_type":"article","og_title":"Ni\u017ea srednja \u0161kola | British International School","og_description":"Sa najvi\u0161e petnaest u\u010denika u razredu, u\u010denici se navikavaju na promenu od jednog nastavnika za ve\u0107inu predmeta u jednoj u\u010dionici, [&hellip;]","og_url":"https:\/\/www.british-int-school.org.uk\/sr\/niza-srednja-skola\/","og_site_name":"British International School","article_modified_time":"2022-08-10T08:31:23+00:00","og_image":[{"width":1920,"height":700,"url":"https:\/\/www.british-int-school.org.uk\/wp-content\/uploads\/2022\/04\/bis-lower-secondary.jpg","type":"image\/jpeg"}],"twitter_card":"summary_large_image","twitter_misc":{"Procenjeno vreme \u010ditanja":"4 minuta"},"schema":{"@context":"https:\/\/schema.org","@graph":[{"@type":"WebPage","@id":"https:\/\/www.british-int-school.org.uk\/sr\/niza-srednja-skola\/","url":"https:\/\/www.british-int-school.org.uk\/sr\/niza-srednja-skola\/","name":"Ni\u017ea srednja \u0161kola | British International School","isPartOf":{"@id":"https:\/\/www.british-int-school.org.uk\/#website"},"primaryImageOfPage":{"@id":"https:\/\/www.british-int-school.org.uk\/sr\/niza-srednja-skola\/#primaryimage"},"image":{"@id":"https:\/\/www.british-int-school.org.uk\/sr\/niza-srednja-skola\/#primaryimage"},"thumbnailUrl":"https:\/\/www.british-int-school.org.uk\/wp-content\/uploads\/2022\/04\/bis-lower-secondary.jpg","datePublished":"2022-05-31T21:12:16+00:00","dateModified":"2022-08-10T08:31:23+00:00","breadcrumb":{"@id":"https:\/\/www.british-int-school.org.uk\/sr\/niza-srednja-skola\/#breadcrumb"},"inLanguage":"sr-RS","potentialAction":[{"@type":"ReadAction","target":["https:\/\/www.british-int-school.org.uk\/sr\/niza-srednja-skola\/"]}]},{"@type":"ImageObject","inLanguage":"sr-RS","@id":"https:\/\/www.british-int-school.org.uk\/sr\/niza-srednja-skola\/#primaryimage","url":"https:\/\/www.british-int-school.org.uk\/wp-content\/uploads\/2022\/04\/bis-lower-secondary.jpg","contentUrl":"https:\/\/www.british-int-school.org.uk\/wp-content\/uploads\/2022\/04\/bis-lower-secondary.jpg","width":1920,"height":700,"caption":"BIS - bis-lower-secondary"},{"@type":"BreadcrumbList","@id":"https:\/\/www.british-int-school.org.uk\/sr\/niza-srednja-skola\/#breadcrumb","itemListElement":[{"@type":"ListItem","position":1,"name":"Home","item":"https:\/\/www.british-int-school.org.uk\/sr\/"},{"@type":"ListItem","position":2,"name":"Ni\u017ea srednja \u0161kola"}]},{"@type":"WebSite","@id":"https:\/\/www.british-int-school.org.uk\/#website","url":"https:\/\/www.british-int-school.org.uk\/","name":"British International School","description":"","publisher":{"@id":"https:\/\/www.british-int-school.org.uk\/#organization"},"potentialAction":[{"@type":"SearchAction","target":{"@type":"EntryPoint","urlTemplate":"https:\/\/www.british-int-school.org.uk\/?s={search_term_string}"},"query-input":{"@type":"PropertyValueSpecification","valueRequired":true,"valueName":"search_term_string"}}],"inLanguage":"sr-RS"},{"@type":"Organization","@id":"https:\/\/www.british-int-school.org.uk\/#organization","name":"British International School","url":"https:\/\/www.british-int-school.org.uk\/","logo":{"@type":"ImageObject","inLanguage":"sr-RS","@id":"https:\/\/www.british-int-school.org.uk\/#\/schema\/logo\/image\/","url":"https:\/\/www.british-int-school.org.uk\/wp-content\/uploads\/2017\/09\/Logo-BIS-150.jpg","contentUrl":"https:\/\/www.british-int-school.org.uk\/wp-content\/uploads\/2017\/09\/Logo-BIS-150.jpg","width":150,"height":150,"caption":"British International School"},"image":{"@id":"https:\/\/www.british-int-school.org.uk\/#\/schema\/logo\/image\/"}}]}},"_links":{"self":[{"href":"https:\/\/www.british-int-school.org.uk\/sr\/wp-json\/wp\/v2\/pages\/10534","targetHints":{"allow":["GET"]}}],"collection":[{"href":"https:\/\/www.british-int-school.org.uk\/sr\/wp-json\/wp\/v2\/pages"}],"about":[{"href":"https:\/\/www.british-int-school.org.uk\/sr\/wp-json\/wp\/v2\/types\/page"}],"author":[{"embeddable":true,"href":"https:\/\/www.british-int-school.org.uk\/sr\/wp-json\/wp\/v2\/users\/11"}],"replies":[{"embeddable":true,"href":"https:\/\/www.british-int-school.org.uk\/sr\/wp-json\/wp\/v2\/comments?post=10534"}],"version-history":[{"count":0,"href":"https:\/\/www.british-int-school.org.uk\/sr\/wp-json\/wp\/v2\/pages\/10534\/revisions"}],"wp:featuredmedia":[{"embeddable":true,"href":"https:\/\/www.british-int-school.org.uk\/sr\/wp-json\/wp\/v2\/media\/10439"}],"wp:attachment":[{"href":"https:\/\/www.british-int-school.org.uk\/sr\/wp-json\/wp\/v2\/media?parent=10534"}],"curies":[{"name":"wp","href":"https:\/\/api.w.org\/{rel}","templated":true}]}}