{"id":10538,"date":"2022-05-31T22:18:14","date_gmt":"2022-05-31T21:18:14","guid":{"rendered":"https:\/\/6s.rs\/bis\/?page_id=10538"},"modified":"2022-08-08T14:38:11","modified_gmt":"2022-08-08T13:38:11","slug":"niza-osnovna-skola","status":"publish","type":"page","link":"https:\/\/www.british-int-school.org.uk\/sr\/niza-osnovna-skola\/","title":{"rendered":"Vi\u0161i razredi osnovne \u0161kole"},"content":{"rendered":"<p>Sa najvi\u0161e petnaest u\u010denika u razredu, inostranim nastavnikom i asistentom u nastavi, svakom u\u010deniku nudi se mogu\u0107nost da razvije i ostvari svoj puni potencijal.<\/p>\n<h2 class=\"unutrasnja_naslov levo\">\u0160kolski kampus<\/h2>\n<p>Kampus BIS vi\u0161ih razreda osnovne \u0161kole u <strong>Vlastimira \u017dupana br. 3<\/strong> nalazi se odmah iza zgrade ni\u017eih razreda osnovne \u0161kole. Sastoji se od velikih i prostranih u\u010dionica i ima moderan i lep izgled. Poseduje odvojenu zonu za nauku i veliku kompjutersku salu. Vi\u0161i razredi, Key Stage 2, obuhvataju tre\u0107i, \u010detvrti, peti i \u0161esti razred.<\/p>\n<p><strong>Nastavni plan i program<\/strong><br \/>\nNastavni plan i program oslanja se na britanski nacionalni nastavni plan i program i bazira se na \u0161kolskim predmetima. U \u0161estom i zavr\u0161nom razredu osnovne \u0161kole, u\u010denici pola\u017eu <em>Cambridge Checkpoint<\/em> ispite iz engleskog jezika, matematike i nauke, koji se ocenjuju eksterno.<\/p>\n<p>Pored tradicionalnih \u0161kolskih predmeta kao \u0161to su engleski jezik, matematika, nauka, istorija, geografija, ra\u010dunarstvo i umetnost i dizajn, koje im predaje njihov u\u010ditelj, u\u010denici imaju i fizi\u010dko i muzi\u010dko vaspitanje koje im predaju nastavnici specijalizovani za te predmete.<\/p>\n<p>Za u\u010denike kojima su potrebni dodatni \u010dasovi engleskog jezika, imamo posebnog nastavnika koji predaje engleski kao drugi jezik (ESL). U\u010denici na tre\u0107oj godini kojima nisu potrebni ESL \u010dasovi mogu da izaberu francuski, nema\u010dki ili srpski jezik kao dodatni.<\/p>\n<h2 class=\"unutrasnja_naslov levo\">Procena<\/h2>\n<p>Svi u\u010denici prolaze kroz procenu na upisu u BIS, kako bismo utvrdili osnovni nivo od kojeg pratimo napredak i postignu\u0107a za vreme boravka u na\u0161oj \u0161koli. Nakon izvr\u0161ene procene, razredni stare\u0161ina sastavlja plan individualnog u\u010denja za svakog u\u010denika na osnovu njegovog nivoa znanja, koji mora da odgovara njegovom uzrastu. Razredni stare\u0161ina time osigurava da svi u\u010denici imaju pristup nastavnom planu i programu. Ta diferencijacija primenjuje se u svim fazama u\u010denja. Razredni stare\u0161ina odgovoran je za trajnu procenu akademskog napredovanja svog razreda. U\u010denici redovno pola\u017eu testove, a <strong>Kembrid\u017e program za osnovnu \u0161kolu<\/strong> koristi se kao priznata metoda ispitivanja za utvr\u0111ivanje nivoa ste\u010denog znanja, razumevanja i ve\u0161tina u osnovnim predmetima kao \u0161to su engleski jezik, matematika i nauka na kraju Key Stage 2.<\/p>\n<h2 class=\"unutrasnja_naslov levo\">Klubovi vannastavnih aktivnosti<\/h2>\n<p>Pored predmeta iz nastavnog plana i programa, u\u010denici BIS osnovne \u0161kole razvijaju socijalne ve\u0161tine kroz <strong>vannastavne aktivnosti<\/strong> koje se organizuju dva puta nedeljno (od kuvanja, preko grn\u010darija do kapoere i jo\u0161 mnogo toga).<br \/>\n\u0160kolska nedelja zavr\u0161ava se odr\u017eavanjem skup\u0161tine u petak posle podne, gde u\u010denici pred celom \u0161kolom pokazuju stvari koje su napravili te nedelje.<br \/>\nTo mo\u017ee biti umetni\u010dko delo, \u010ditanje nekog sastava na engleskom jeziku ili izvo\u0111enje predstave sa svojim vr\u0161njacima. Nakon okupljanja slede \u201czlatni sati\u201d, gde u\u010denici mogu da izaberu kojom vannastavnom aktivno\u0161\u0107u \u017eele da zavr\u0161e nedelju.<br \/>\nSvi u\u010denici u\u010destvuju u godi\u0161njoj priredbi koja se izvodi u eksternom profesionalnom pozori\u0161tu a koju roditelji i prijatelji rado i redovno pose\u0107uju.<\/p>\n<h2 class=\"unutrasnja_naslov levo\">Ra\u010dunarstvo<\/h2>\n<p>Svaka u\u010dionica poseduje <strong>interaktivnu tablu<\/strong>, a u\u010denici osnovne \u0161kole imaju na raspolaganju kako kompjuterski paket tako i dva laptop kompleta. Tu opremu koriste svi razredi, s obzirom na zna\u010daj informacionih tehnologija u dana\u0161njem vremenu. Pored zasebnih IT \u010dasova koji se organizuju za u\u010denike svih razreda, oprema se mo\u017ee koristiti i u drugim okolnostima, na primer na \u010dasovima matematike i jezika. Dostupan je veliki broj softvera, te internet opcija na bazi pretplate na neki od sajtova za obrazovanje Ujedinjenog Kraljevstva.<\/p>\n<h2 class=\"unutrasnja_naslov levo\">Komunikacija izme\u0111u roditelja i nastavnika<\/h2>\n<p>Roditelji dobijaju informacije o napredovanju svog deteta iz Dnevnika doma\u0107ih zadataka u\u010denika, gde nastavnik\/asistent u nastavi redovno upisuju podatke. Pored toga, postoje zvani\u010dni izve\u0161taji koji se sastavljaju za Bo\u017eic\u0301 i u leto. <strong>Roditeljski sastanci<\/strong> odr\u017eavaju se dva puta godi\u0161nje, a roditeljima je omogu\u0107eno da tokom cele \u0161kolske godine zaka\u017eu sastanak sa nekim od \u010dlanova vi\u0161eg rukovodstva ili razrednim stare\u0161inom.<\/p>\n<h2 class=\"unutrasnja_naslov levo\">\u0160kolska putovanja<\/h2>\n<p>Pored jednodnevnih putovanja tokom cele \u0161kolske godine, jednom godi\u0161nje po izboru razrednog stare\u0161ine organizuje se \u010detvorodnevno putovanje na neko odredi\u0161te u Srbiji. U\u010denici BIS osnovne \u0161kole su na jednom putovanju, posetili oblast Ivanjice. Jedna od mnogih aktivnosti bila je putovanje brodi\u0107em kroz meandre reke Uvac. Prizori su bili spektakularni, a to je bez sumnje jedan od najlep\u0161ih delova Srbije. U\u010denici su u\u017eivali u miru koji pe\u0107ina nudi, iako ne bez pote\u0161ko\u0107a da na trenutak ostanu tihi. Ostale aktivnosti uklju\u010divale su plivanje u spa centru, posetu planinskom vodopadu, disko-\u017eurku i posetu jednom manastiru na Javoru. U\u010denici vi\u0161ih razreda osnovne \u0161kole boravili su i na Zlatiboru i u\u017eivali u svim \u010darima ove divne planine.<\/p>\n<div id=\"jig1\" class=\"justified-image-grid jig-51c60439be1ca163bf0df75f9653ded0 jig-preset-global\"><div class=\"jig-clearfix\"><\/div><noscript id=\"jig1-html\" class=\"justified-image-grid-html\" data-lazy-src=\"skiplazyload\" data-src=\"skipunveillazyload\"><ul><li><a href=\"https:\/\/www.british-int-school.org.uk\/wp-content\/uploads\/2016\/11\/s33-1_Michelle_IMG_0451-1024x683.jpg\"><img loading=\"lazy\" decoding=\"async\" src=\"https:\/\/www.british-int-school.org.uk\/wp-content\/plugins\/justified-image-grid\/timthumb.php?src=https%3A%2F%2Fwww.british-int-school.org.uk%2Fwp-content%2Fuploads%2F2016%2F11%2Fs33-1_Michelle_IMG_0451-1024x683.jpg&amp;h=300&amp;q=90&amp;f=.jpg\" alt=\"\" width=\"449\" height=\"300\" \/><\/a><\/li><li><a href=\"https:\/\/www.british-int-school.org.uk\/wp-content\/uploads\/2016\/11\/s32_Pottery_IMG_0410-1024x683.jpg\"><img loading=\"lazy\" decoding=\"async\" src=\"https:\/\/www.british-int-school.org.uk\/wp-content\/plugins\/justified-image-grid\/timthumb.php?src=https%3A%2F%2Fwww.british-int-school.org.uk%2Fwp-content%2Fuploads%2F2016%2F11%2Fs32_Pottery_IMG_0410-1024x683.jpg&amp;h=300&amp;q=90&amp;f=.jpg\" alt=\"\" width=\"449\" height=\"300\" \/><\/a><\/li><li><a href=\"https:\/\/www.british-int-school.org.uk\/wp-content\/uploads\/2017\/03\/800x600_320-1485527085-10_BIS-207.jpg\"><img loading=\"lazy\" decoding=\"async\" src=\"https:\/\/www.british-int-school.org.uk\/wp-content\/plugins\/justified-image-grid\/timthumb.php?src=https%3A%2F%2Fwww.british-int-school.org.uk%2Fwp-content%2Fuploads%2F2017%2F03%2F800x600_320-1485527085-10_BIS-207.jpg&amp;h=300&amp;q=90&amp;f=.jpg\" alt=\"\" width=\"449\" height=\"300\" \/><\/a><\/li><li><a href=\"https:\/\/www.british-int-school.org.uk\/wp-content\/uploads\/2022\/08\/Zlatibor.png\" title=\"Zlatibor\"><img loading=\"lazy\" decoding=\"async\" src=\"https:\/\/www.british-int-school.org.uk\/wp-content\/plugins\/justified-image-grid\/timthumb.php?src=https%3A%2F%2Fwww.british-int-school.org.uk%2Fwp-content%2Fuploads%2F2022%2F08%2FZlatibor.png&amp;h=300&amp;q=90&amp;f=.png\" alt=\"Zlatibor\" width=\"245\" height=\"300\" \/><\/a><p class=\"jig-HTMLdescription\">Zlatibor<\/p><\/li><\/ul><\/noscript><\/div>\n<p class=\"highlighted\">Sastanak mo\u017eete zakazati putem email-a <a href=\"mailto:info@bis.edu.rs\">info@bis.edu.rs<\/a>\u00a0ili telefonom na broj <a href=\"tel:+381653066097\">+381 65 3066 097<\/a><\/p>\n","protected":false},"excerpt":{"rendered":"<p>Sa najvi\u0161e petnaest u\u010denika u razredu, inostranim nastavnikom i asistentom u nastavi, svakom u\u010deniku nudi se mogu\u0107nost da razvije i [&hellip;]<\/p>\n","protected":false},"author":11,"featured_media":10438,"parent":0,"menu_order":0,"comment_status":"closed","ping_status":"closed","template":"","meta":{"footnotes":""},"class_list":["post-10538","page","type-page","status-publish","has-post-thumbnail","hentry"],"yoast_head":"<!-- This site is optimized with the Yoast SEO plugin v27.4 - https:\/\/yoast.com\/product\/yoast-seo-wordpress\/ -->\n<title>Vi\u0161i razredi osnovne \u0161kole | British International School<\/title>\n<meta name=\"robots\" content=\"index, follow, max-snippet:-1, max-image-preview:large, max-video-preview:-1\" \/>\n<link rel=\"canonical\" href=\"https:\/\/www.british-int-school.org.uk\/sr\/niza-osnovna-skola\/\" \/>\n<meta property=\"og:locale\" content=\"sr_RS\" \/>\n<meta property=\"og:type\" content=\"article\" \/>\n<meta property=\"og:title\" content=\"Vi\u0161i razredi osnovne \u0161kole | British International School\" \/>\n<meta property=\"og:description\" content=\"Sa najvi\u0161e petnaest u\u010denika u razredu, inostranim nastavnikom i asistentom u nastavi, svakom u\u010deniku nudi se mogu\u0107nost da razvije i [&hellip;]\" \/>\n<meta property=\"og:url\" content=\"https:\/\/www.british-int-school.org.uk\/sr\/niza-osnovna-skola\/\" \/>\n<meta property=\"og:site_name\" content=\"British International School\" \/>\n<meta property=\"article:modified_time\" content=\"2022-08-08T13:38:11+00:00\" \/>\n<meta property=\"og:image\" content=\"https:\/\/www.british-int-school.org.uk\/wp-content\/uploads\/2022\/04\/bis-junior-primary.jpg\" \/>\n\t<meta property=\"og:image:width\" content=\"1920\" \/>\n\t<meta property=\"og:image:height\" content=\"700\" \/>\n\t<meta property=\"og:image:type\" content=\"image\/jpeg\" \/>\n<meta name=\"twitter:card\" content=\"summary_large_image\" \/>\n<meta name=\"twitter:label1\" content=\"Procenjeno vreme \u010ditanja\" \/>\n\t<meta name=\"twitter:data1\" content=\"4 minuta\" \/>\n<script type=\"application\/ld+json\" class=\"yoast-schema-graph\">{\"@context\":\"https:\\\/\\\/schema.org\",\"@graph\":[{\"@type\":\"WebPage\",\"@id\":\"https:\\\/\\\/www.british-int-school.org.uk\\\/sr\\\/niza-osnovna-skola\\\/\",\"url\":\"https:\\\/\\\/www.british-int-school.org.uk\\\/sr\\\/niza-osnovna-skola\\\/\",\"name\":\"Vi\u0161i razredi osnovne \u0161kole | British International School\",\"isPartOf\":{\"@id\":\"https:\\\/\\\/www.british-int-school.org.uk\\\/#website\"},\"primaryImageOfPage\":{\"@id\":\"https:\\\/\\\/www.british-int-school.org.uk\\\/sr\\\/niza-osnovna-skola\\\/#primaryimage\"},\"image\":{\"@id\":\"https:\\\/\\\/www.british-int-school.org.uk\\\/sr\\\/niza-osnovna-skola\\\/#primaryimage\"},\"thumbnailUrl\":\"https:\\\/\\\/www.british-int-school.org.uk\\\/wp-content\\\/uploads\\\/2022\\\/04\\\/bis-junior-primary.jpg\",\"datePublished\":\"2022-05-31T21:18:14+00:00\",\"dateModified\":\"2022-08-08T13:38:11+00:00\",\"breadcrumb\":{\"@id\":\"https:\\\/\\\/www.british-int-school.org.uk\\\/sr\\\/niza-osnovna-skola\\\/#breadcrumb\"},\"inLanguage\":\"sr-RS\",\"potentialAction\":[{\"@type\":\"ReadAction\",\"target\":[\"https:\\\/\\\/www.british-int-school.org.uk\\\/sr\\\/niza-osnovna-skola\\\/\"]}]},{\"@type\":\"ImageObject\",\"inLanguage\":\"sr-RS\",\"@id\":\"https:\\\/\\\/www.british-int-school.org.uk\\\/sr\\\/niza-osnovna-skola\\\/#primaryimage\",\"url\":\"https:\\\/\\\/www.british-int-school.org.uk\\\/wp-content\\\/uploads\\\/2022\\\/04\\\/bis-junior-primary.jpg\",\"contentUrl\":\"https:\\\/\\\/www.british-int-school.org.uk\\\/wp-content\\\/uploads\\\/2022\\\/04\\\/bis-junior-primary.jpg\",\"width\":1920,\"height\":700,\"caption\":\"BIS - bis-junior-primary\"},{\"@type\":\"BreadcrumbList\",\"@id\":\"https:\\\/\\\/www.british-int-school.org.uk\\\/sr\\\/niza-osnovna-skola\\\/#breadcrumb\",\"itemListElement\":[{\"@type\":\"ListItem\",\"position\":1,\"name\":\"Home\",\"item\":\"https:\\\/\\\/www.british-int-school.org.uk\\\/sr\\\/\"},{\"@type\":\"ListItem\",\"position\":2,\"name\":\"Vi\u0161i razredi osnovne \u0161kole\"}]},{\"@type\":\"WebSite\",\"@id\":\"https:\\\/\\\/www.british-int-school.org.uk\\\/#website\",\"url\":\"https:\\\/\\\/www.british-int-school.org.uk\\\/\",\"name\":\"British International School\",\"description\":\"\",\"publisher\":{\"@id\":\"https:\\\/\\\/www.british-int-school.org.uk\\\/#organization\"},\"potentialAction\":[{\"@type\":\"SearchAction\",\"target\":{\"@type\":\"EntryPoint\",\"urlTemplate\":\"https:\\\/\\\/www.british-int-school.org.uk\\\/?s={search_term_string}\"},\"query-input\":{\"@type\":\"PropertyValueSpecification\",\"valueRequired\":true,\"valueName\":\"search_term_string\"}}],\"inLanguage\":\"sr-RS\"},{\"@type\":\"Organization\",\"@id\":\"https:\\\/\\\/www.british-int-school.org.uk\\\/#organization\",\"name\":\"British International School\",\"url\":\"https:\\\/\\\/www.british-int-school.org.uk\\\/\",\"logo\":{\"@type\":\"ImageObject\",\"inLanguage\":\"sr-RS\",\"@id\":\"https:\\\/\\\/www.british-int-school.org.uk\\\/#\\\/schema\\\/logo\\\/image\\\/\",\"url\":\"https:\\\/\\\/www.british-int-school.org.uk\\\/wp-content\\\/uploads\\\/2017\\\/09\\\/Logo-BIS-150.jpg\",\"contentUrl\":\"https:\\\/\\\/www.british-int-school.org.uk\\\/wp-content\\\/uploads\\\/2017\\\/09\\\/Logo-BIS-150.jpg\",\"width\":150,\"height\":150,\"caption\":\"British International School\"},\"image\":{\"@id\":\"https:\\\/\\\/www.british-int-school.org.uk\\\/#\\\/schema\\\/logo\\\/image\\\/\"}}]}<\/script>\n<!-- \/ Yoast SEO plugin. -->","yoast_head_json":{"title":"Vi\u0161i razredi osnovne \u0161kole | British International School","robots":{"index":"index","follow":"follow","max-snippet":"max-snippet:-1","max-image-preview":"max-image-preview:large","max-video-preview":"max-video-preview:-1"},"canonical":"https:\/\/www.british-int-school.org.uk\/sr\/niza-osnovna-skola\/","og_locale":"sr_RS","og_type":"article","og_title":"Vi\u0161i razredi osnovne \u0161kole | British International School","og_description":"Sa najvi\u0161e petnaest u\u010denika u razredu, inostranim nastavnikom i asistentom u nastavi, svakom u\u010deniku nudi se mogu\u0107nost da razvije i [&hellip;]","og_url":"https:\/\/www.british-int-school.org.uk\/sr\/niza-osnovna-skola\/","og_site_name":"British International School","article_modified_time":"2022-08-08T13:38:11+00:00","og_image":[{"width":1920,"height":700,"url":"https:\/\/www.british-int-school.org.uk\/wp-content\/uploads\/2022\/04\/bis-junior-primary.jpg","type":"image\/jpeg"}],"twitter_card":"summary_large_image","twitter_misc":{"Procenjeno vreme \u010ditanja":"4 minuta"},"schema":{"@context":"https:\/\/schema.org","@graph":[{"@type":"WebPage","@id":"https:\/\/www.british-int-school.org.uk\/sr\/niza-osnovna-skola\/","url":"https:\/\/www.british-int-school.org.uk\/sr\/niza-osnovna-skola\/","name":"Vi\u0161i razredi osnovne \u0161kole | British International School","isPartOf":{"@id":"https:\/\/www.british-int-school.org.uk\/#website"},"primaryImageOfPage":{"@id":"https:\/\/www.british-int-school.org.uk\/sr\/niza-osnovna-skola\/#primaryimage"},"image":{"@id":"https:\/\/www.british-int-school.org.uk\/sr\/niza-osnovna-skola\/#primaryimage"},"thumbnailUrl":"https:\/\/www.british-int-school.org.uk\/wp-content\/uploads\/2022\/04\/bis-junior-primary.jpg","datePublished":"2022-05-31T21:18:14+00:00","dateModified":"2022-08-08T13:38:11+00:00","breadcrumb":{"@id":"https:\/\/www.british-int-school.org.uk\/sr\/niza-osnovna-skola\/#breadcrumb"},"inLanguage":"sr-RS","potentialAction":[{"@type":"ReadAction","target":["https:\/\/www.british-int-school.org.uk\/sr\/niza-osnovna-skola\/"]}]},{"@type":"ImageObject","inLanguage":"sr-RS","@id":"https:\/\/www.british-int-school.org.uk\/sr\/niza-osnovna-skola\/#primaryimage","url":"https:\/\/www.british-int-school.org.uk\/wp-content\/uploads\/2022\/04\/bis-junior-primary.jpg","contentUrl":"https:\/\/www.british-int-school.org.uk\/wp-content\/uploads\/2022\/04\/bis-junior-primary.jpg","width":1920,"height":700,"caption":"BIS - bis-junior-primary"},{"@type":"BreadcrumbList","@id":"https:\/\/www.british-int-school.org.uk\/sr\/niza-osnovna-skola\/#breadcrumb","itemListElement":[{"@type":"ListItem","position":1,"name":"Home","item":"https:\/\/www.british-int-school.org.uk\/sr\/"},{"@type":"ListItem","position":2,"name":"Vi\u0161i razredi osnovne \u0161kole"}]},{"@type":"WebSite","@id":"https:\/\/www.british-int-school.org.uk\/#website","url":"https:\/\/www.british-int-school.org.uk\/","name":"British International School","description":"","publisher":{"@id":"https:\/\/www.british-int-school.org.uk\/#organization"},"potentialAction":[{"@type":"SearchAction","target":{"@type":"EntryPoint","urlTemplate":"https:\/\/www.british-int-school.org.uk\/?s={search_term_string}"},"query-input":{"@type":"PropertyValueSpecification","valueRequired":true,"valueName":"search_term_string"}}],"inLanguage":"sr-RS"},{"@type":"Organization","@id":"https:\/\/www.british-int-school.org.uk\/#organization","name":"British International School","url":"https:\/\/www.british-int-school.org.uk\/","logo":{"@type":"ImageObject","inLanguage":"sr-RS","@id":"https:\/\/www.british-int-school.org.uk\/#\/schema\/logo\/image\/","url":"https:\/\/www.british-int-school.org.uk\/wp-content\/uploads\/2017\/09\/Logo-BIS-150.jpg","contentUrl":"https:\/\/www.british-int-school.org.uk\/wp-content\/uploads\/2017\/09\/Logo-BIS-150.jpg","width":150,"height":150,"caption":"British International School"},"image":{"@id":"https:\/\/www.british-int-school.org.uk\/#\/schema\/logo\/image\/"}}]}},"_links":{"self":[{"href":"https:\/\/www.british-int-school.org.uk\/sr\/wp-json\/wp\/v2\/pages\/10538","targetHints":{"allow":["GET"]}}],"collection":[{"href":"https:\/\/www.british-int-school.org.uk\/sr\/wp-json\/wp\/v2\/pages"}],"about":[{"href":"https:\/\/www.british-int-school.org.uk\/sr\/wp-json\/wp\/v2\/types\/page"}],"author":[{"embeddable":true,"href":"https:\/\/www.british-int-school.org.uk\/sr\/wp-json\/wp\/v2\/users\/11"}],"replies":[{"embeddable":true,"href":"https:\/\/www.british-int-school.org.uk\/sr\/wp-json\/wp\/v2\/comments?post=10538"}],"version-history":[{"count":0,"href":"https:\/\/www.british-int-school.org.uk\/sr\/wp-json\/wp\/v2\/pages\/10538\/revisions"}],"wp:featuredmedia":[{"embeddable":true,"href":"https:\/\/www.british-int-school.org.uk\/sr\/wp-json\/wp\/v2\/media\/10438"}],"wp:attachment":[{"href":"https:\/\/www.british-int-school.org.uk\/sr\/wp-json\/wp\/v2\/media?parent=10538"}],"curies":[{"name":"wp","href":"https:\/\/api.w.org\/{rel}","templated":true}]}}