{"id":10544,"date":"2022-05-31T22:24:32","date_gmt":"2022-05-31T21:24:32","guid":{"rendered":"https:\/\/6s.rs\/bis\/?page_id=10544"},"modified":"2022-08-10T09:50:27","modified_gmt":"2022-08-10T08:50:27","slug":"visa-srednja-skola","status":"publish","type":"page","link":"https:\/\/www.british-int-school.org.uk\/sr\/visa-srednja-skola\/","title":{"rendered":"Vi\u0161a srednja \u0161kola"},"content":{"rendered":"<h2 class=\"unutrasnja_naslov levo\">Kampus<\/h2>\n<p>Na\u0161i u\u010denici vi\u0161ih razreda srednje \u0161kole (uzrasta od 15-18 godina) borave u kampusu izgra\u0111enom za tu svrhu u ulici <strong>Neznanog Junaka br. 36<\/strong>, koji poseduje stru\u010dnu biblioteku, specijalisti\u010dke u\u010dionice, fiskulturnu dvoranu u standardnoj veli\u010dini, aneks sa kantinom izgra\u0111en, prostor za rekreaciju na otvorenom i ulazni hol za prijem posetilaca.<\/p>\n<div id=\"jig1\" class=\"justified-image-grid jig-d44c25443cc3cc34d8279e37f1e56cbf jig-preset-global\"><div class=\"jig-clearfix\"><\/div><noscript id=\"jig1-html\" class=\"justified-image-grid-html\" data-lazy-src=\"skiplazyload\" data-src=\"skipunveillazyload\"><ul><li><a href=\"https:\/\/www.british-int-school.org.uk\/wp-content\/uploads\/2020\/08\/building-1024x682.jpg\"><img loading=\"lazy\" decoding=\"async\" src=\"https:\/\/www.british-int-school.org.uk\/wp-content\/plugins\/justified-image-grid\/timthumb.php?src=https%3A%2F%2Fwww.british-int-school.org.uk%2Fwp-content%2Fuploads%2F2020%2F08%2Fbuilding-1024x682.jpg&amp;h=300&amp;q=90&amp;f=.jpg\" alt=\"\" width=\"450\" height=\"300\" \/><\/a><\/li><li><a href=\"https:\/\/www.british-int-school.org.uk\/wp-content\/uploads\/2020\/08\/building2-1024x682.jpg\"><img loading=\"lazy\" decoding=\"async\" src=\"https:\/\/www.british-int-school.org.uk\/wp-content\/plugins\/justified-image-grid\/timthumb.php?src=https%3A%2F%2Fwww.british-int-school.org.uk%2Fwp-content%2Fuploads%2F2020%2F08%2Fbuilding2-1024x682.jpg&amp;h=300&amp;q=90&amp;f=.jpg\" alt=\"\" width=\"450\" height=\"300\" \/><\/a><\/li><\/ul><\/noscript><\/div>\n<h2 class=\"unutrasnja_naslov levo\">Key stage 4<\/h2>\n<p>Tokom desetog (10) i jedanaestog (11) razreda, u\u010denici poha\u0111aju veliki broj osnovnih predmeta i dodatne izborne predmete koji \u010dine njihov \u0161kolski raspored. Taj dvogodi\u0161nji program zavr\u0161ava se eksternom akreditacijom u\u010denika na IGCSE ispitima po osnovu programa \u201cCambridge Assessment International Education\u201d. Dobre prolazne ocene na nivou IGCSE neophodne su za upis na program A nivoa.<br \/>\nPrema Kembrid\u017e programu, u\u010denici dvanaestog razreda redovno izu\u010davaju \u010detiri \u0161kolska predmeta AS nivoa. U\u010denici trinaestog razreda redovno nastavljaju da izu\u010davaju najmanje tri predmeta do A nivoa. Izbor \u0161kolskih predmeta zasniva se na izbornim premetima iz ponude \u0161kole. Akreditacija na A nivou priznata je svuda u svetu i kvalifikuje u\u010denike za upis na univerzitete u preko 200 zemalja.<\/p>\n<p>Obavezni predmeti:<\/p>\n<ul>\n<li>Engleski jezik\/EAL<\/li>\n<li>Matematika<\/li>\n<li>Dva ili tri nau\u010dna predmeta (biologija, hemija i fizika)<\/li>\n<li>Informacione i komunikacione tehnologije (ICT) ili ra\u010dunarstvo<\/li>\n<li>Savremeni strani jezici (francuski, nema\u010dki i \u0161panski)<\/li>\n<li>Fizi\u010dko vaspitanje<\/li>\n<\/ul>\n<p>Izborni predmeti:<\/p>\n<ul>\n<li>Istorija ili hemija<\/li>\n<li>Geografija ili fizika<\/li>\n<li>Muzika ili biologija<\/li>\n<li>Umetni\u010dke ili poslovne studije<\/li>\n<\/ul>\n<h2 class=\"unutrasnja_naslov levo\">Key stage 5<\/h2>\n<p>Prema Kembrid\u017e programu, u\u010denici dvanaestog razreda redovno izu\u010davaju \u010detiri \u0161kolska predmeta AS nivoa. U\u010denici trinaestog razreda nastavljaju da redovno izu\u010davaju najmanje tri \u0161kolska predmeta do A nivoa. Izbor \u0161kolskih predmeta zasniva se na izbornim predmetima iz ponude \u0161kole. Akreditacija na A nivou priznata je svuda u svetu i kvalifikuje u\u010denike za upis na univerzitete u preko 200 zemalja.<\/p>\n<p>\u0160kolski predmeti:<\/p>\n<ul>\n<li>Umetnost<\/li>\n<li>Biologija<\/li>\n<li>Poslovne studije<\/li>\n<li>Hemija<\/li>\n<li>Ra\u010dunarstvo<\/li>\n<li>Ekonomija<\/li>\n<li>Engleski jezik<\/li>\n<li>Francuski jezik<\/li>\n<li>Nema\u010dki jezik<\/li>\n<li>\u0160panski jezik<\/li>\n<li>Istorija<\/li>\n<li>IT<\/li>\n<li>Matematika<\/li>\n<li>Muzika<\/li>\n<li>Fizika<\/li>\n<li>Psihologija<\/li>\n<li>Ve\u0161tine razmi\u0161ljanja<\/li>\n<\/ul>\n<p>U\u010denici koji ne prate Kembrid\u017e program, u dvanaestom i trinaestom razredu upisuju se za nastavni plan i program Univerziteta u Nebraski koji uklju\u010duje slede\u0107e predmete:<\/p>\n<ul>\n<li>Ameri\u010dka istorija 1 i 2<\/li>\n<li>Ameri\u010dka dr\u017eavna uprava<\/li>\n<li>Planiranje karijere<\/li>\n<li>Li\u010dne finansije<\/li>\n<li>Svetska kultura<\/li>\n<\/ul>\n<h2 class=\"unutrasnja_naslov levo\">\u0160kolski parlament<\/h2>\n<p>Liderstvo je jedan od glavnih principa BIS filozofije pa se u\u010de\u0161\u0107e u\u010denika u upravljanju \u0161kolom smatra va\u017enim i su\u0161tinskim delom \u017eivota \u0161kole. Imaju\u0107i u vidu da je jedan od glavnih ciljeva obrazovanja da pripremi mlade ljude da postanu aktivni i informisani gra\u0111ani zajednica u kojima \u017eive, od su\u0161tinskog je zna\u010daja da se u\u010denicima pru\u017ee smislene mogu\u0107nosti da u\u010destvuju u upravljanju \u0161kolskom zajednicom. Predstavnici u\u010denika od sedmog do trinaestog razreda u \u0111a\u010dkom parlamentu biraju se iz redova u\u010denika i predstavljaju sve u\u010denike u \u0161koli. Parlament poma\u017ee u organizaciji studijskih putovanja i drugih dru\u0161tvenih doga\u0111aja, te daje svoj glas po pitanjima koja se ti\u010du u\u010denika.<\/p>\n<h2 class=\"unutrasnja_naslov levo\">Nagrada Vojvode od Edinburga<\/h2>\n<p>Nagrada Vojvode od Edinburga predstavlja uzbudljivi program za samostalni razvoj koji je dostupan svim mladim ljudima od \u010detrnaeste do dvadeset pete godine, a zami\u0161ljen je kao jedan od individualnih izazova za podsticaj mladih da se razviju u odgovorne, aktivne gra\u0111ane koji \u0107e dati pozitivan doprinos dru\u0161tvu. Ta nagrada predstavlja izbalansirani, netakmi\u010darski i prijatan program dobrovoljnih aktivnosti koje podsti\u010du otkrivanje i razvoj li\u010dnosti, nezavisnost, istrajnost, odgovornost i slu\u017eenje lokalnoj zajednici. Nagrada pokriva \u010detiri studijske oblasti: \u201cService\u201d, \u201cExpedition Adventurous Tour\u201d, \u201cSkills\u201d i \u201cPhysical Recreation\u201d na tri razli\u010dita nivoa, bronzani, srebrni i zlatni. BIS nagra\u0111uje sve nivoe, uz nadzor internacionalnog sekretarijata u Londonu. Ohrabrujemo u\u010denike da se prijave za nagradu na svim nivoima.<\/p>\n<h2 class=\"unutrasnja_naslov levo\">U\u010denici poma\u017eu dobrotvornim organizacijama<\/h2>\n<p>BIS organizuje razne aktivnosti kako bi motivisala i pomogla svojim u\u010denicima da se razviju u odgovorne gra\u0111ane sveta. Svake godine, \u0161kola podr\u017eava dobrotvornu akciju prikupljanju igra\u010daka za decu iz beogradskih siroti\u0161ta koju organizuju njihova kraljevska viso\u010danstva princ Aleksandar i princeza Katarina Kara\u0111or\u0111evi\u0107.<br \/>\nU\u010denici i zaposleni u srednjoj \u0161koli prikupili su novac od no\u0161enja dresova na manifestaciji \u201cFootball Shirt Friday\u201d i donirali \u201cBobby Moore\u201d fondu za istra\u017eivanje u svrhu le\u010denja od kancera u UK.<\/p>\n<p>U toku poslednjeg semestra \u0161kolske 2021\/22, u\u010denici vi\u0161ih razreda srednje \u0161kole su u\u010destvovali kao volonteri u Centru za za\u0161titu odoj\u010dadi, dece i omladine Zve\u010danska i uz smernice stru\u010dnih lica Centra pomagali deci do tri godine da, kroz igru razvijaju svoje motori\u010dke, intelektualne i druge sposobnosti.<\/p>\n<div id=\"jig2\" class=\"justified-image-grid jig-b57d5559e069a1461f7a5ac9e78f0efe jig-preset-global\"><div class=\"jig-clearfix\"><\/div><noscript id=\"jig2-html\" class=\"justified-image-grid-html\" data-lazy-src=\"skiplazyload\" data-src=\"skipunveillazyload\"><ul><li><a href=\"https:\/\/www.british-int-school.org.uk\/wp-content\/uploads\/2020\/08\/computer-lab-1024x682.jpg\"><img loading=\"lazy\" decoding=\"async\" src=\"https:\/\/www.british-int-school.org.uk\/wp-content\/plugins\/justified-image-grid\/timthumb.php?src=https%3A%2F%2Fwww.british-int-school.org.uk%2Fwp-content%2Fuploads%2F2020%2F08%2Fcomputer-lab-1024x682.jpg&amp;h=300&amp;q=90&amp;f=.jpg\" alt=\"\" width=\"450\" height=\"300\" \/><\/a><\/li><li><a href=\"https:\/\/www.british-int-school.org.uk\/wp-content\/uploads\/2020\/08\/cabinet-1024x682.jpg\"><img loading=\"lazy\" decoding=\"async\" src=\"https:\/\/www.british-int-school.org.uk\/wp-content\/plugins\/justified-image-grid\/timthumb.php?src=https%3A%2F%2Fwww.british-int-school.org.uk%2Fwp-content%2Fuploads%2F2020%2F08%2Fcabinet-1024x682.jpg&amp;h=300&amp;q=90&amp;f=.jpg\" alt=\"\" width=\"450\" height=\"300\" \/><\/a><\/li><li><a href=\"https:\/\/www.british-int-school.org.uk\/wp-content\/uploads\/2020\/08\/classroom-1024x682.jpg\"><img loading=\"lazy\" decoding=\"async\" src=\"https:\/\/www.british-int-school.org.uk\/wp-content\/plugins\/justified-image-grid\/timthumb.php?src=https%3A%2F%2Fwww.british-int-school.org.uk%2Fwp-content%2Fuploads%2F2020%2F08%2Fclassroom-1024x682.jpg&amp;h=300&amp;q=90&amp;f=.jpg\" alt=\"\" width=\"450\" height=\"300\" \/><\/a><\/li><li><a href=\"https:\/\/www.british-int-school.org.uk\/wp-content\/uploads\/2020\/08\/gym-1024x682.jpg\"><img loading=\"lazy\" decoding=\"async\" src=\"https:\/\/www.british-int-school.org.uk\/wp-content\/plugins\/justified-image-grid\/timthumb.php?src=https%3A%2F%2Fwww.british-int-school.org.uk%2Fwp-content%2Fuploads%2F2020%2F08%2Fgym-1024x682.jpg&amp;h=300&amp;q=90&amp;f=.jpg\" alt=\"\" width=\"450\" height=\"300\" \/><\/a><\/li><li><a href=\"https:\/\/www.british-int-school.org.uk\/wp-content\/uploads\/2020\/08\/gym-lockers.jpg\"><img loading=\"lazy\" decoding=\"async\" src=\"https:\/\/www.british-int-school.org.uk\/wp-content\/plugins\/justified-image-grid\/timthumb.php?src=https%3A%2F%2Fwww.british-int-school.org.uk%2Fwp-content%2Fuploads%2F2020%2F08%2Fgym-lockers.jpg&amp;h=300&amp;q=90&amp;f=.jpg\" alt=\"\" width=\"221\" height=\"300\" \/><\/a><\/li><li><a href=\"https:\/\/www.british-int-school.org.uk\/wp-content\/uploads\/2020\/08\/toilet-1024x682.jpg\"><img loading=\"lazy\" decoding=\"async\" src=\"https:\/\/www.british-int-school.org.uk\/wp-content\/plugins\/justified-image-grid\/timthumb.php?src=https%3A%2F%2Fwww.british-int-school.org.uk%2Fwp-content%2Fuploads%2F2020%2F08%2Ftoilet-1024x682.jpg&amp;h=300&amp;q=90&amp;f=.jpg\" alt=\"\" width=\"450\" height=\"300\" \/><\/a><\/li><li><a href=\"https:\/\/www.british-int-school.org.uk\/wp-content\/uploads\/2020\/08\/lockers-1024x682.jpg\"><img loading=\"lazy\" decoding=\"async\" src=\"https:\/\/www.british-int-school.org.uk\/wp-content\/plugins\/justified-image-grid\/timthumb.php?src=https%3A%2F%2Fwww.british-int-school.org.uk%2Fwp-content%2Fuploads%2F2020%2F08%2Flockers-1024x682.jpg&amp;h=300&amp;q=90&amp;f=.jpg\" alt=\"\" width=\"450\" height=\"300\" \/><\/a><\/li><li><a href=\"https:\/\/www.british-int-school.org.uk\/wp-content\/uploads\/2020\/08\/classroom2-1024x668.jpg\"><img loading=\"lazy\" decoding=\"async\" src=\"https:\/\/www.british-int-school.org.uk\/wp-content\/plugins\/justified-image-grid\/timthumb.php?src=https%3A%2F%2Fwww.british-int-school.org.uk%2Fwp-content%2Fuploads%2F2020%2F08%2Fclassroom2-1024x668.jpg&amp;h=300&amp;q=90&amp;f=.jpg\" alt=\"\" width=\"459\" height=\"300\" \/><\/a><\/li><li><a href=\"https:\/\/www.british-int-school.org.uk\/wp-content\/uploads\/2017\/03\/s26.jpg\" title=\"s26\"><img loading=\"lazy\" decoding=\"async\" src=\"https:\/\/www.british-int-school.org.uk\/wp-content\/plugins\/justified-image-grid\/timthumb.php?src=https%3A%2F%2Fwww.british-int-school.org.uk%2Fwp-content%2Fuploads%2F2017%2F03%2Fs26.jpg&amp;h=300&amp;q=90&amp;f=.jpg\" alt=\"s26\" width=\"400\" height=\"300\" \/><\/a><p class=\"jig-HTMLdescription\">s26<\/p><\/li><li><a href=\"https:\/\/www.british-int-school.org.uk\/wp-content\/uploads\/2017\/03\/s11_1n-1024x696.jpg\"><img loading=\"lazy\" decoding=\"async\" src=\"https:\/\/www.british-int-school.org.uk\/wp-content\/plugins\/justified-image-grid\/timthumb.php?src=https%3A%2F%2Fwww.british-int-school.org.uk%2Fwp-content%2Fuploads%2F2017%2F03%2Fs11_1n-1024x696.jpg&amp;h=300&amp;q=90&amp;f=.jpg\" alt=\"\" width=\"441\" height=\"300\" \/><\/a><\/li><li><a href=\"https:\/\/www.british-int-school.org.uk\/wp-content\/uploads\/2017\/03\/DSCN0777-1024x768.jpg\"><img loading=\"lazy\" decoding=\"async\" src=\"https:\/\/www.british-int-school.org.uk\/wp-content\/plugins\/justified-image-grid\/timthumb.php?src=https%3A%2F%2Fwww.british-int-school.org.uk%2Fwp-content%2Fuploads%2F2017%2F03%2FDSCN0777-1024x768.jpg&amp;h=300&amp;q=90&amp;f=.jpg\" alt=\"\" width=\"400\" height=\"300\" \/><\/a><\/li><\/ul><\/noscript><\/div>\n<p class=\"highlighted\">Sastanak mo\u017eete zakazati putem email-a <a href=\"mailto:info@bis.edu.rs\">info@bis.edu.rs<\/a>\u00a0ili telefonom na broj <a href=\"tel:+381653066097\">+381 65 3066 097<\/a><\/p>\n","protected":false},"excerpt":{"rendered":"<p>Kampus Na\u0161i u\u010denici vi\u0161ih razreda srednje \u0161kole (uzrasta od 15-18 godina) borave u kampusu izgra\u0111enom za tu svrhu u ulici [&hellip;]<\/p>\n","protected":false},"author":11,"featured_media":10440,"parent":0,"menu_order":0,"comment_status":"closed","ping_status":"closed","template":"","meta":{"footnotes":""},"class_list":["post-10544","page","type-page","status-publish","has-post-thumbnail","hentry"],"yoast_head":"<!-- This site is optimized with the Yoast SEO plugin v27.4 - https:\/\/yoast.com\/product\/yoast-seo-wordpress\/ -->\n<title>Vi\u0161a srednja \u0161kola | British International School<\/title>\n<meta name=\"robots\" content=\"index, follow, max-snippet:-1, max-image-preview:large, max-video-preview:-1\" \/>\n<link rel=\"canonical\" href=\"https:\/\/www.british-int-school.org.uk\/sr\/visa-srednja-skola\/\" \/>\n<meta property=\"og:locale\" content=\"sr_RS\" \/>\n<meta property=\"og:type\" content=\"article\" \/>\n<meta property=\"og:title\" content=\"Vi\u0161a srednja \u0161kola | British International School\" \/>\n<meta property=\"og:description\" content=\"Kampus Na\u0161i u\u010denici vi\u0161ih razreda srednje \u0161kole (uzrasta od 15-18 godina) borave u kampusu izgra\u0111enom za tu svrhu u ulici [&hellip;]\" \/>\n<meta property=\"og:url\" content=\"https:\/\/www.british-int-school.org.uk\/sr\/visa-srednja-skola\/\" \/>\n<meta property=\"og:site_name\" content=\"British International School\" \/>\n<meta property=\"article:modified_time\" content=\"2022-08-10T08:50:27+00:00\" \/>\n<meta property=\"og:image\" content=\"https:\/\/www.british-int-school.org.uk\/wp-content\/uploads\/2022\/04\/bis-uper-secondary.jpg\" \/>\n\t<meta property=\"og:image:width\" content=\"1920\" \/>\n\t<meta property=\"og:image:height\" content=\"700\" \/>\n\t<meta property=\"og:image:type\" content=\"image\/jpeg\" \/>\n<meta name=\"twitter:card\" content=\"summary_large_image\" \/>\n<meta name=\"twitter:label1\" content=\"Procenjeno vreme \u010ditanja\" \/>\n\t<meta name=\"twitter:data1\" content=\"4 minuta\" \/>\n<script type=\"application\/ld+json\" class=\"yoast-schema-graph\">{\"@context\":\"https:\\\/\\\/schema.org\",\"@graph\":[{\"@type\":\"WebPage\",\"@id\":\"https:\\\/\\\/www.british-int-school.org.uk\\\/sr\\\/visa-srednja-skola\\\/\",\"url\":\"https:\\\/\\\/www.british-int-school.org.uk\\\/sr\\\/visa-srednja-skola\\\/\",\"name\":\"Vi\u0161a srednja \u0161kola | British International School\",\"isPartOf\":{\"@id\":\"https:\\\/\\\/www.british-int-school.org.uk\\\/#website\"},\"primaryImageOfPage\":{\"@id\":\"https:\\\/\\\/www.british-int-school.org.uk\\\/sr\\\/visa-srednja-skola\\\/#primaryimage\"},\"image\":{\"@id\":\"https:\\\/\\\/www.british-int-school.org.uk\\\/sr\\\/visa-srednja-skola\\\/#primaryimage\"},\"thumbnailUrl\":\"https:\\\/\\\/www.british-int-school.org.uk\\\/wp-content\\\/uploads\\\/2022\\\/04\\\/bis-uper-secondary.jpg\",\"datePublished\":\"2022-05-31T21:24:32+00:00\",\"dateModified\":\"2022-08-10T08:50:27+00:00\",\"breadcrumb\":{\"@id\":\"https:\\\/\\\/www.british-int-school.org.uk\\\/sr\\\/visa-srednja-skola\\\/#breadcrumb\"},\"inLanguage\":\"sr-RS\",\"potentialAction\":[{\"@type\":\"ReadAction\",\"target\":[\"https:\\\/\\\/www.british-int-school.org.uk\\\/sr\\\/visa-srednja-skola\\\/\"]}]},{\"@type\":\"ImageObject\",\"inLanguage\":\"sr-RS\",\"@id\":\"https:\\\/\\\/www.british-int-school.org.uk\\\/sr\\\/visa-srednja-skola\\\/#primaryimage\",\"url\":\"https:\\\/\\\/www.british-int-school.org.uk\\\/wp-content\\\/uploads\\\/2022\\\/04\\\/bis-uper-secondary.jpg\",\"contentUrl\":\"https:\\\/\\\/www.british-int-school.org.uk\\\/wp-content\\\/uploads\\\/2022\\\/04\\\/bis-uper-secondary.jpg\",\"width\":1920,\"height\":700,\"caption\":\"BIS - bis-uper-secondary\"},{\"@type\":\"BreadcrumbList\",\"@id\":\"https:\\\/\\\/www.british-int-school.org.uk\\\/sr\\\/visa-srednja-skola\\\/#breadcrumb\",\"itemListElement\":[{\"@type\":\"ListItem\",\"position\":1,\"name\":\"Home\",\"item\":\"https:\\\/\\\/www.british-int-school.org.uk\\\/sr\\\/\"},{\"@type\":\"ListItem\",\"position\":2,\"name\":\"Vi\u0161a srednja \u0161kola\"}]},{\"@type\":\"WebSite\",\"@id\":\"https:\\\/\\\/www.british-int-school.org.uk\\\/#website\",\"url\":\"https:\\\/\\\/www.british-int-school.org.uk\\\/\",\"name\":\"British International School\",\"description\":\"\",\"publisher\":{\"@id\":\"https:\\\/\\\/www.british-int-school.org.uk\\\/#organization\"},\"potentialAction\":[{\"@type\":\"SearchAction\",\"target\":{\"@type\":\"EntryPoint\",\"urlTemplate\":\"https:\\\/\\\/www.british-int-school.org.uk\\\/?s={search_term_string}\"},\"query-input\":{\"@type\":\"PropertyValueSpecification\",\"valueRequired\":true,\"valueName\":\"search_term_string\"}}],\"inLanguage\":\"sr-RS\"},{\"@type\":\"Organization\",\"@id\":\"https:\\\/\\\/www.british-int-school.org.uk\\\/#organization\",\"name\":\"British International School\",\"url\":\"https:\\\/\\\/www.british-int-school.org.uk\\\/\",\"logo\":{\"@type\":\"ImageObject\",\"inLanguage\":\"sr-RS\",\"@id\":\"https:\\\/\\\/www.british-int-school.org.uk\\\/#\\\/schema\\\/logo\\\/image\\\/\",\"url\":\"https:\\\/\\\/www.british-int-school.org.uk\\\/wp-content\\\/uploads\\\/2017\\\/09\\\/Logo-BIS-150.jpg\",\"contentUrl\":\"https:\\\/\\\/www.british-int-school.org.uk\\\/wp-content\\\/uploads\\\/2017\\\/09\\\/Logo-BIS-150.jpg\",\"width\":150,\"height\":150,\"caption\":\"British International School\"},\"image\":{\"@id\":\"https:\\\/\\\/www.british-int-school.org.uk\\\/#\\\/schema\\\/logo\\\/image\\\/\"}}]}<\/script>\n<!-- \/ Yoast SEO plugin. -->","yoast_head_json":{"title":"Vi\u0161a srednja \u0161kola | British International School","robots":{"index":"index","follow":"follow","max-snippet":"max-snippet:-1","max-image-preview":"max-image-preview:large","max-video-preview":"max-video-preview:-1"},"canonical":"https:\/\/www.british-int-school.org.uk\/sr\/visa-srednja-skola\/","og_locale":"sr_RS","og_type":"article","og_title":"Vi\u0161a srednja \u0161kola | British International School","og_description":"Kampus Na\u0161i u\u010denici vi\u0161ih razreda srednje \u0161kole (uzrasta od 15-18 godina) borave u kampusu izgra\u0111enom za tu svrhu u ulici [&hellip;]","og_url":"https:\/\/www.british-int-school.org.uk\/sr\/visa-srednja-skola\/","og_site_name":"British International School","article_modified_time":"2022-08-10T08:50:27+00:00","og_image":[{"width":1920,"height":700,"url":"https:\/\/www.british-int-school.org.uk\/wp-content\/uploads\/2022\/04\/bis-uper-secondary.jpg","type":"image\/jpeg"}],"twitter_card":"summary_large_image","twitter_misc":{"Procenjeno vreme \u010ditanja":"4 minuta"},"schema":{"@context":"https:\/\/schema.org","@graph":[{"@type":"WebPage","@id":"https:\/\/www.british-int-school.org.uk\/sr\/visa-srednja-skola\/","url":"https:\/\/www.british-int-school.org.uk\/sr\/visa-srednja-skola\/","name":"Vi\u0161a srednja \u0161kola | British International School","isPartOf":{"@id":"https:\/\/www.british-int-school.org.uk\/#website"},"primaryImageOfPage":{"@id":"https:\/\/www.british-int-school.org.uk\/sr\/visa-srednja-skola\/#primaryimage"},"image":{"@id":"https:\/\/www.british-int-school.org.uk\/sr\/visa-srednja-skola\/#primaryimage"},"thumbnailUrl":"https:\/\/www.british-int-school.org.uk\/wp-content\/uploads\/2022\/04\/bis-uper-secondary.jpg","datePublished":"2022-05-31T21:24:32+00:00","dateModified":"2022-08-10T08:50:27+00:00","breadcrumb":{"@id":"https:\/\/www.british-int-school.org.uk\/sr\/visa-srednja-skola\/#breadcrumb"},"inLanguage":"sr-RS","potentialAction":[{"@type":"ReadAction","target":["https:\/\/www.british-int-school.org.uk\/sr\/visa-srednja-skola\/"]}]},{"@type":"ImageObject","inLanguage":"sr-RS","@id":"https:\/\/www.british-int-school.org.uk\/sr\/visa-srednja-skola\/#primaryimage","url":"https:\/\/www.british-int-school.org.uk\/wp-content\/uploads\/2022\/04\/bis-uper-secondary.jpg","contentUrl":"https:\/\/www.british-int-school.org.uk\/wp-content\/uploads\/2022\/04\/bis-uper-secondary.jpg","width":1920,"height":700,"caption":"BIS - bis-uper-secondary"},{"@type":"BreadcrumbList","@id":"https:\/\/www.british-int-school.org.uk\/sr\/visa-srednja-skola\/#breadcrumb","itemListElement":[{"@type":"ListItem","position":1,"name":"Home","item":"https:\/\/www.british-int-school.org.uk\/sr\/"},{"@type":"ListItem","position":2,"name":"Vi\u0161a srednja \u0161kola"}]},{"@type":"WebSite","@id":"https:\/\/www.british-int-school.org.uk\/#website","url":"https:\/\/www.british-int-school.org.uk\/","name":"British International School","description":"","publisher":{"@id":"https:\/\/www.british-int-school.org.uk\/#organization"},"potentialAction":[{"@type":"SearchAction","target":{"@type":"EntryPoint","urlTemplate":"https:\/\/www.british-int-school.org.uk\/?s={search_term_string}"},"query-input":{"@type":"PropertyValueSpecification","valueRequired":true,"valueName":"search_term_string"}}],"inLanguage":"sr-RS"},{"@type":"Organization","@id":"https:\/\/www.british-int-school.org.uk\/#organization","name":"British International School","url":"https:\/\/www.british-int-school.org.uk\/","logo":{"@type":"ImageObject","inLanguage":"sr-RS","@id":"https:\/\/www.british-int-school.org.uk\/#\/schema\/logo\/image\/","url":"https:\/\/www.british-int-school.org.uk\/wp-content\/uploads\/2017\/09\/Logo-BIS-150.jpg","contentUrl":"https:\/\/www.british-int-school.org.uk\/wp-content\/uploads\/2017\/09\/Logo-BIS-150.jpg","width":150,"height":150,"caption":"British International School"},"image":{"@id":"https:\/\/www.british-int-school.org.uk\/#\/schema\/logo\/image\/"}}]}},"_links":{"self":[{"href":"https:\/\/www.british-int-school.org.uk\/sr\/wp-json\/wp\/v2\/pages\/10544","targetHints":{"allow":["GET"]}}],"collection":[{"href":"https:\/\/www.british-int-school.org.uk\/sr\/wp-json\/wp\/v2\/pages"}],"about":[{"href":"https:\/\/www.british-int-school.org.uk\/sr\/wp-json\/wp\/v2\/types\/page"}],"author":[{"embeddable":true,"href":"https:\/\/www.british-int-school.org.uk\/sr\/wp-json\/wp\/v2\/users\/11"}],"replies":[{"embeddable":true,"href":"https:\/\/www.british-int-school.org.uk\/sr\/wp-json\/wp\/v2\/comments?post=10544"}],"version-history":[{"count":0,"href":"https:\/\/www.british-int-school.org.uk\/sr\/wp-json\/wp\/v2\/pages\/10544\/revisions"}],"wp:featuredmedia":[{"embeddable":true,"href":"https:\/\/www.british-int-school.org.uk\/sr\/wp-json\/wp\/v2\/media\/10440"}],"wp:attachment":[{"href":"https:\/\/www.british-int-school.org.uk\/sr\/wp-json\/wp\/v2\/media?parent=10544"}],"curies":[{"name":"wp","href":"https:\/\/api.w.org\/{rel}","templated":true}]}}