{"id":10550,"date":"2022-05-31T22:34:44","date_gmt":"2022-05-31T21:34:44","guid":{"rendered":"https:\/\/6s.rs\/bis\/?page_id=10550"},"modified":"2022-06-01T01:02:08","modified_gmt":"2022-06-01T00:02:08","slug":"nagrade","status":"publish","type":"page","link":"https:\/\/www.british-int-school.org.uk\/sr\/nagrade\/","title":{"rendered":"Nagrade"},"content":{"rendered":"<p>U British International School svesni smo zna\u010daja nagra\u0111ivanja pozitivnog pona\u0161anja kada je re\u010d o motivaciji i stimulisanju u\u010denika. Svaki zaposleni ima mogu\u0107nost da u dnevniku domac\u0301ih zadataka upi\u0161e komentare kako bi pohvalio dobru organizaciju, uklju\u010denost, u\u010dinak, aktivnost na \u010dasu. Svakog petka odr\u017eava se nedeljna sednica u mla\u0111im i starijim razredima osnovne \u0161kole. Nastavnici dodeljuju diplomu \u201eStar of the Week\u201c (Zvezda nedelje), a zatim svim prisutnima na sednici usmeno iznose razloge za takvu dodelu. Nagrada Head of School tako\u0111e se dodeljuje jednom u\u010deniku svakog petka ako je uradio ne\u0161to izuzetno. U\u010denici od prijema do devetog razreda imaju priliku da osvoje zlatnu, srebrnu ili bronzanu diplomu na takmi\u010denju iz matematike \u201eMathletics\u201c u zavisnosti od broja osvojenih bodova na internetu. <\/p>\n<p>Diplome iz matematike dodeljuju se na kraju svakog polugodi\u0161ta, pri \u010demu se bronzana dodeljuje  na \u010dasu, dok se zlatna i srebrna dodeljuju na sednicama. \u0160kola svake godine u\u010destvuje na Arhimedovom takmi\u010denju iz matematike, gde u\u010destvuju sva deca od tre\u0107eg do \u0161estog razreda. Ukoliko bilo koji u\u010denik postigne rezultat iznad 75%,on dobija posebnu diplomu. <\/p>\n<p>Na kraju \u0161kolske godine, po jedan u\u010denik u svakom odeljenju dobija diplomu \u201eU\u010denik godine\u201c i \u201eNajuspe\u0161niji u\u010denik\u201c.<\/p>\n<p>U mla\u0111im razredima srednje \u0161kole (lower Secondary), nedeljna sednica odr\u017eava se utorkom. Diplome iz matematike \u201eMathletics\u201d dodeljuju se  jednom u polugodi\u0161tu. Zlatne diplome uru\u010duju se na sednici, a srebrne i bronzane ulaze u \u0161kolske izve\u0161taje. Pred toga, postoje i diplome za aktivnosti, na primer <em>100 Word Challenge i IDEA the Inspiring Digital Enterprise Award<\/em>. <\/p>\n<p>Na godi\u0161njoj ceremoniji dodele diploma, uru\u010duju se diplome kao \u0161to su ECIS Student i Johnathan Rider za akademsku izvrsnost. COBIS nagradu osvaja najbolji u\u010denik \u0161estog i devetog razreda.<\/p>\n<div id=\"jig1\" class=\"justified-image-grid jig-1c7b82aa2d1dcb417ca6732710130144 jig-preset-global\"><div class=\"jig-clearfix\"><\/div><noscript id=\"jig1-html\" class=\"justified-image-grid-html\" data-lazy-src=\"skiplazyload\" data-src=\"skipunveillazyload\"><ul><li><a href=\"https:\/\/www.british-int-school.org.uk\/wp-content\/uploads\/2019\/04\/Idea_IMG_4077.jpg\" title=\"Idea_IMG_4077\"><img loading=\"lazy\" decoding=\"async\" src=\"https:\/\/www.british-int-school.org.uk\/wp-content\/plugins\/justified-image-grid\/timthumb.php?src=https%3A%2F%2Fwww.british-int-school.org.uk%2Fwp-content%2Fuploads%2F2019%2F04%2FIdea_IMG_4077.jpg&amp;h=300&amp;q=90&amp;f=.jpg\" alt=\"Idea_IMG_4077\" width=\"364\" height=\"300\" \/><\/a><p class=\"jig-HTMLdescription\">Idea_IMG_4077<\/p><\/li><li><a href=\"https:\/\/www.british-int-school.org.uk\/wp-content\/uploads\/2019\/04\/IMG_3141.jpg\" title=\"IMG_3141\"><img loading=\"lazy\" decoding=\"async\" src=\"https:\/\/www.british-int-school.org.uk\/wp-content\/plugins\/justified-image-grid\/timthumb.php?src=https%3A%2F%2Fwww.british-int-school.org.uk%2Fwp-content%2Fuploads%2F2019%2F04%2FIMG_3141.jpg&amp;h=300&amp;q=90&amp;f=.jpg\" alt=\"IMG_3141\" width=\"449\" height=\"300\" \/><\/a><p class=\"jig-HTMLdescription\">IMG_3141<\/p><\/li><li><a href=\"https:\/\/www.british-int-school.org.uk\/wp-content\/uploads\/2019\/04\/IMG_3902.jpg\" title=\"IMG_3902\"><img loading=\"lazy\" decoding=\"async\" src=\"https:\/\/www.british-int-school.org.uk\/wp-content\/plugins\/justified-image-grid\/timthumb.php?src=https%3A%2F%2Fwww.british-int-school.org.uk%2Fwp-content%2Fuploads%2F2019%2F04%2FIMG_3902.jpg&amp;h=300&amp;q=90&amp;f=.jpg\" alt=\"IMG_3902\" width=\"449\" height=\"300\" \/><\/a><p class=\"jig-HTMLdescription\">IMG_3902<\/p><\/li><li><a href=\"https:\/\/www.british-int-school.org.uk\/wp-content\/uploads\/2019\/04\/IMG_3903-974x1024.jpg\"><img loading=\"lazy\" decoding=\"async\" src=\"https:\/\/www.british-int-school.org.uk\/wp-content\/plugins\/justified-image-grid\/timthumb.php?src=https%3A%2F%2Fwww.british-int-school.org.uk%2Fwp-content%2Fuploads%2F2019%2F04%2FIMG_3903-974x1024.jpg&amp;h=300&amp;q=90&amp;f=.jpg\" alt=\"\" width=\"285\" height=\"300\" \/><\/a><\/li><li><a href=\"https:\/\/www.british-int-school.org.uk\/wp-content\/uploads\/2019\/04\/IMG_4090.jpg\" title=\"IMG_4090\"><img loading=\"lazy\" decoding=\"async\" src=\"https:\/\/www.british-int-school.org.uk\/wp-content\/plugins\/justified-image-grid\/timthumb.php?src=https%3A%2F%2Fwww.british-int-school.org.uk%2Fwp-content%2Fuploads%2F2019%2F04%2FIMG_4090.jpg&amp;h=300&amp;q=90&amp;f=.jpg\" alt=\"IMG_4090\" width=\"449\" height=\"300\" \/><\/a><p class=\"jig-HTMLdescription\">IMG_4090<\/p><\/li><li><a href=\"https:\/\/www.british-int-school.org.uk\/wp-content\/uploads\/2019\/04\/IMG_4097.jpg\" title=\"IMG_4097\"><img loading=\"lazy\" decoding=\"async\" src=\"https:\/\/www.british-int-school.org.uk\/wp-content\/plugins\/justified-image-grid\/timthumb.php?src=https%3A%2F%2Fwww.british-int-school.org.uk%2Fwp-content%2Fuploads%2F2019%2F04%2FIMG_4097.jpg&amp;h=300&amp;q=90&amp;f=.jpg\" alt=\"IMG_4097\" width=\"449\" height=\"300\" \/><\/a><p class=\"jig-HTMLdescription\">IMG_4097<\/p><\/li><li><a href=\"https:\/\/www.british-int-school.org.uk\/wp-content\/uploads\/2019\/04\/IMG_4207.jpg\" title=\"IMG_4207\"><img loading=\"lazy\" decoding=\"async\" src=\"https:\/\/www.british-int-school.org.uk\/wp-content\/plugins\/justified-image-grid\/timthumb.php?src=https%3A%2F%2Fwww.british-int-school.org.uk%2Fwp-content%2Fuploads%2F2019%2F04%2FIMG_4207.jpg&amp;h=300&amp;q=90&amp;f=.jpg\" alt=\"IMG_4207\" width=\"449\" height=\"300\" \/><\/a><p class=\"jig-HTMLdescription\">IMG_4207<\/p><\/li><li><a href=\"https:\/\/www.british-int-school.org.uk\/wp-content\/uploads\/2019\/04\/IMG_4363.jpg\" title=\"IMG_4363\"><img loading=\"lazy\" decoding=\"async\" src=\"https:\/\/www.british-int-school.org.uk\/wp-content\/plugins\/justified-image-grid\/timthumb.php?src=https%3A%2F%2Fwww.british-int-school.org.uk%2Fwp-content%2Fuploads%2F2019%2F04%2FIMG_4363.jpg&amp;h=300&amp;q=90&amp;f=.jpg\" alt=\"IMG_4363\" width=\"390\" height=\"300\" \/><\/a><p class=\"jig-HTMLdescription\">IMG_4363<\/p><\/li><li><a href=\"https:\/\/www.british-int-school.org.uk\/wp-content\/uploads\/2019\/04\/IMG_4408.jpg\" title=\"IMG_4408\"><img loading=\"lazy\" decoding=\"async\" src=\"https:\/\/www.british-int-school.org.uk\/wp-content\/plugins\/justified-image-grid\/timthumb.php?src=https%3A%2F%2Fwww.british-int-school.org.uk%2Fwp-content%2Fuploads%2F2019%2F04%2FIMG_4408.jpg&amp;h=300&amp;q=90&amp;f=.jpg\" alt=\"IMG_4408\" width=\"449\" height=\"300\" \/><\/a><p class=\"jig-HTMLdescription\">IMG_4408<\/p><\/li><li><a href=\"https:\/\/www.british-int-school.org.uk\/wp-content\/uploads\/2019\/04\/IMG_4559r.jpg\" title=\"IMG_4559r\"><img loading=\"lazy\" decoding=\"async\" src=\"https:\/\/www.british-int-school.org.uk\/wp-content\/plugins\/justified-image-grid\/timthumb.php?src=https%3A%2F%2Fwww.british-int-school.org.uk%2Fwp-content%2Fuploads%2F2019%2F04%2FIMG_4559r.jpg&amp;h=300&amp;q=90&amp;f=.jpg\" alt=\"IMG_4559r\" width=\"449\" height=\"300\" \/><\/a><p class=\"jig-HTMLdescription\">IMG_4559r<\/p><\/li><li><a href=\"https:\/\/www.british-int-school.org.uk\/wp-content\/uploads\/2019\/04\/IMG_4565r.jpg\" title=\"IMG_4565r\"><img loading=\"lazy\" decoding=\"async\" src=\"https:\/\/www.british-int-school.org.uk\/wp-content\/plugins\/justified-image-grid\/timthumb.php?src=https%3A%2F%2Fwww.british-int-school.org.uk%2Fwp-content%2Fuploads%2F2019%2F04%2FIMG_4565r.jpg&amp;h=300&amp;q=90&amp;f=.jpg\" alt=\"IMG_4565r\" width=\"449\" height=\"300\" \/><\/a><p class=\"jig-HTMLdescription\">IMG_4565r<\/p><\/li><li><a href=\"https:\/\/www.british-int-school.org.uk\/wp-content\/uploads\/2019\/04\/IMG_4567r.jpg\" title=\"IMG_4567r\"><img loading=\"lazy\" decoding=\"async\" src=\"https:\/\/www.british-int-school.org.uk\/wp-content\/plugins\/justified-image-grid\/timthumb.php?src=https%3A%2F%2Fwww.british-int-school.org.uk%2Fwp-content%2Fuploads%2F2019%2F04%2FIMG_4567r.jpg&amp;h=300&amp;q=90&amp;f=.jpg\" alt=\"IMG_4567r\" width=\"449\" height=\"300\" \/><\/a><p class=\"jig-HTMLdescription\">IMG_4567r<\/p><\/li><\/ul><\/noscript><\/div>\n","protected":false},"excerpt":{"rendered":"<p>U British International School svesni smo zna\u010daja nagra\u0111ivanja pozitivnog pona\u0161anja kada je re\u010d o motivaciji i stimulisanju u\u010denika. Svaki zaposleni [&hellip;]<\/p>\n","protected":false},"author":11,"featured_media":10442,"parent":0,"menu_order":0,"comment_status":"closed","ping_status":"closed","template":"","meta":{"footnotes":""},"class_list":["post-10550","page","type-page","status-publish","has-post-thumbnail","hentry"],"yoast_head":"<!-- This site is optimized with the Yoast SEO plugin v27.4 - https:\/\/yoast.com\/product\/yoast-seo-wordpress\/ -->\n<title>Nagrade | British International School<\/title>\n<meta name=\"robots\" content=\"index, follow, max-snippet:-1, max-image-preview:large, max-video-preview:-1\" \/>\n<link rel=\"canonical\" href=\"https:\/\/www.british-int-school.org.uk\/sr\/nagrade\/\" \/>\n<meta property=\"og:locale\" content=\"sr_RS\" \/>\n<meta property=\"og:type\" content=\"article\" \/>\n<meta property=\"og:title\" content=\"Nagrade | British International School\" \/>\n<meta property=\"og:description\" content=\"U British International School svesni smo zna\u010daja nagra\u0111ivanja pozitivnog pona\u0161anja kada je re\u010d o motivaciji i stimulisanju u\u010denika. Svaki zaposleni [&hellip;]\" \/>\n<meta property=\"og:url\" content=\"https:\/\/www.british-int-school.org.uk\/sr\/nagrade\/\" \/>\n<meta property=\"og:site_name\" content=\"British International School\" \/>\n<meta property=\"article:modified_time\" content=\"2022-06-01T00:02:08+00:00\" \/>\n<meta property=\"og:image\" content=\"https:\/\/www.british-int-school.org.uk\/wp-content\/uploads\/2022\/04\/bis-award.jpg\" \/>\n\t<meta property=\"og:image:width\" content=\"1920\" \/>\n\t<meta property=\"og:image:height\" content=\"700\" \/>\n\t<meta property=\"og:image:type\" content=\"image\/jpeg\" \/>\n<meta name=\"twitter:card\" content=\"summary_large_image\" \/>\n<meta name=\"twitter:label1\" content=\"Procenjeno vreme \u010ditanja\" \/>\n\t<meta name=\"twitter:data1\" content=\"2 minuta\" \/>\n<script type=\"application\/ld+json\" class=\"yoast-schema-graph\">{\"@context\":\"https:\\\/\\\/schema.org\",\"@graph\":[{\"@type\":\"WebPage\",\"@id\":\"https:\\\/\\\/www.british-int-school.org.uk\\\/sr\\\/nagrade\\\/\",\"url\":\"https:\\\/\\\/www.british-int-school.org.uk\\\/sr\\\/nagrade\\\/\",\"name\":\"Nagrade | British International School\",\"isPartOf\":{\"@id\":\"https:\\\/\\\/www.british-int-school.org.uk\\\/#website\"},\"primaryImageOfPage\":{\"@id\":\"https:\\\/\\\/www.british-int-school.org.uk\\\/sr\\\/nagrade\\\/#primaryimage\"},\"image\":{\"@id\":\"https:\\\/\\\/www.british-int-school.org.uk\\\/sr\\\/nagrade\\\/#primaryimage\"},\"thumbnailUrl\":\"https:\\\/\\\/www.british-int-school.org.uk\\\/wp-content\\\/uploads\\\/2022\\\/04\\\/bis-award.jpg\",\"datePublished\":\"2022-05-31T21:34:44+00:00\",\"dateModified\":\"2022-06-01T00:02:08+00:00\",\"breadcrumb\":{\"@id\":\"https:\\\/\\\/www.british-int-school.org.uk\\\/sr\\\/nagrade\\\/#breadcrumb\"},\"inLanguage\":\"sr-RS\",\"potentialAction\":[{\"@type\":\"ReadAction\",\"target\":[\"https:\\\/\\\/www.british-int-school.org.uk\\\/sr\\\/nagrade\\\/\"]}]},{\"@type\":\"ImageObject\",\"inLanguage\":\"sr-RS\",\"@id\":\"https:\\\/\\\/www.british-int-school.org.uk\\\/sr\\\/nagrade\\\/#primaryimage\",\"url\":\"https:\\\/\\\/www.british-int-school.org.uk\\\/wp-content\\\/uploads\\\/2022\\\/04\\\/bis-award.jpg\",\"contentUrl\":\"https:\\\/\\\/www.british-int-school.org.uk\\\/wp-content\\\/uploads\\\/2022\\\/04\\\/bis-award.jpg\",\"width\":1920,\"height\":700,\"caption\":\"BIS - bis-award\"},{\"@type\":\"BreadcrumbList\",\"@id\":\"https:\\\/\\\/www.british-int-school.org.uk\\\/sr\\\/nagrade\\\/#breadcrumb\",\"itemListElement\":[{\"@type\":\"ListItem\",\"position\":1,\"name\":\"Home\",\"item\":\"https:\\\/\\\/www.british-int-school.org.uk\\\/sr\\\/\"},{\"@type\":\"ListItem\",\"position\":2,\"name\":\"Nagrade\"}]},{\"@type\":\"WebSite\",\"@id\":\"https:\\\/\\\/www.british-int-school.org.uk\\\/#website\",\"url\":\"https:\\\/\\\/www.british-int-school.org.uk\\\/\",\"name\":\"British International School\",\"description\":\"\",\"publisher\":{\"@id\":\"https:\\\/\\\/www.british-int-school.org.uk\\\/#organization\"},\"potentialAction\":[{\"@type\":\"SearchAction\",\"target\":{\"@type\":\"EntryPoint\",\"urlTemplate\":\"https:\\\/\\\/www.british-int-school.org.uk\\\/?s={search_term_string}\"},\"query-input\":{\"@type\":\"PropertyValueSpecification\",\"valueRequired\":true,\"valueName\":\"search_term_string\"}}],\"inLanguage\":\"sr-RS\"},{\"@type\":\"Organization\",\"@id\":\"https:\\\/\\\/www.british-int-school.org.uk\\\/#organization\",\"name\":\"British International School\",\"url\":\"https:\\\/\\\/www.british-int-school.org.uk\\\/\",\"logo\":{\"@type\":\"ImageObject\",\"inLanguage\":\"sr-RS\",\"@id\":\"https:\\\/\\\/www.british-int-school.org.uk\\\/#\\\/schema\\\/logo\\\/image\\\/\",\"url\":\"https:\\\/\\\/www.british-int-school.org.uk\\\/wp-content\\\/uploads\\\/2017\\\/09\\\/Logo-BIS-150.jpg\",\"contentUrl\":\"https:\\\/\\\/www.british-int-school.org.uk\\\/wp-content\\\/uploads\\\/2017\\\/09\\\/Logo-BIS-150.jpg\",\"width\":150,\"height\":150,\"caption\":\"British International School\"},\"image\":{\"@id\":\"https:\\\/\\\/www.british-int-school.org.uk\\\/#\\\/schema\\\/logo\\\/image\\\/\"}}]}<\/script>\n<!-- \/ Yoast SEO plugin. -->","yoast_head_json":{"title":"Nagrade | British International School","robots":{"index":"index","follow":"follow","max-snippet":"max-snippet:-1","max-image-preview":"max-image-preview:large","max-video-preview":"max-video-preview:-1"},"canonical":"https:\/\/www.british-int-school.org.uk\/sr\/nagrade\/","og_locale":"sr_RS","og_type":"article","og_title":"Nagrade | British International School","og_description":"U British International School svesni smo zna\u010daja nagra\u0111ivanja pozitivnog pona\u0161anja kada je re\u010d o motivaciji i stimulisanju u\u010denika. Svaki zaposleni [&hellip;]","og_url":"https:\/\/www.british-int-school.org.uk\/sr\/nagrade\/","og_site_name":"British International School","article_modified_time":"2022-06-01T00:02:08+00:00","og_image":[{"width":1920,"height":700,"url":"https:\/\/www.british-int-school.org.uk\/wp-content\/uploads\/2022\/04\/bis-award.jpg","type":"image\/jpeg"}],"twitter_card":"summary_large_image","twitter_misc":{"Procenjeno vreme \u010ditanja":"2 minuta"},"schema":{"@context":"https:\/\/schema.org","@graph":[{"@type":"WebPage","@id":"https:\/\/www.british-int-school.org.uk\/sr\/nagrade\/","url":"https:\/\/www.british-int-school.org.uk\/sr\/nagrade\/","name":"Nagrade | British International School","isPartOf":{"@id":"https:\/\/www.british-int-school.org.uk\/#website"},"primaryImageOfPage":{"@id":"https:\/\/www.british-int-school.org.uk\/sr\/nagrade\/#primaryimage"},"image":{"@id":"https:\/\/www.british-int-school.org.uk\/sr\/nagrade\/#primaryimage"},"thumbnailUrl":"https:\/\/www.british-int-school.org.uk\/wp-content\/uploads\/2022\/04\/bis-award.jpg","datePublished":"2022-05-31T21:34:44+00:00","dateModified":"2022-06-01T00:02:08+00:00","breadcrumb":{"@id":"https:\/\/www.british-int-school.org.uk\/sr\/nagrade\/#breadcrumb"},"inLanguage":"sr-RS","potentialAction":[{"@type":"ReadAction","target":["https:\/\/www.british-int-school.org.uk\/sr\/nagrade\/"]}]},{"@type":"ImageObject","inLanguage":"sr-RS","@id":"https:\/\/www.british-int-school.org.uk\/sr\/nagrade\/#primaryimage","url":"https:\/\/www.british-int-school.org.uk\/wp-content\/uploads\/2022\/04\/bis-award.jpg","contentUrl":"https:\/\/www.british-int-school.org.uk\/wp-content\/uploads\/2022\/04\/bis-award.jpg","width":1920,"height":700,"caption":"BIS - bis-award"},{"@type":"BreadcrumbList","@id":"https:\/\/www.british-int-school.org.uk\/sr\/nagrade\/#breadcrumb","itemListElement":[{"@type":"ListItem","position":1,"name":"Home","item":"https:\/\/www.british-int-school.org.uk\/sr\/"},{"@type":"ListItem","position":2,"name":"Nagrade"}]},{"@type":"WebSite","@id":"https:\/\/www.british-int-school.org.uk\/#website","url":"https:\/\/www.british-int-school.org.uk\/","name":"British International School","description":"","publisher":{"@id":"https:\/\/www.british-int-school.org.uk\/#organization"},"potentialAction":[{"@type":"SearchAction","target":{"@type":"EntryPoint","urlTemplate":"https:\/\/www.british-int-school.org.uk\/?s={search_term_string}"},"query-input":{"@type":"PropertyValueSpecification","valueRequired":true,"valueName":"search_term_string"}}],"inLanguage":"sr-RS"},{"@type":"Organization","@id":"https:\/\/www.british-int-school.org.uk\/#organization","name":"British International School","url":"https:\/\/www.british-int-school.org.uk\/","logo":{"@type":"ImageObject","inLanguage":"sr-RS","@id":"https:\/\/www.british-int-school.org.uk\/#\/schema\/logo\/image\/","url":"https:\/\/www.british-int-school.org.uk\/wp-content\/uploads\/2017\/09\/Logo-BIS-150.jpg","contentUrl":"https:\/\/www.british-int-school.org.uk\/wp-content\/uploads\/2017\/09\/Logo-BIS-150.jpg","width":150,"height":150,"caption":"British International School"},"image":{"@id":"https:\/\/www.british-int-school.org.uk\/#\/schema\/logo\/image\/"}}]}},"_links":{"self":[{"href":"https:\/\/www.british-int-school.org.uk\/sr\/wp-json\/wp\/v2\/pages\/10550","targetHints":{"allow":["GET"]}}],"collection":[{"href":"https:\/\/www.british-int-school.org.uk\/sr\/wp-json\/wp\/v2\/pages"}],"about":[{"href":"https:\/\/www.british-int-school.org.uk\/sr\/wp-json\/wp\/v2\/types\/page"}],"author":[{"embeddable":true,"href":"https:\/\/www.british-int-school.org.uk\/sr\/wp-json\/wp\/v2\/users\/11"}],"replies":[{"embeddable":true,"href":"https:\/\/www.british-int-school.org.uk\/sr\/wp-json\/wp\/v2\/comments?post=10550"}],"version-history":[{"count":0,"href":"https:\/\/www.british-int-school.org.uk\/sr\/wp-json\/wp\/v2\/pages\/10550\/revisions"}],"wp:featuredmedia":[{"embeddable":true,"href":"https:\/\/www.british-int-school.org.uk\/sr\/wp-json\/wp\/v2\/media\/10442"}],"wp:attachment":[{"href":"https:\/\/www.british-int-school.org.uk\/sr\/wp-json\/wp\/v2\/media?parent=10550"}],"curies":[{"name":"wp","href":"https:\/\/api.w.org\/{rel}","templated":true}]}}