{"id":10554,"date":"2022-05-31T22:39:41","date_gmt":"2022-05-31T21:39:41","guid":{"rendered":"https:\/\/6s.rs\/bis\/?page_id=10554"},"modified":"2022-06-23T11:53:26","modified_gmt":"2022-06-23T10:53:26","slug":"kreativne-radionice","status":"publish","type":"page","link":"https:\/\/www.british-int-school.org.uk\/sr\/kreativne-radionice\/","title":{"rendered":"Kreativne radionice"},"content":{"rendered":"<p>British International School u Beogradu u velikoj meri usredsre\u0111ena je na kreativnost u\u010denika i razvoj njihovih talenata. Stoga blisko sara\u0111ujemo sa nekoliko eksternih agencija kako bismo u\u010denicima obezbedili stru\u010dno predstavljanje vannastavnih aktivnosti i mogu\u0107nost usavr\u0161avanja njihovih talenata po najvi\u0161im standardima.<\/p>\n<p>Na taj na\u010din,tokom nastavnog dana, na\u0161i <a href=\"https:\/\/www.british-int-school.org.uk\/sr\/akademski-program-za-vise-razrede-osnovne-skole\/\">Primary students<\/a> mogu besplatno da poha\u0111aju vannastavne sekcije (engl. Extra Curricular Clubs &#8211; ECA) u oblasti grn\u010darije, kuvanja, oblikovanja gline, kapoere, kriketa, odbojke, fudbala, baleta, filmske animacije, stranih jezika (francuskog, \u0161panskog, nema\u010dkog, gr\u010dkog, kineskog) i mnogih drugih. Postoji mogu\u0107nost organizovanja dodatnih \u010dasova jezika posle \u0161kole, kada su u\u010denici i roditelji zainteresovani za to. Sekcije se odr\u017eavaju u prostorijama \u0161kole, te tako nije potrebna nikakva promena mesta odr\u017eavanja ili dodatni prevoz. <\/p>\n<p>ECA sekcije predstavljaju deo nastavnog dana i u srednjoj \u0161koli. Prilago\u0111eni uzrastu i interesovanjima u\u010denika i uklju\u010duju aktivnosti kao \u0161to su: sekcija Duke of Edinburgh, filmska animacija, snimanje filmova, fotografija, debatni klub, klub ra\u010dunarskog programiranja, \u0161ahovski klub, drama, hor, \u0161kolski bend i jo\u0161 mnogo toga. Sve vannastavne aktivnosti za srednju \u0161kolu besplatne su, osim ekspedicija u okviru sekcije Duke of Edinburgh. <\/p>\n<h2 class=\"unutrasnja_naslov levo\">Kreativna umetnost<\/h2>\n<ul>\n<li>Grn\u010darija<\/li>\n<li>Oblikovanje gline <\/li>\n<li>Filmska animacija<\/li>\n<li>Kuvanje<\/li>\n<li>Sekcija muzi\u010dkih instrumenata<\/li>\n<li>Hor<\/li>\n<li>Snimanje filmova<\/li>\n<li>Fotografija<\/li>\n<li>Izrada lutaka<\/li>\n<li>Doma\u0107a radinost<\/li>\n<li>Plesna sekcija<\/li>\n<li>Drama<\/li>\n<li>Hor<\/li>\n<li>\u0160kolski bend<\/li>\n<\/ul>\n<div id=\"jig1\" class=\"justified-image-grid jig-42bc6cdb523ac767201eb2ecaf8981c0 jig-preset-global\"><div class=\"jig-clearfix\"><\/div><noscript id=\"jig1-html\" class=\"justified-image-grid-html\" data-lazy-src=\"skiplazyload\" data-src=\"skipunveillazyload\"><ul><li><a href=\"https:\/\/www.british-int-school.org.uk\/wp-content\/uploads\/2019\/04\/0S1A9422.jpg\" title=\"0S1A9422\"><img loading=\"lazy\" decoding=\"async\" src=\"https:\/\/www.british-int-school.org.uk\/wp-content\/plugins\/justified-image-grid\/timthumb.php?src=https%3A%2F%2Fwww.british-int-school.org.uk%2Fwp-content%2Fuploads%2F2019%2F04%2F0S1A9422.jpg&amp;h=300&amp;q=90&amp;f=.jpg\" alt=\"0S1A9422\" width=\"200\" height=\"300\" \/><\/a><p class=\"jig-HTMLdescription\">0S1A9422<\/p><\/li><li><a href=\"https:\/\/www.british-int-school.org.uk\/wp-content\/uploads\/2019\/04\/creative-arts2.jpg\"><img loading=\"lazy\" decoding=\"async\" src=\"https:\/\/www.british-int-school.org.uk\/wp-content\/plugins\/justified-image-grid\/timthumb.php?src=https%3A%2F%2Fwww.british-int-school.org.uk%2Fwp-content%2Fuploads%2F2019%2F04%2Fcreative-arts2.jpg&amp;h=300&amp;q=90&amp;f=.jpg\" alt=\"\" width=\"449\" height=\"300\" \/><\/a><\/li><li><a href=\"https:\/\/www.british-int-school.org.uk\/wp-content\/uploads\/2019\/04\/IMG_0347-Copy.jpg\"><img loading=\"lazy\" decoding=\"async\" src=\"https:\/\/www.british-int-school.org.uk\/wp-content\/plugins\/justified-image-grid\/timthumb.php?src=https%3A%2F%2Fwww.british-int-school.org.uk%2Fwp-content%2Fuploads%2F2019%2F04%2FIMG_0347-Copy.jpg&amp;h=300&amp;q=90&amp;f=.jpg\" alt=\"\" width=\"449\" height=\"300\" \/><\/a><\/li><li><a href=\"https:\/\/www.british-int-school.org.uk\/wp-content\/uploads\/2019\/05\/creative-arts3.png\"><img loading=\"lazy\" decoding=\"async\" src=\"https:\/\/www.british-int-school.org.uk\/wp-content\/plugins\/justified-image-grid\/timthumb.php?src=https%3A%2F%2Fwww.british-int-school.org.uk%2Fwp-content%2Fuploads%2F2019%2F05%2Fcreative-arts3.png&amp;h=300&amp;q=90&amp;f=.png\" alt=\"\" width=\"449\" height=\"300\" \/><\/a><\/li><\/ul><\/noscript><\/div>\n","protected":false},"excerpt":{"rendered":"<p>British International School u Beogradu u velikoj meri usredsre\u0111ena je na kreativnost u\u010denika i razvoj njihovih talenata. Stoga blisko sara\u0111ujemo [&hellip;]<\/p>\n","protected":false},"author":11,"featured_media":10450,"parent":0,"menu_order":0,"comment_status":"closed","ping_status":"closed","template":"","meta":{"footnotes":""},"class_list":["post-10554","page","type-page","status-publish","has-post-thumbnail","hentry"],"yoast_head":"<!-- This site is optimized with the Yoast SEO plugin v27.4 - https:\/\/yoast.com\/product\/yoast-seo-wordpress\/ -->\n<title>Kreativne radionice | British International School<\/title>\n<meta name=\"robots\" content=\"index, follow, max-snippet:-1, max-image-preview:large, max-video-preview:-1\" \/>\n<link rel=\"canonical\" href=\"https:\/\/www.british-int-school.org.uk\/sr\/kreativne-radionice\/\" \/>\n<meta property=\"og:locale\" content=\"sr_RS\" \/>\n<meta property=\"og:type\" content=\"article\" \/>\n<meta property=\"og:title\" content=\"Kreativne radionice | British International School\" \/>\n<meta property=\"og:description\" content=\"British International School u Beogradu u velikoj meri usredsre\u0111ena je na kreativnost u\u010denika i razvoj njihovih talenata. Stoga blisko sara\u0111ujemo [&hellip;]\" \/>\n<meta property=\"og:url\" content=\"https:\/\/www.british-int-school.org.uk\/sr\/kreativne-radionice\/\" \/>\n<meta property=\"og:site_name\" content=\"British International School\" \/>\n<meta property=\"article:modified_time\" content=\"2022-06-23T10:53:26+00:00\" \/>\n<meta property=\"og:image\" content=\"https:\/\/www.british-int-school.org.uk\/wp-content\/uploads\/2022\/04\/bis-creative-arts.jpg\" \/>\n\t<meta property=\"og:image:width\" content=\"1920\" \/>\n\t<meta property=\"og:image:height\" content=\"700\" \/>\n\t<meta property=\"og:image:type\" content=\"image\/jpeg\" \/>\n<meta name=\"twitter:card\" content=\"summary_large_image\" \/>\n<meta name=\"twitter:label1\" content=\"Procenjeno vreme \u010ditanja\" \/>\n\t<meta name=\"twitter:data1\" content=\"1 minut\" \/>\n<script type=\"application\/ld+json\" class=\"yoast-schema-graph\">{\"@context\":\"https:\\\/\\\/schema.org\",\"@graph\":[{\"@type\":\"WebPage\",\"@id\":\"https:\\\/\\\/www.british-int-school.org.uk\\\/sr\\\/kreativne-radionice\\\/\",\"url\":\"https:\\\/\\\/www.british-int-school.org.uk\\\/sr\\\/kreativne-radionice\\\/\",\"name\":\"Kreativne radionice | British International School\",\"isPartOf\":{\"@id\":\"https:\\\/\\\/www.british-int-school.org.uk\\\/#website\"},\"primaryImageOfPage\":{\"@id\":\"https:\\\/\\\/www.british-int-school.org.uk\\\/sr\\\/kreativne-radionice\\\/#primaryimage\"},\"image\":{\"@id\":\"https:\\\/\\\/www.british-int-school.org.uk\\\/sr\\\/kreativne-radionice\\\/#primaryimage\"},\"thumbnailUrl\":\"https:\\\/\\\/www.british-int-school.org.uk\\\/wp-content\\\/uploads\\\/2022\\\/04\\\/bis-creative-arts.jpg\",\"datePublished\":\"2022-05-31T21:39:41+00:00\",\"dateModified\":\"2022-06-23T10:53:26+00:00\",\"breadcrumb\":{\"@id\":\"https:\\\/\\\/www.british-int-school.org.uk\\\/sr\\\/kreativne-radionice\\\/#breadcrumb\"},\"inLanguage\":\"sr-RS\",\"potentialAction\":[{\"@type\":\"ReadAction\",\"target\":[\"https:\\\/\\\/www.british-int-school.org.uk\\\/sr\\\/kreativne-radionice\\\/\"]}]},{\"@type\":\"ImageObject\",\"inLanguage\":\"sr-RS\",\"@id\":\"https:\\\/\\\/www.british-int-school.org.uk\\\/sr\\\/kreativne-radionice\\\/#primaryimage\",\"url\":\"https:\\\/\\\/www.british-int-school.org.uk\\\/wp-content\\\/uploads\\\/2022\\\/04\\\/bis-creative-arts.jpg\",\"contentUrl\":\"https:\\\/\\\/www.british-int-school.org.uk\\\/wp-content\\\/uploads\\\/2022\\\/04\\\/bis-creative-arts.jpg\",\"width\":1920,\"height\":700,\"caption\":\"BIS - bis-creative-arts\"},{\"@type\":\"BreadcrumbList\",\"@id\":\"https:\\\/\\\/www.british-int-school.org.uk\\\/sr\\\/kreativne-radionice\\\/#breadcrumb\",\"itemListElement\":[{\"@type\":\"ListItem\",\"position\":1,\"name\":\"Home\",\"item\":\"https:\\\/\\\/www.british-int-school.org.uk\\\/sr\\\/\"},{\"@type\":\"ListItem\",\"position\":2,\"name\":\"Kreativne radionice\"}]},{\"@type\":\"WebSite\",\"@id\":\"https:\\\/\\\/www.british-int-school.org.uk\\\/#website\",\"url\":\"https:\\\/\\\/www.british-int-school.org.uk\\\/\",\"name\":\"British International School\",\"description\":\"\",\"publisher\":{\"@id\":\"https:\\\/\\\/www.british-int-school.org.uk\\\/#organization\"},\"potentialAction\":[{\"@type\":\"SearchAction\",\"target\":{\"@type\":\"EntryPoint\",\"urlTemplate\":\"https:\\\/\\\/www.british-int-school.org.uk\\\/?s={search_term_string}\"},\"query-input\":{\"@type\":\"PropertyValueSpecification\",\"valueRequired\":true,\"valueName\":\"search_term_string\"}}],\"inLanguage\":\"sr-RS\"},{\"@type\":\"Organization\",\"@id\":\"https:\\\/\\\/www.british-int-school.org.uk\\\/#organization\",\"name\":\"British International School\",\"url\":\"https:\\\/\\\/www.british-int-school.org.uk\\\/\",\"logo\":{\"@type\":\"ImageObject\",\"inLanguage\":\"sr-RS\",\"@id\":\"https:\\\/\\\/www.british-int-school.org.uk\\\/#\\\/schema\\\/logo\\\/image\\\/\",\"url\":\"https:\\\/\\\/www.british-int-school.org.uk\\\/wp-content\\\/uploads\\\/2017\\\/09\\\/Logo-BIS-150.jpg\",\"contentUrl\":\"https:\\\/\\\/www.british-int-school.org.uk\\\/wp-content\\\/uploads\\\/2017\\\/09\\\/Logo-BIS-150.jpg\",\"width\":150,\"height\":150,\"caption\":\"British International School\"},\"image\":{\"@id\":\"https:\\\/\\\/www.british-int-school.org.uk\\\/#\\\/schema\\\/logo\\\/image\\\/\"}}]}<\/script>\n<!-- \/ Yoast SEO plugin. -->","yoast_head_json":{"title":"Kreativne radionice | British International School","robots":{"index":"index","follow":"follow","max-snippet":"max-snippet:-1","max-image-preview":"max-image-preview:large","max-video-preview":"max-video-preview:-1"},"canonical":"https:\/\/www.british-int-school.org.uk\/sr\/kreativne-radionice\/","og_locale":"sr_RS","og_type":"article","og_title":"Kreativne radionice | British International School","og_description":"British International School u Beogradu u velikoj meri usredsre\u0111ena je na kreativnost u\u010denika i razvoj njihovih talenata. Stoga blisko sara\u0111ujemo [&hellip;]","og_url":"https:\/\/www.british-int-school.org.uk\/sr\/kreativne-radionice\/","og_site_name":"British International School","article_modified_time":"2022-06-23T10:53:26+00:00","og_image":[{"width":1920,"height":700,"url":"https:\/\/www.british-int-school.org.uk\/wp-content\/uploads\/2022\/04\/bis-creative-arts.jpg","type":"image\/jpeg"}],"twitter_card":"summary_large_image","twitter_misc":{"Procenjeno vreme \u010ditanja":"1 minut"},"schema":{"@context":"https:\/\/schema.org","@graph":[{"@type":"WebPage","@id":"https:\/\/www.british-int-school.org.uk\/sr\/kreativne-radionice\/","url":"https:\/\/www.british-int-school.org.uk\/sr\/kreativne-radionice\/","name":"Kreativne radionice | British International School","isPartOf":{"@id":"https:\/\/www.british-int-school.org.uk\/#website"},"primaryImageOfPage":{"@id":"https:\/\/www.british-int-school.org.uk\/sr\/kreativne-radionice\/#primaryimage"},"image":{"@id":"https:\/\/www.british-int-school.org.uk\/sr\/kreativne-radionice\/#primaryimage"},"thumbnailUrl":"https:\/\/www.british-int-school.org.uk\/wp-content\/uploads\/2022\/04\/bis-creative-arts.jpg","datePublished":"2022-05-31T21:39:41+00:00","dateModified":"2022-06-23T10:53:26+00:00","breadcrumb":{"@id":"https:\/\/www.british-int-school.org.uk\/sr\/kreativne-radionice\/#breadcrumb"},"inLanguage":"sr-RS","potentialAction":[{"@type":"ReadAction","target":["https:\/\/www.british-int-school.org.uk\/sr\/kreativne-radionice\/"]}]},{"@type":"ImageObject","inLanguage":"sr-RS","@id":"https:\/\/www.british-int-school.org.uk\/sr\/kreativne-radionice\/#primaryimage","url":"https:\/\/www.british-int-school.org.uk\/wp-content\/uploads\/2022\/04\/bis-creative-arts.jpg","contentUrl":"https:\/\/www.british-int-school.org.uk\/wp-content\/uploads\/2022\/04\/bis-creative-arts.jpg","width":1920,"height":700,"caption":"BIS - bis-creative-arts"},{"@type":"BreadcrumbList","@id":"https:\/\/www.british-int-school.org.uk\/sr\/kreativne-radionice\/#breadcrumb","itemListElement":[{"@type":"ListItem","position":1,"name":"Home","item":"https:\/\/www.british-int-school.org.uk\/sr\/"},{"@type":"ListItem","position":2,"name":"Kreativne radionice"}]},{"@type":"WebSite","@id":"https:\/\/www.british-int-school.org.uk\/#website","url":"https:\/\/www.british-int-school.org.uk\/","name":"British International School","description":"","publisher":{"@id":"https:\/\/www.british-int-school.org.uk\/#organization"},"potentialAction":[{"@type":"SearchAction","target":{"@type":"EntryPoint","urlTemplate":"https:\/\/www.british-int-school.org.uk\/?s={search_term_string}"},"query-input":{"@type":"PropertyValueSpecification","valueRequired":true,"valueName":"search_term_string"}}],"inLanguage":"sr-RS"},{"@type":"Organization","@id":"https:\/\/www.british-int-school.org.uk\/#organization","name":"British International School","url":"https:\/\/www.british-int-school.org.uk\/","logo":{"@type":"ImageObject","inLanguage":"sr-RS","@id":"https:\/\/www.british-int-school.org.uk\/#\/schema\/logo\/image\/","url":"https:\/\/www.british-int-school.org.uk\/wp-content\/uploads\/2017\/09\/Logo-BIS-150.jpg","contentUrl":"https:\/\/www.british-int-school.org.uk\/wp-content\/uploads\/2017\/09\/Logo-BIS-150.jpg","width":150,"height":150,"caption":"British International School"},"image":{"@id":"https:\/\/www.british-int-school.org.uk\/#\/schema\/logo\/image\/"}}]}},"_links":{"self":[{"href":"https:\/\/www.british-int-school.org.uk\/sr\/wp-json\/wp\/v2\/pages\/10554","targetHints":{"allow":["GET"]}}],"collection":[{"href":"https:\/\/www.british-int-school.org.uk\/sr\/wp-json\/wp\/v2\/pages"}],"about":[{"href":"https:\/\/www.british-int-school.org.uk\/sr\/wp-json\/wp\/v2\/types\/page"}],"author":[{"embeddable":true,"href":"https:\/\/www.british-int-school.org.uk\/sr\/wp-json\/wp\/v2\/users\/11"}],"replies":[{"embeddable":true,"href":"https:\/\/www.british-int-school.org.uk\/sr\/wp-json\/wp\/v2\/comments?post=10554"}],"version-history":[{"count":0,"href":"https:\/\/www.british-int-school.org.uk\/sr\/wp-json\/wp\/v2\/pages\/10554\/revisions"}],"wp:featuredmedia":[{"embeddable":true,"href":"https:\/\/www.british-int-school.org.uk\/sr\/wp-json\/wp\/v2\/media\/10450"}],"wp:attachment":[{"href":"https:\/\/www.british-int-school.org.uk\/sr\/wp-json\/wp\/v2\/media?parent=10554"}],"curies":[{"name":"wp","href":"https:\/\/api.w.org\/{rel}","templated":true}]}}