{"id":10557,"date":"2022-05-31T22:44:30","date_gmt":"2022-05-31T21:44:30","guid":{"rendered":"https:\/\/6s.rs\/bis\/?page_id=10557"},"modified":"2022-08-11T14:20:00","modified_gmt":"2022-08-11T13:20:00","slug":"izleti-i-ekskurzije","status":"publish","type":"page","link":"https:\/\/www.british-int-school.org.uk\/sr\/izleti-i-ekskurzije\/","title":{"rendered":"Izleti i ekskurzije"},"content":{"rendered":"<p>British International School svake godine organizuje studijska putovanja za svoje u\u010denike. Studijsko putovanje za osnovnu \u0161kolu organizuje se u Srbiji, po\u010detkom juna i traje \u010detiri dana. Neka od odredi\u0161ta koja su u\u010denici British International School do sada posetili su Kopaonik, Vrnja\u010dka Banja, Palic\u0301, \u0110avolja Varo\u0161, Uvac itd.<\/p>\n<p>Studijsko putovanje za srednju \u0161kolu organizuje se svake godine krajem oktobra, traje sedam dana, a u\u010denici uvek posec\u0301uju neko odredi\u0161te u inostranstvu. Mesta koje su u\u010denici posetili prethodnih godina uklju\u010duju Veliku Britaniju, Severnu Italiju, Francusku, \u0160paniju, Rusiju, Skandinaviju, itd.<\/p>\n<p>Pored godi\u0161njih studijskih putovanja, studenti British International School tokom \u0161kolske godine \u010desto idu na izlete tokom nastavnog dana. Te jednodnevne ekskurzije organizuju se u skladu sa temama nastavnog plana i programa koje se trenutno obra\u0111uju i podrazumevaju posete muzejima, galerijama, sajmovima nauke, drugim sajmovima i obrazovnim ustanovama sa kojima \u0161kola sara\u0111uje.<\/p>\n<p>U\u010denici koji su \u010dlanovi kluba Duke of Edinburgh imaju i svoju sopstvenu ekspediciju za osvajanje nagrade Duke of Edinburgh Award, koja podrazumeva jednodnevno avanturisti\u010dko putovanje do jednog od obli\u017enjih mesta za kampovanje. Pored tog avanturisti\u010dkog putovanja, na\u0161i u\u010denici \u010desto imaju dane obrazovne nastave na otvorenom gde se bave raznim aktivnostima o\u010duvanja prirode, te ekskurzije u okviru nastave geografije.<\/p>\n<div id=\"jig1\" class=\"justified-image-grid jig-3050d0170265cfe391da49f94f67273f jig-preset-global\"><div class=\"jig-clearfix\"><\/div><noscript id=\"jig1-html\" class=\"justified-image-grid-html\" data-lazy-src=\"skiplazyload\" data-src=\"skipunveillazyload\"><ul><li><a href=\"https:\/\/www.british-int-school.org.uk\/wp-content\/uploads\/2019\/04\/OUTDOOR-3.jpg\"><img loading=\"lazy\" decoding=\"async\" src=\"https:\/\/www.british-int-school.org.uk\/wp-content\/plugins\/justified-image-grid\/timthumb.php?src=https%3A%2F%2Fwww.british-int-school.org.uk%2Fwp-content%2Fuploads%2F2019%2F04%2FOUTDOOR-3.jpg&amp;h=300&amp;q=90&amp;f=.jpg\" alt=\"\" width=\"400\" height=\"300\" \/><\/a><\/li><li><a href=\"https:\/\/www.british-int-school.org.uk\/wp-content\/uploads\/2019\/04\/OUTDOOR-1-1.jpg\"><img loading=\"lazy\" decoding=\"async\" src=\"https:\/\/www.british-int-school.org.uk\/wp-content\/plugins\/justified-image-grid\/timthumb.php?src=https%3A%2F%2Fwww.british-int-school.org.uk%2Fwp-content%2Fuploads%2F2019%2F04%2FOUTDOOR-1-1.jpg&amp;h=300&amp;q=90&amp;f=.jpg\" alt=\"\" width=\"359\" height=\"300\" \/><\/a><\/li><li><a href=\"https:\/\/www.british-int-school.org.uk\/wp-content\/uploads\/2019\/04\/OUTDOOR-2.jpg\"><img loading=\"lazy\" decoding=\"async\" src=\"https:\/\/www.british-int-school.org.uk\/wp-content\/plugins\/justified-image-grid\/timthumb.php?src=https%3A%2F%2Fwww.british-int-school.org.uk%2Fwp-content%2Fuploads%2F2019%2F04%2FOUTDOOR-2.jpg&amp;h=300&amp;q=90&amp;f=.jpg\" alt=\"\" width=\"400\" height=\"300\" \/><\/a><\/li><li><a href=\"https:\/\/www.british-int-school.org.uk\/wp-content\/uploads\/2019\/04\/OUTDOOR-5.jpg\"><img loading=\"lazy\" decoding=\"async\" src=\"https:\/\/www.british-int-school.org.uk\/wp-content\/plugins\/justified-image-grid\/timthumb.php?src=https%3A%2F%2Fwww.british-int-school.org.uk%2Fwp-content%2Fuploads%2F2019%2F04%2FOUTDOOR-5.jpg&amp;h=300&amp;q=90&amp;f=.jpg\" alt=\"\" width=\"400\" height=\"300\" \/><\/a><\/li><li><a href=\"https:\/\/www.british-int-school.org.uk\/wp-content\/uploads\/2022\/03\/IMG_0650.jpg\" title=\"IMG_0650\"><img loading=\"lazy\" decoding=\"async\" src=\"https:\/\/www.british-int-school.org.uk\/wp-content\/plugins\/justified-image-grid\/timthumb.php?src=https%3A%2F%2Fwww.british-int-school.org.uk%2Fwp-content%2Fuploads%2F2022%2F03%2FIMG_0650.jpg&amp;h=300&amp;q=90&amp;f=.jpg\" alt=\"IMG_0650\" width=\"450\" height=\"300\" \/><\/a><p class=\"jig-HTMLdescription\">IMG_0650<\/p><\/li><\/ul><\/noscript><\/div>\n","protected":false},"excerpt":{"rendered":"<p>British International School svake godine organizuje studijska putovanja za svoje u\u010denike. Studijsko putovanje za osnovnu \u0161kolu organizuje se u Srbiji, [&hellip;]<\/p>\n","protected":false},"author":11,"featured_media":10443,"parent":0,"menu_order":0,"comment_status":"closed","ping_status":"closed","template":"","meta":{"footnotes":""},"class_list":["post-10557","page","type-page","status-publish","has-post-thumbnail","hentry"],"yoast_head":"<!-- This site is optimized with the Yoast SEO plugin v27.4 - https:\/\/yoast.com\/product\/yoast-seo-wordpress\/ -->\n<title>Izleti i ekskurzije | British International School<\/title>\n<meta name=\"description\" content=\"Pored godi\u0161njih studijskih putovanja, studenti British International School tokom \u0161kolske godine \u010desto idu na izlete tokom nastavnog dana.\" \/>\n<meta name=\"robots\" content=\"index, follow, max-snippet:-1, max-image-preview:large, max-video-preview:-1\" \/>\n<link rel=\"canonical\" href=\"https:\/\/www.british-int-school.org.uk\/sr\/izleti-i-ekskurzije\/\" \/>\n<meta property=\"og:locale\" content=\"sr_RS\" \/>\n<meta property=\"og:type\" content=\"article\" \/>\n<meta property=\"og:title\" content=\"Izleti i ekskurzije | British International School\" \/>\n<meta property=\"og:description\" content=\"Pored godi\u0161njih studijskih putovanja, studenti British International School tokom \u0161kolske godine \u010desto idu na izlete tokom nastavnog dana.\" \/>\n<meta property=\"og:url\" content=\"https:\/\/www.british-int-school.org.uk\/sr\/izleti-i-ekskurzije\/\" \/>\n<meta property=\"og:site_name\" content=\"British International School\" \/>\n<meta property=\"article:modified_time\" content=\"2022-08-11T13:20:00+00:00\" \/>\n<meta property=\"og:image\" content=\"https:\/\/www.british-int-school.org.uk\/wp-content\/uploads\/2022\/04\/bis-outdoor-activities.jpg\" \/>\n\t<meta property=\"og:image:width\" content=\"1920\" \/>\n\t<meta property=\"og:image:height\" content=\"700\" \/>\n\t<meta property=\"og:image:type\" content=\"image\/jpeg\" \/>\n<meta name=\"twitter:card\" content=\"summary_large_image\" \/>\n<meta name=\"twitter:label1\" content=\"Procenjeno vreme \u010ditanja\" \/>\n\t<meta name=\"twitter:data1\" content=\"1 minut\" \/>\n<script type=\"application\/ld+json\" class=\"yoast-schema-graph\">{\"@context\":\"https:\\\/\\\/schema.org\",\"@graph\":[{\"@type\":\"WebPage\",\"@id\":\"https:\\\/\\\/www.british-int-school.org.uk\\\/sr\\\/izleti-i-ekskurzije\\\/\",\"url\":\"https:\\\/\\\/www.british-int-school.org.uk\\\/sr\\\/izleti-i-ekskurzije\\\/\",\"name\":\"Izleti i ekskurzije | British International School\",\"isPartOf\":{\"@id\":\"https:\\\/\\\/www.british-int-school.org.uk\\\/#website\"},\"primaryImageOfPage\":{\"@id\":\"https:\\\/\\\/www.british-int-school.org.uk\\\/sr\\\/izleti-i-ekskurzije\\\/#primaryimage\"},\"image\":{\"@id\":\"https:\\\/\\\/www.british-int-school.org.uk\\\/sr\\\/izleti-i-ekskurzije\\\/#primaryimage\"},\"thumbnailUrl\":\"https:\\\/\\\/www.british-int-school.org.uk\\\/wp-content\\\/uploads\\\/2022\\\/04\\\/bis-outdoor-activities.jpg\",\"datePublished\":\"2022-05-31T21:44:30+00:00\",\"dateModified\":\"2022-08-11T13:20:00+00:00\",\"description\":\"Pored godi\u0161njih studijskih putovanja, studenti British International School tokom \u0161kolske godine \u010desto idu na izlete tokom nastavnog dana.\",\"breadcrumb\":{\"@id\":\"https:\\\/\\\/www.british-int-school.org.uk\\\/sr\\\/izleti-i-ekskurzije\\\/#breadcrumb\"},\"inLanguage\":\"sr-RS\",\"potentialAction\":[{\"@type\":\"ReadAction\",\"target\":[\"https:\\\/\\\/www.british-int-school.org.uk\\\/sr\\\/izleti-i-ekskurzije\\\/\"]}]},{\"@type\":\"ImageObject\",\"inLanguage\":\"sr-RS\",\"@id\":\"https:\\\/\\\/www.british-int-school.org.uk\\\/sr\\\/izleti-i-ekskurzije\\\/#primaryimage\",\"url\":\"https:\\\/\\\/www.british-int-school.org.uk\\\/wp-content\\\/uploads\\\/2022\\\/04\\\/bis-outdoor-activities.jpg\",\"contentUrl\":\"https:\\\/\\\/www.british-int-school.org.uk\\\/wp-content\\\/uploads\\\/2022\\\/04\\\/bis-outdoor-activities.jpg\",\"width\":1920,\"height\":700,\"caption\":\"BIS - bis-outdoor-activities\"},{\"@type\":\"BreadcrumbList\",\"@id\":\"https:\\\/\\\/www.british-int-school.org.uk\\\/sr\\\/izleti-i-ekskurzije\\\/#breadcrumb\",\"itemListElement\":[{\"@type\":\"ListItem\",\"position\":1,\"name\":\"Home\",\"item\":\"https:\\\/\\\/www.british-int-school.org.uk\\\/sr\\\/\"},{\"@type\":\"ListItem\",\"position\":2,\"name\":\"Izleti i ekskurzije\"}]},{\"@type\":\"WebSite\",\"@id\":\"https:\\\/\\\/www.british-int-school.org.uk\\\/#website\",\"url\":\"https:\\\/\\\/www.british-int-school.org.uk\\\/\",\"name\":\"British International School\",\"description\":\"\",\"publisher\":{\"@id\":\"https:\\\/\\\/www.british-int-school.org.uk\\\/#organization\"},\"potentialAction\":[{\"@type\":\"SearchAction\",\"target\":{\"@type\":\"EntryPoint\",\"urlTemplate\":\"https:\\\/\\\/www.british-int-school.org.uk\\\/?s={search_term_string}\"},\"query-input\":{\"@type\":\"PropertyValueSpecification\",\"valueRequired\":true,\"valueName\":\"search_term_string\"}}],\"inLanguage\":\"sr-RS\"},{\"@type\":\"Organization\",\"@id\":\"https:\\\/\\\/www.british-int-school.org.uk\\\/#organization\",\"name\":\"British International School\",\"url\":\"https:\\\/\\\/www.british-int-school.org.uk\\\/\",\"logo\":{\"@type\":\"ImageObject\",\"inLanguage\":\"sr-RS\",\"@id\":\"https:\\\/\\\/www.british-int-school.org.uk\\\/#\\\/schema\\\/logo\\\/image\\\/\",\"url\":\"https:\\\/\\\/www.british-int-school.org.uk\\\/wp-content\\\/uploads\\\/2017\\\/09\\\/Logo-BIS-150.jpg\",\"contentUrl\":\"https:\\\/\\\/www.british-int-school.org.uk\\\/wp-content\\\/uploads\\\/2017\\\/09\\\/Logo-BIS-150.jpg\",\"width\":150,\"height\":150,\"caption\":\"British International School\"},\"image\":{\"@id\":\"https:\\\/\\\/www.british-int-school.org.uk\\\/#\\\/schema\\\/logo\\\/image\\\/\"}}]}<\/script>\n<!-- \/ Yoast SEO plugin. -->","yoast_head_json":{"title":"Izleti i ekskurzije | British International School","description":"Pored godi\u0161njih studijskih putovanja, studenti British International School tokom \u0161kolske godine \u010desto idu na izlete tokom nastavnog dana.","robots":{"index":"index","follow":"follow","max-snippet":"max-snippet:-1","max-image-preview":"max-image-preview:large","max-video-preview":"max-video-preview:-1"},"canonical":"https:\/\/www.british-int-school.org.uk\/sr\/izleti-i-ekskurzije\/","og_locale":"sr_RS","og_type":"article","og_title":"Izleti i ekskurzije | British International School","og_description":"Pored godi\u0161njih studijskih putovanja, studenti British International School tokom \u0161kolske godine \u010desto idu na izlete tokom nastavnog dana.","og_url":"https:\/\/www.british-int-school.org.uk\/sr\/izleti-i-ekskurzije\/","og_site_name":"British International School","article_modified_time":"2022-08-11T13:20:00+00:00","og_image":[{"width":1920,"height":700,"url":"https:\/\/www.british-int-school.org.uk\/wp-content\/uploads\/2022\/04\/bis-outdoor-activities.jpg","type":"image\/jpeg"}],"twitter_card":"summary_large_image","twitter_misc":{"Procenjeno vreme \u010ditanja":"1 minut"},"schema":{"@context":"https:\/\/schema.org","@graph":[{"@type":"WebPage","@id":"https:\/\/www.british-int-school.org.uk\/sr\/izleti-i-ekskurzije\/","url":"https:\/\/www.british-int-school.org.uk\/sr\/izleti-i-ekskurzije\/","name":"Izleti i ekskurzije | British International School","isPartOf":{"@id":"https:\/\/www.british-int-school.org.uk\/#website"},"primaryImageOfPage":{"@id":"https:\/\/www.british-int-school.org.uk\/sr\/izleti-i-ekskurzije\/#primaryimage"},"image":{"@id":"https:\/\/www.british-int-school.org.uk\/sr\/izleti-i-ekskurzije\/#primaryimage"},"thumbnailUrl":"https:\/\/www.british-int-school.org.uk\/wp-content\/uploads\/2022\/04\/bis-outdoor-activities.jpg","datePublished":"2022-05-31T21:44:30+00:00","dateModified":"2022-08-11T13:20:00+00:00","description":"Pored godi\u0161njih studijskih putovanja, studenti British International School tokom \u0161kolske godine \u010desto idu na izlete tokom nastavnog dana.","breadcrumb":{"@id":"https:\/\/www.british-int-school.org.uk\/sr\/izleti-i-ekskurzije\/#breadcrumb"},"inLanguage":"sr-RS","potentialAction":[{"@type":"ReadAction","target":["https:\/\/www.british-int-school.org.uk\/sr\/izleti-i-ekskurzije\/"]}]},{"@type":"ImageObject","inLanguage":"sr-RS","@id":"https:\/\/www.british-int-school.org.uk\/sr\/izleti-i-ekskurzije\/#primaryimage","url":"https:\/\/www.british-int-school.org.uk\/wp-content\/uploads\/2022\/04\/bis-outdoor-activities.jpg","contentUrl":"https:\/\/www.british-int-school.org.uk\/wp-content\/uploads\/2022\/04\/bis-outdoor-activities.jpg","width":1920,"height":700,"caption":"BIS - bis-outdoor-activities"},{"@type":"BreadcrumbList","@id":"https:\/\/www.british-int-school.org.uk\/sr\/izleti-i-ekskurzije\/#breadcrumb","itemListElement":[{"@type":"ListItem","position":1,"name":"Home","item":"https:\/\/www.british-int-school.org.uk\/sr\/"},{"@type":"ListItem","position":2,"name":"Izleti i ekskurzije"}]},{"@type":"WebSite","@id":"https:\/\/www.british-int-school.org.uk\/#website","url":"https:\/\/www.british-int-school.org.uk\/","name":"British International School","description":"","publisher":{"@id":"https:\/\/www.british-int-school.org.uk\/#organization"},"potentialAction":[{"@type":"SearchAction","target":{"@type":"EntryPoint","urlTemplate":"https:\/\/www.british-int-school.org.uk\/?s={search_term_string}"},"query-input":{"@type":"PropertyValueSpecification","valueRequired":true,"valueName":"search_term_string"}}],"inLanguage":"sr-RS"},{"@type":"Organization","@id":"https:\/\/www.british-int-school.org.uk\/#organization","name":"British International School","url":"https:\/\/www.british-int-school.org.uk\/","logo":{"@type":"ImageObject","inLanguage":"sr-RS","@id":"https:\/\/www.british-int-school.org.uk\/#\/schema\/logo\/image\/","url":"https:\/\/www.british-int-school.org.uk\/wp-content\/uploads\/2017\/09\/Logo-BIS-150.jpg","contentUrl":"https:\/\/www.british-int-school.org.uk\/wp-content\/uploads\/2017\/09\/Logo-BIS-150.jpg","width":150,"height":150,"caption":"British International School"},"image":{"@id":"https:\/\/www.british-int-school.org.uk\/#\/schema\/logo\/image\/"}}]}},"_links":{"self":[{"href":"https:\/\/www.british-int-school.org.uk\/sr\/wp-json\/wp\/v2\/pages\/10557","targetHints":{"allow":["GET"]}}],"collection":[{"href":"https:\/\/www.british-int-school.org.uk\/sr\/wp-json\/wp\/v2\/pages"}],"about":[{"href":"https:\/\/www.british-int-school.org.uk\/sr\/wp-json\/wp\/v2\/types\/page"}],"author":[{"embeddable":true,"href":"https:\/\/www.british-int-school.org.uk\/sr\/wp-json\/wp\/v2\/users\/11"}],"replies":[{"embeddable":true,"href":"https:\/\/www.british-int-school.org.uk\/sr\/wp-json\/wp\/v2\/comments?post=10557"}],"version-history":[{"count":0,"href":"https:\/\/www.british-int-school.org.uk\/sr\/wp-json\/wp\/v2\/pages\/10557\/revisions"}],"wp:featuredmedia":[{"embeddable":true,"href":"https:\/\/www.british-int-school.org.uk\/sr\/wp-json\/wp\/v2\/media\/10443"}],"wp:attachment":[{"href":"https:\/\/www.british-int-school.org.uk\/sr\/wp-json\/wp\/v2\/media?parent=10557"}],"curies":[{"name":"wp","href":"https:\/\/api.w.org\/{rel}","templated":true}]}}