{"id":10563,"date":"2022-05-31T22:51:12","date_gmt":"2022-05-31T21:51:12","guid":{"rendered":"https:\/\/6s.rs\/bis\/?page_id=10563"},"modified":"2022-06-01T01:04:48","modified_gmt":"2022-06-01T00:04:48","slug":"medunarodna-nagrada-vojvode-od-edinburga","status":"publish","type":"page","link":"https:\/\/www.british-int-school.org.uk\/sr\/medunarodna-nagrada-vojvode-od-edinburga\/","title":{"rendered":"Me\u0111unarodna nagrada Vojvode od Edinburga"},"content":{"rendered":"<p>Me\u0111unarodna nagrada Vojvode od Edinburga (<a href=\"https:\/\/www.intaward.org\/\">The Duke of Edinburgh\u2019s International Award<\/a>) je zanimljiv program samorazvoja, dostupan svim mladim ljudima od \u010detrnaeste do dvadeset pete godine. Zami\u0161ljena je kao jedan od individualnih izazova sa ciljem da podstakne mlade ljude da se razviju u odgovorne, aktivne gra\u0111ane koji \u0107e dati svoj pozitivan doprinos dru\u0161tvu. Ta nagrada predstavlja uravnote\u017een, nekonkurentan i prijatan program dobrovoljnih aktivnosti koji podsti\u010de otkrivanje i razvoj li\u010dnosti, samopouzdanje istrajnost, odgovornost i slu\u017eenje zajednici.<\/p>\n<p><a href=\"https:\/\/www.intaward.org\/\">Ova nagrada<\/a> uklju\u010duje \u010detiri studijske oblasti: usluge, avanturisti\u010dko putovanje, ve\u0161tine i fizi\u010dku rekreaciju na tri razli\u010dita nivoa, na bronzanom, srebrnom i zlatnom. BIS nagra\u0111uje sve nivoe, pod nadzorom Me\u0111unarodnog sekretarijata u Londonu (engl. <em>International Secretariat in London<\/em>). U\u010denici se ohrabruju da se kandiduju na svim nivoima ove nagrade. <\/p>\n<p class=\"tc\"><a href=\"https:\/\/www.intaward.org\/\" target=\"_blank\" rel=\"noopener\"><img loading=\"lazy\" decoding=\"async\" class=\"alignnone size-medium wp-image-4298\" src=\"https:\/\/www.british-int-school.org.uk\/wp-content\/uploads\/2019\/03\/bw-logo@2x-300x84.png\" alt=\"Me\u0111unarodna nagrada Vojvode od Edinburga \" width=\"300\" height=\"84\" srcset=\"https:\/\/www.british-int-school.org.uk\/wp-content\/uploads\/2019\/03\/bw-logo@2x-300x84.png 300w, https:\/\/www.british-int-school.org.uk\/wp-content\/uploads\/2019\/03\/bw-logo@2x.png 572w\" sizes=\"auto, (max-width: 300px) 100vw, 300px\" \/><\/a><\/p>\n<p>British International School je deo <a href=\"https:\/\/idea.org.uk\/\" target=\"_blank\" rel=\"noopener\">Inspiring Digital Enterprise Award (iDEA)<\/a>. Cilj nagrade je da inspiri\u0161e u\u010denike i odrasle da razviju digitalne ve\u0161tine i preduzetni\u0161tvo i kako da lako do\u0111u do posla.<\/p>\n<p>iDEA te\u017ei da bude digitalni i poslovni ekvivalent me\u0111unarodne nagrade Vojvode od Edinburga.<\/p>\n<p class=\"tc\"><a href=\"https:\/\/idea.org.uk\/\" target=\"_blank\" rel=\"noopener\" class=\"tc\"><img loading=\"lazy\" decoding=\"async\" class=\"size-full wp-image-4774\" src=\"https:\/\/www.british-int-school.org.uk\/wp-content\/uploads\/2019\/04\/Pioneer-onWhite-logo.jpg\" alt=\"BIS - Pioneer-onWhite-logo\" width=\"400\" height=\"121\" srcset=\"https:\/\/www.british-int-school.org.uk\/wp-content\/uploads\/2019\/04\/Pioneer-onWhite-logo.jpg 500w, https:\/\/www.british-int-school.org.uk\/wp-content\/uploads\/2019\/04\/Pioneer-onWhite-logo-300x91.jpg 300w\" sizes=\"auto, (max-width: 400px) 100vw, 400px\" \/><\/a><\/p>\n","protected":false},"excerpt":{"rendered":"<p>Me\u0111unarodna nagrada Vojvode od Edinburga (The Duke of Edinburgh\u2019s International Award) je zanimljiv program samorazvoja, dostupan svim mladim ljudima od [&hellip;]<\/p>\n","protected":false},"author":11,"featured_media":10455,"parent":0,"menu_order":0,"comment_status":"closed","ping_status":"closed","template":"","meta":{"footnotes":""},"class_list":["post-10563","page","type-page","status-publish","has-post-thumbnail","hentry"],"yoast_head":"<!-- This site is optimized with the Yoast SEO plugin v27.4 - https:\/\/yoast.com\/product\/yoast-seo-wordpress\/ -->\n<title>Me\u0111unarodna nagrada Vojvode od Edinburga | British International School<\/title>\n<meta name=\"robots\" content=\"index, follow, max-snippet:-1, max-image-preview:large, max-video-preview:-1\" \/>\n<link rel=\"canonical\" href=\"https:\/\/www.british-int-school.org.uk\/sr\/medunarodna-nagrada-vojvode-od-edinburga\/\" \/>\n<meta property=\"og:locale\" content=\"sr_RS\" \/>\n<meta property=\"og:type\" content=\"article\" \/>\n<meta property=\"og:title\" content=\"Me\u0111unarodna nagrada Vojvode od Edinburga | British International School\" \/>\n<meta property=\"og:description\" content=\"Me\u0111unarodna nagrada Vojvode od Edinburga (The Duke of Edinburgh\u2019s International Award) je zanimljiv program samorazvoja, dostupan svim mladim ljudima od [&hellip;]\" \/>\n<meta property=\"og:url\" content=\"https:\/\/www.british-int-school.org.uk\/sr\/medunarodna-nagrada-vojvode-od-edinburga\/\" \/>\n<meta property=\"og:site_name\" content=\"British International School\" \/>\n<meta property=\"article:modified_time\" content=\"2022-06-01T00:04:48+00:00\" \/>\n<meta property=\"og:image\" content=\"https:\/\/www.british-int-school.org.uk\/wp-content\/uploads\/2022\/04\/bis-awards.jpg\" \/>\n\t<meta property=\"og:image:width\" content=\"1920\" \/>\n\t<meta property=\"og:image:height\" content=\"700\" \/>\n\t<meta property=\"og:image:type\" content=\"image\/jpeg\" \/>\n<meta name=\"twitter:card\" content=\"summary_large_image\" \/>\n<meta name=\"twitter:label1\" content=\"Procenjeno vreme \u010ditanja\" \/>\n\t<meta name=\"twitter:data1\" content=\"1 minut\" \/>\n<script type=\"application\/ld+json\" class=\"yoast-schema-graph\">{\"@context\":\"https:\\\/\\\/schema.org\",\"@graph\":[{\"@type\":\"WebPage\",\"@id\":\"https:\\\/\\\/www.british-int-school.org.uk\\\/sr\\\/medunarodna-nagrada-vojvode-od-edinburga\\\/\",\"url\":\"https:\\\/\\\/www.british-int-school.org.uk\\\/sr\\\/medunarodna-nagrada-vojvode-od-edinburga\\\/\",\"name\":\"Me\u0111unarodna nagrada Vojvode od Edinburga | British International School\",\"isPartOf\":{\"@id\":\"https:\\\/\\\/www.british-int-school.org.uk\\\/#website\"},\"primaryImageOfPage\":{\"@id\":\"https:\\\/\\\/www.british-int-school.org.uk\\\/sr\\\/medunarodna-nagrada-vojvode-od-edinburga\\\/#primaryimage\"},\"image\":{\"@id\":\"https:\\\/\\\/www.british-int-school.org.uk\\\/sr\\\/medunarodna-nagrada-vojvode-od-edinburga\\\/#primaryimage\"},\"thumbnailUrl\":\"https:\\\/\\\/www.british-int-school.org.uk\\\/wp-content\\\/uploads\\\/2022\\\/04\\\/bis-awards.jpg\",\"datePublished\":\"2022-05-31T21:51:12+00:00\",\"dateModified\":\"2022-06-01T00:04:48+00:00\",\"breadcrumb\":{\"@id\":\"https:\\\/\\\/www.british-int-school.org.uk\\\/sr\\\/medunarodna-nagrada-vojvode-od-edinburga\\\/#breadcrumb\"},\"inLanguage\":\"sr-RS\",\"potentialAction\":[{\"@type\":\"ReadAction\",\"target\":[\"https:\\\/\\\/www.british-int-school.org.uk\\\/sr\\\/medunarodna-nagrada-vojvode-od-edinburga\\\/\"]}]},{\"@type\":\"ImageObject\",\"inLanguage\":\"sr-RS\",\"@id\":\"https:\\\/\\\/www.british-int-school.org.uk\\\/sr\\\/medunarodna-nagrada-vojvode-od-edinburga\\\/#primaryimage\",\"url\":\"https:\\\/\\\/www.british-int-school.org.uk\\\/wp-content\\\/uploads\\\/2022\\\/04\\\/bis-awards.jpg\",\"contentUrl\":\"https:\\\/\\\/www.british-int-school.org.uk\\\/wp-content\\\/uploads\\\/2022\\\/04\\\/bis-awards.jpg\",\"width\":1920,\"height\":700,\"caption\":\"BIS - bis-awards\"},{\"@type\":\"BreadcrumbList\",\"@id\":\"https:\\\/\\\/www.british-int-school.org.uk\\\/sr\\\/medunarodna-nagrada-vojvode-od-edinburga\\\/#breadcrumb\",\"itemListElement\":[{\"@type\":\"ListItem\",\"position\":1,\"name\":\"Home\",\"item\":\"https:\\\/\\\/www.british-int-school.org.uk\\\/sr\\\/\"},{\"@type\":\"ListItem\",\"position\":2,\"name\":\"Me\u0111unarodna nagrada Vojvode od Edinburga\"}]},{\"@type\":\"WebSite\",\"@id\":\"https:\\\/\\\/www.british-int-school.org.uk\\\/#website\",\"url\":\"https:\\\/\\\/www.british-int-school.org.uk\\\/\",\"name\":\"British International School\",\"description\":\"\",\"publisher\":{\"@id\":\"https:\\\/\\\/www.british-int-school.org.uk\\\/#organization\"},\"potentialAction\":[{\"@type\":\"SearchAction\",\"target\":{\"@type\":\"EntryPoint\",\"urlTemplate\":\"https:\\\/\\\/www.british-int-school.org.uk\\\/?s={search_term_string}\"},\"query-input\":{\"@type\":\"PropertyValueSpecification\",\"valueRequired\":true,\"valueName\":\"search_term_string\"}}],\"inLanguage\":\"sr-RS\"},{\"@type\":\"Organization\",\"@id\":\"https:\\\/\\\/www.british-int-school.org.uk\\\/#organization\",\"name\":\"British International School\",\"url\":\"https:\\\/\\\/www.british-int-school.org.uk\\\/\",\"logo\":{\"@type\":\"ImageObject\",\"inLanguage\":\"sr-RS\",\"@id\":\"https:\\\/\\\/www.british-int-school.org.uk\\\/#\\\/schema\\\/logo\\\/image\\\/\",\"url\":\"https:\\\/\\\/www.british-int-school.org.uk\\\/wp-content\\\/uploads\\\/2017\\\/09\\\/Logo-BIS-150.jpg\",\"contentUrl\":\"https:\\\/\\\/www.british-int-school.org.uk\\\/wp-content\\\/uploads\\\/2017\\\/09\\\/Logo-BIS-150.jpg\",\"width\":150,\"height\":150,\"caption\":\"British International School\"},\"image\":{\"@id\":\"https:\\\/\\\/www.british-int-school.org.uk\\\/#\\\/schema\\\/logo\\\/image\\\/\"}}]}<\/script>\n<!-- \/ Yoast SEO plugin. -->","yoast_head_json":{"title":"Me\u0111unarodna nagrada Vojvode od Edinburga | British International School","robots":{"index":"index","follow":"follow","max-snippet":"max-snippet:-1","max-image-preview":"max-image-preview:large","max-video-preview":"max-video-preview:-1"},"canonical":"https:\/\/www.british-int-school.org.uk\/sr\/medunarodna-nagrada-vojvode-od-edinburga\/","og_locale":"sr_RS","og_type":"article","og_title":"Me\u0111unarodna nagrada Vojvode od Edinburga | British International School","og_description":"Me\u0111unarodna nagrada Vojvode od Edinburga (The Duke of Edinburgh\u2019s International Award) je zanimljiv program samorazvoja, dostupan svim mladim ljudima od [&hellip;]","og_url":"https:\/\/www.british-int-school.org.uk\/sr\/medunarodna-nagrada-vojvode-od-edinburga\/","og_site_name":"British International School","article_modified_time":"2022-06-01T00:04:48+00:00","og_image":[{"width":1920,"height":700,"url":"https:\/\/www.british-int-school.org.uk\/wp-content\/uploads\/2022\/04\/bis-awards.jpg","type":"image\/jpeg"}],"twitter_card":"summary_large_image","twitter_misc":{"Procenjeno vreme \u010ditanja":"1 minut"},"schema":{"@context":"https:\/\/schema.org","@graph":[{"@type":"WebPage","@id":"https:\/\/www.british-int-school.org.uk\/sr\/medunarodna-nagrada-vojvode-od-edinburga\/","url":"https:\/\/www.british-int-school.org.uk\/sr\/medunarodna-nagrada-vojvode-od-edinburga\/","name":"Me\u0111unarodna nagrada Vojvode od Edinburga | British International School","isPartOf":{"@id":"https:\/\/www.british-int-school.org.uk\/#website"},"primaryImageOfPage":{"@id":"https:\/\/www.british-int-school.org.uk\/sr\/medunarodna-nagrada-vojvode-od-edinburga\/#primaryimage"},"image":{"@id":"https:\/\/www.british-int-school.org.uk\/sr\/medunarodna-nagrada-vojvode-od-edinburga\/#primaryimage"},"thumbnailUrl":"https:\/\/www.british-int-school.org.uk\/wp-content\/uploads\/2022\/04\/bis-awards.jpg","datePublished":"2022-05-31T21:51:12+00:00","dateModified":"2022-06-01T00:04:48+00:00","breadcrumb":{"@id":"https:\/\/www.british-int-school.org.uk\/sr\/medunarodna-nagrada-vojvode-od-edinburga\/#breadcrumb"},"inLanguage":"sr-RS","potentialAction":[{"@type":"ReadAction","target":["https:\/\/www.british-int-school.org.uk\/sr\/medunarodna-nagrada-vojvode-od-edinburga\/"]}]},{"@type":"ImageObject","inLanguage":"sr-RS","@id":"https:\/\/www.british-int-school.org.uk\/sr\/medunarodna-nagrada-vojvode-od-edinburga\/#primaryimage","url":"https:\/\/www.british-int-school.org.uk\/wp-content\/uploads\/2022\/04\/bis-awards.jpg","contentUrl":"https:\/\/www.british-int-school.org.uk\/wp-content\/uploads\/2022\/04\/bis-awards.jpg","width":1920,"height":700,"caption":"BIS - bis-awards"},{"@type":"BreadcrumbList","@id":"https:\/\/www.british-int-school.org.uk\/sr\/medunarodna-nagrada-vojvode-od-edinburga\/#breadcrumb","itemListElement":[{"@type":"ListItem","position":1,"name":"Home","item":"https:\/\/www.british-int-school.org.uk\/sr\/"},{"@type":"ListItem","position":2,"name":"Me\u0111unarodna nagrada Vojvode od Edinburga"}]},{"@type":"WebSite","@id":"https:\/\/www.british-int-school.org.uk\/#website","url":"https:\/\/www.british-int-school.org.uk\/","name":"British International School","description":"","publisher":{"@id":"https:\/\/www.british-int-school.org.uk\/#organization"},"potentialAction":[{"@type":"SearchAction","target":{"@type":"EntryPoint","urlTemplate":"https:\/\/www.british-int-school.org.uk\/?s={search_term_string}"},"query-input":{"@type":"PropertyValueSpecification","valueRequired":true,"valueName":"search_term_string"}}],"inLanguage":"sr-RS"},{"@type":"Organization","@id":"https:\/\/www.british-int-school.org.uk\/#organization","name":"British International School","url":"https:\/\/www.british-int-school.org.uk\/","logo":{"@type":"ImageObject","inLanguage":"sr-RS","@id":"https:\/\/www.british-int-school.org.uk\/#\/schema\/logo\/image\/","url":"https:\/\/www.british-int-school.org.uk\/wp-content\/uploads\/2017\/09\/Logo-BIS-150.jpg","contentUrl":"https:\/\/www.british-int-school.org.uk\/wp-content\/uploads\/2017\/09\/Logo-BIS-150.jpg","width":150,"height":150,"caption":"British International School"},"image":{"@id":"https:\/\/www.british-int-school.org.uk\/#\/schema\/logo\/image\/"}}]}},"_links":{"self":[{"href":"https:\/\/www.british-int-school.org.uk\/sr\/wp-json\/wp\/v2\/pages\/10563","targetHints":{"allow":["GET"]}}],"collection":[{"href":"https:\/\/www.british-int-school.org.uk\/sr\/wp-json\/wp\/v2\/pages"}],"about":[{"href":"https:\/\/www.british-int-school.org.uk\/sr\/wp-json\/wp\/v2\/types\/page"}],"author":[{"embeddable":true,"href":"https:\/\/www.british-int-school.org.uk\/sr\/wp-json\/wp\/v2\/users\/11"}],"replies":[{"embeddable":true,"href":"https:\/\/www.british-int-school.org.uk\/sr\/wp-json\/wp\/v2\/comments?post=10563"}],"version-history":[{"count":0,"href":"https:\/\/www.british-int-school.org.uk\/sr\/wp-json\/wp\/v2\/pages\/10563\/revisions"}],"wp:featuredmedia":[{"embeddable":true,"href":"https:\/\/www.british-int-school.org.uk\/sr\/wp-json\/wp\/v2\/media\/10455"}],"wp:attachment":[{"href":"https:\/\/www.british-int-school.org.uk\/sr\/wp-json\/wp\/v2\/media?parent=10563"}],"curies":[{"name":"wp","href":"https:\/\/api.w.org\/{rel}","templated":true}]}}