{"id":10587,"date":"2022-05-31T23:03:53","date_gmt":"2022-05-31T22:03:53","guid":{"rendered":"https:\/\/6s.rs\/bis\/?page_id=10587"},"modified":"2022-08-10T14:34:39","modified_gmt":"2022-08-10T13:34:39","slug":"oprema","status":"publish","type":"page","link":"https:\/\/www.british-int-school.org.uk\/sr\/oprema\/","title":{"rendered":"Oprema"},"content":{"rendered":"<p>British International School nastoji da u svakom trenutku u\u010denicima omogu\u0107i najsavremeniju opremu. Svaka u\u010dionica ima interaktivnu tablu. Pored ra\u010dunarskog kompleta sa ra\u010dunarima namenjenim u\u010denicima u svakom kampusu, u\u010denicima Primary School dostupni su i laptop ra\u010dunari za upotrebu na \u010dasovima. Te ra\u010dunare koriste u\u010denici u svim razredima, imaju\u0107i u vidu zna\u010daj informacionih tehnologija u dana\u0161nje vreme.<\/p>\n<p>Svi na\u0161i kampusi imaju prostrana igrali\u0161ta, koja omoguc\u0301avaju mnoge aktivnosti na otvorenom kao \u0161to su fudbal, ko\u0161arka i drugi timski sportovi. Na igrali\u0161tima se nalaze penjalice, ljulja\u0161ke, klackalice, nadstre\u0161nice i klupe za odmor I dru\u0161tvene aktivnosti. Na\u0161i u\u010denici u\u017eivaju u \u010dasovima \u010dasovima fizi\u010dkog i svim aktivnostima untra i na otvorenom. Na\u0161a sportska sala koristi se za \u010dasove fizi\u010dkog vaspitanja, te za odr\u017eavanje \u0161kolskih takmi\u010denja u ko\u0161arci. Igrali\u0161ta i oprema prilago\u0111eni su uzrastu u\u010denika u svakom kampusu.<\/p>\n<div id=\"jig1\" class=\"justified-image-grid jig-ff063483c9982c2425e78e71ad5ed1a3 jig-preset-global\"><div class=\"jig-clearfix\"><\/div><noscript id=\"jig1-html\" class=\"justified-image-grid-html\" data-lazy-src=\"skiplazyload\" data-src=\"skipunveillazyload\"><ul><li><a href=\"https:\/\/www.british-int-school.org.uk\/wp-content\/uploads\/2019\/02\/5_Ilicic_comp.jpg\" title=\"5_Ilicic_comp\"><img loading=\"lazy\" decoding=\"async\" src=\"https:\/\/www.british-int-school.org.uk\/wp-content\/plugins\/justified-image-grid\/timthumb.php?src=https%3A%2F%2Fwww.british-int-school.org.uk%2Fwp-content%2Fuploads%2F2019%2F02%2F5_Ilicic_comp.jpg&amp;h=300&amp;q=90&amp;f=.jpg\" alt=\"5_Ilicic_comp\" width=\"400\" height=\"300\" \/><\/a><p class=\"jig-HTMLdescription\">5_Ilicic_comp<\/p><\/li><li><a href=\"https:\/\/www.british-int-school.org.uk\/wp-content\/uploads\/2019\/03\/2wwz_9lc-1024x683.jpeg\"><img loading=\"lazy\" decoding=\"async\" src=\"https:\/\/www.british-int-school.org.uk\/wp-content\/plugins\/justified-image-grid\/timthumb.php?src=https%3A%2F%2Fwww.british-int-school.org.uk%2Fwp-content%2Fuploads%2F2019%2F03%2F2wwz_9lc-1024x683.jpeg&amp;h=300&amp;q=90&amp;f=.jpeg\" alt=\"\" width=\"449\" height=\"300\" \/><\/a><\/li><li><a href=\"https:\/\/www.british-int-school.org.uk\/wp-content\/uploads\/2019\/03\/Infant-SSchool-animacija-.png\"><img loading=\"lazy\" decoding=\"async\" src=\"https:\/\/www.british-int-school.org.uk\/wp-content\/plugins\/justified-image-grid\/timthumb.php?src=https%3A%2F%2Fwww.british-int-school.org.uk%2Fwp-content%2Fuploads%2F2019%2F03%2FInfant-SSchool-animacija-.png&amp;h=300&amp;q=90&amp;f=.png\" alt=\"\" width=\"200\" height=\"300\" \/><\/a><\/li><li><a href=\"https:\/\/www.british-int-school.org.uk\/wp-content\/uploads\/2020\/08\/classroom2-1024x668.jpg\"><img loading=\"lazy\" decoding=\"async\" src=\"https:\/\/www.british-int-school.org.uk\/wp-content\/plugins\/justified-image-grid\/timthumb.php?src=https%3A%2F%2Fwww.british-int-school.org.uk%2Fwp-content%2Fuploads%2F2020%2F08%2Fclassroom2-1024x668.jpg&amp;h=300&amp;q=90&amp;f=.jpg\" alt=\"\" width=\"459\" height=\"300\" \/><\/a><\/li><li><a href=\"https:\/\/www.british-int-school.org.uk\/wp-content\/uploads\/2020\/11\/15_HW-8208.jpg\"><img loading=\"lazy\" decoding=\"async\" src=\"https:\/\/www.british-int-school.org.uk\/wp-content\/plugins\/justified-image-grid\/timthumb.php?src=https%3A%2F%2Fwww.british-int-school.org.uk%2Fwp-content%2Fuploads%2F2020%2F11%2F15_HW-8208.jpg&amp;h=300&amp;q=90&amp;f=.jpg\" alt=\"\" width=\"450\" height=\"300\" \/><\/a><\/li><li><a href=\"https:\/\/www.british-int-school.org.uk\/wp-content\/uploads\/2022\/08\/gym-1024x682-1.jpg\"><img loading=\"lazy\" decoding=\"async\" src=\"https:\/\/www.british-int-school.org.uk\/wp-content\/plugins\/justified-image-grid\/timthumb.php?src=https%3A%2F%2Fwww.british-int-school.org.uk%2Fwp-content%2Fuploads%2F2022%2F08%2Fgym-1024x682-1.jpg&amp;h=300&amp;q=90&amp;f=.jpg\" alt=\"\" width=\"450\" height=\"300\" \/><\/a><\/li><\/ul><\/noscript><\/div>\n","protected":false},"excerpt":{"rendered":"<p>British International School nastoji da u svakom trenutku u\u010denicima omogu\u0107i najsavremeniju opremu. Svaka u\u010dionica ima interaktivnu tablu. Pored ra\u010dunarskog kompleta [&hellip;]<\/p>\n","protected":false},"author":11,"featured_media":10447,"parent":0,"menu_order":0,"comment_status":"closed","ping_status":"closed","template":"","meta":{"footnotes":""},"class_list":["post-10587","page","type-page","status-publish","has-post-thumbnail","hentry"],"yoast_head":"<!-- This site is optimized with the Yoast SEO plugin v27.4 - https:\/\/yoast.com\/product\/yoast-seo-wordpress\/ -->\n<title>Oprema | British International School<\/title>\n<meta name=\"robots\" content=\"index, follow, max-snippet:-1, max-image-preview:large, max-video-preview:-1\" \/>\n<link rel=\"canonical\" href=\"https:\/\/www.british-int-school.org.uk\/sr\/oprema\/\" \/>\n<meta property=\"og:locale\" content=\"sr_RS\" \/>\n<meta property=\"og:type\" content=\"article\" \/>\n<meta property=\"og:title\" content=\"Oprema | British International School\" \/>\n<meta property=\"og:description\" content=\"British International School nastoji da u svakom trenutku u\u010denicima omogu\u0107i najsavremeniju opremu. Svaka u\u010dionica ima interaktivnu tablu. Pored ra\u010dunarskog kompleta [&hellip;]\" \/>\n<meta property=\"og:url\" content=\"https:\/\/www.british-int-school.org.uk\/sr\/oprema\/\" \/>\n<meta property=\"og:site_name\" content=\"British International School\" \/>\n<meta property=\"article:modified_time\" content=\"2022-08-10T13:34:39+00:00\" \/>\n<meta property=\"og:image\" content=\"https:\/\/www.british-int-school.org.uk\/wp-content\/uploads\/2022\/04\/bis-equipment.jpg\" \/>\n\t<meta property=\"og:image:width\" content=\"1920\" \/>\n\t<meta property=\"og:image:height\" content=\"700\" \/>\n\t<meta property=\"og:image:type\" content=\"image\/jpeg\" \/>\n<meta name=\"twitter:card\" content=\"summary_large_image\" \/>\n<meta name=\"twitter:label1\" content=\"Procenjeno vreme \u010ditanja\" \/>\n\t<meta name=\"twitter:data1\" content=\"1 minut\" \/>\n<script type=\"application\/ld+json\" class=\"yoast-schema-graph\">{\"@context\":\"https:\\\/\\\/schema.org\",\"@graph\":[{\"@type\":\"WebPage\",\"@id\":\"https:\\\/\\\/www.british-int-school.org.uk\\\/sr\\\/oprema\\\/\",\"url\":\"https:\\\/\\\/www.british-int-school.org.uk\\\/sr\\\/oprema\\\/\",\"name\":\"Oprema | British International School\",\"isPartOf\":{\"@id\":\"https:\\\/\\\/www.british-int-school.org.uk\\\/#website\"},\"primaryImageOfPage\":{\"@id\":\"https:\\\/\\\/www.british-int-school.org.uk\\\/sr\\\/oprema\\\/#primaryimage\"},\"image\":{\"@id\":\"https:\\\/\\\/www.british-int-school.org.uk\\\/sr\\\/oprema\\\/#primaryimage\"},\"thumbnailUrl\":\"https:\\\/\\\/www.british-int-school.org.uk\\\/wp-content\\\/uploads\\\/2022\\\/04\\\/bis-equipment.jpg\",\"datePublished\":\"2022-05-31T22:03:53+00:00\",\"dateModified\":\"2022-08-10T13:34:39+00:00\",\"breadcrumb\":{\"@id\":\"https:\\\/\\\/www.british-int-school.org.uk\\\/sr\\\/oprema\\\/#breadcrumb\"},\"inLanguage\":\"sr-RS\",\"potentialAction\":[{\"@type\":\"ReadAction\",\"target\":[\"https:\\\/\\\/www.british-int-school.org.uk\\\/sr\\\/oprema\\\/\"]}]},{\"@type\":\"ImageObject\",\"inLanguage\":\"sr-RS\",\"@id\":\"https:\\\/\\\/www.british-int-school.org.uk\\\/sr\\\/oprema\\\/#primaryimage\",\"url\":\"https:\\\/\\\/www.british-int-school.org.uk\\\/wp-content\\\/uploads\\\/2022\\\/04\\\/bis-equipment.jpg\",\"contentUrl\":\"https:\\\/\\\/www.british-int-school.org.uk\\\/wp-content\\\/uploads\\\/2022\\\/04\\\/bis-equipment.jpg\",\"width\":1920,\"height\":700,\"caption\":\"BIS - bis-equipment\"},{\"@type\":\"BreadcrumbList\",\"@id\":\"https:\\\/\\\/www.british-int-school.org.uk\\\/sr\\\/oprema\\\/#breadcrumb\",\"itemListElement\":[{\"@type\":\"ListItem\",\"position\":1,\"name\":\"Home\",\"item\":\"https:\\\/\\\/www.british-int-school.org.uk\\\/sr\\\/\"},{\"@type\":\"ListItem\",\"position\":2,\"name\":\"Oprema\"}]},{\"@type\":\"WebSite\",\"@id\":\"https:\\\/\\\/www.british-int-school.org.uk\\\/#website\",\"url\":\"https:\\\/\\\/www.british-int-school.org.uk\\\/\",\"name\":\"British International School\",\"description\":\"\",\"publisher\":{\"@id\":\"https:\\\/\\\/www.british-int-school.org.uk\\\/#organization\"},\"potentialAction\":[{\"@type\":\"SearchAction\",\"target\":{\"@type\":\"EntryPoint\",\"urlTemplate\":\"https:\\\/\\\/www.british-int-school.org.uk\\\/?s={search_term_string}\"},\"query-input\":{\"@type\":\"PropertyValueSpecification\",\"valueRequired\":true,\"valueName\":\"search_term_string\"}}],\"inLanguage\":\"sr-RS\"},{\"@type\":\"Organization\",\"@id\":\"https:\\\/\\\/www.british-int-school.org.uk\\\/#organization\",\"name\":\"British International School\",\"url\":\"https:\\\/\\\/www.british-int-school.org.uk\\\/\",\"logo\":{\"@type\":\"ImageObject\",\"inLanguage\":\"sr-RS\",\"@id\":\"https:\\\/\\\/www.british-int-school.org.uk\\\/#\\\/schema\\\/logo\\\/image\\\/\",\"url\":\"https:\\\/\\\/www.british-int-school.org.uk\\\/wp-content\\\/uploads\\\/2017\\\/09\\\/Logo-BIS-150.jpg\",\"contentUrl\":\"https:\\\/\\\/www.british-int-school.org.uk\\\/wp-content\\\/uploads\\\/2017\\\/09\\\/Logo-BIS-150.jpg\",\"width\":150,\"height\":150,\"caption\":\"British International School\"},\"image\":{\"@id\":\"https:\\\/\\\/www.british-int-school.org.uk\\\/#\\\/schema\\\/logo\\\/image\\\/\"}}]}<\/script>\n<!-- \/ Yoast SEO plugin. -->","yoast_head_json":{"title":"Oprema | British International School","robots":{"index":"index","follow":"follow","max-snippet":"max-snippet:-1","max-image-preview":"max-image-preview:large","max-video-preview":"max-video-preview:-1"},"canonical":"https:\/\/www.british-int-school.org.uk\/sr\/oprema\/","og_locale":"sr_RS","og_type":"article","og_title":"Oprema | British International School","og_description":"British International School nastoji da u svakom trenutku u\u010denicima omogu\u0107i najsavremeniju opremu. Svaka u\u010dionica ima interaktivnu tablu. Pored ra\u010dunarskog kompleta [&hellip;]","og_url":"https:\/\/www.british-int-school.org.uk\/sr\/oprema\/","og_site_name":"British International School","article_modified_time":"2022-08-10T13:34:39+00:00","og_image":[{"width":1920,"height":700,"url":"https:\/\/www.british-int-school.org.uk\/wp-content\/uploads\/2022\/04\/bis-equipment.jpg","type":"image\/jpeg"}],"twitter_card":"summary_large_image","twitter_misc":{"Procenjeno vreme \u010ditanja":"1 minut"},"schema":{"@context":"https:\/\/schema.org","@graph":[{"@type":"WebPage","@id":"https:\/\/www.british-int-school.org.uk\/sr\/oprema\/","url":"https:\/\/www.british-int-school.org.uk\/sr\/oprema\/","name":"Oprema | British International School","isPartOf":{"@id":"https:\/\/www.british-int-school.org.uk\/#website"},"primaryImageOfPage":{"@id":"https:\/\/www.british-int-school.org.uk\/sr\/oprema\/#primaryimage"},"image":{"@id":"https:\/\/www.british-int-school.org.uk\/sr\/oprema\/#primaryimage"},"thumbnailUrl":"https:\/\/www.british-int-school.org.uk\/wp-content\/uploads\/2022\/04\/bis-equipment.jpg","datePublished":"2022-05-31T22:03:53+00:00","dateModified":"2022-08-10T13:34:39+00:00","breadcrumb":{"@id":"https:\/\/www.british-int-school.org.uk\/sr\/oprema\/#breadcrumb"},"inLanguage":"sr-RS","potentialAction":[{"@type":"ReadAction","target":["https:\/\/www.british-int-school.org.uk\/sr\/oprema\/"]}]},{"@type":"ImageObject","inLanguage":"sr-RS","@id":"https:\/\/www.british-int-school.org.uk\/sr\/oprema\/#primaryimage","url":"https:\/\/www.british-int-school.org.uk\/wp-content\/uploads\/2022\/04\/bis-equipment.jpg","contentUrl":"https:\/\/www.british-int-school.org.uk\/wp-content\/uploads\/2022\/04\/bis-equipment.jpg","width":1920,"height":700,"caption":"BIS - bis-equipment"},{"@type":"BreadcrumbList","@id":"https:\/\/www.british-int-school.org.uk\/sr\/oprema\/#breadcrumb","itemListElement":[{"@type":"ListItem","position":1,"name":"Home","item":"https:\/\/www.british-int-school.org.uk\/sr\/"},{"@type":"ListItem","position":2,"name":"Oprema"}]},{"@type":"WebSite","@id":"https:\/\/www.british-int-school.org.uk\/#website","url":"https:\/\/www.british-int-school.org.uk\/","name":"British International School","description":"","publisher":{"@id":"https:\/\/www.british-int-school.org.uk\/#organization"},"potentialAction":[{"@type":"SearchAction","target":{"@type":"EntryPoint","urlTemplate":"https:\/\/www.british-int-school.org.uk\/?s={search_term_string}"},"query-input":{"@type":"PropertyValueSpecification","valueRequired":true,"valueName":"search_term_string"}}],"inLanguage":"sr-RS"},{"@type":"Organization","@id":"https:\/\/www.british-int-school.org.uk\/#organization","name":"British International School","url":"https:\/\/www.british-int-school.org.uk\/","logo":{"@type":"ImageObject","inLanguage":"sr-RS","@id":"https:\/\/www.british-int-school.org.uk\/#\/schema\/logo\/image\/","url":"https:\/\/www.british-int-school.org.uk\/wp-content\/uploads\/2017\/09\/Logo-BIS-150.jpg","contentUrl":"https:\/\/www.british-int-school.org.uk\/wp-content\/uploads\/2017\/09\/Logo-BIS-150.jpg","width":150,"height":150,"caption":"British International School"},"image":{"@id":"https:\/\/www.british-int-school.org.uk\/#\/schema\/logo\/image\/"}}]}},"_links":{"self":[{"href":"https:\/\/www.british-int-school.org.uk\/sr\/wp-json\/wp\/v2\/pages\/10587","targetHints":{"allow":["GET"]}}],"collection":[{"href":"https:\/\/www.british-int-school.org.uk\/sr\/wp-json\/wp\/v2\/pages"}],"about":[{"href":"https:\/\/www.british-int-school.org.uk\/sr\/wp-json\/wp\/v2\/types\/page"}],"author":[{"embeddable":true,"href":"https:\/\/www.british-int-school.org.uk\/sr\/wp-json\/wp\/v2\/users\/11"}],"replies":[{"embeddable":true,"href":"https:\/\/www.british-int-school.org.uk\/sr\/wp-json\/wp\/v2\/comments?post=10587"}],"version-history":[{"count":0,"href":"https:\/\/www.british-int-school.org.uk\/sr\/wp-json\/wp\/v2\/pages\/10587\/revisions"}],"wp:featuredmedia":[{"embeddable":true,"href":"https:\/\/www.british-int-school.org.uk\/sr\/wp-json\/wp\/v2\/media\/10447"}],"wp:attachment":[{"href":"https:\/\/www.british-int-school.org.uk\/sr\/wp-json\/wp\/v2\/media?parent=10587"}],"curies":[{"name":"wp","href":"https:\/\/api.w.org\/{rel}","templated":true}]}}